{"id":11269,"date":"2023-03-29T18:06:46","date_gmt":"2023-03-29T16:06:46","guid":{"rendered":"https:\/\/www.brg9.at\/web\/?page_id=11269"},"modified":"2025-06-15T10:22:38","modified_gmt":"2025-06-15T08:22:38","slug":"ilb","status":"publish","type":"page","link":"https:\/\/www.brg9.at\/web\/?page_id=11269","title":{"rendered":"ILB"},"content":{"rendered":"\n<p><\/p>\n\n\n\n<h2>Individuelle Lernbegleitung (ILB)<\/h2>\n\n\n\n<p>Jede\/r Sch\u00fcler\/in der 6. bis 8. Klasse des BRG 9, die\/der eine Fr\u00fchwarnung bekommt, hat das Recht auf ein individuelles Lerncoaching, was folgendes bedeutet:<\/p>\n\n\n\n<ul><li>Hilfe bei der Planung von Lernsequenzen<\/li><li>Unterst\u00fctzung bei der Entwicklung einer individuellen Lernorganisation und von geeigneten Lernstrategien<\/li><li>Erarbeitung eines individuellen Lernplans<\/li><li>Unterst\u00fctzung bei der Planung von \u00f6konomisch sinnvollen Pr\u00fcfungsterminen<\/li><li>Laufende Beobachtung und Begleitung des Lernprozesses, d.h. Lernfortschrittsgespr\u00e4che<\/li><\/ul>\n\n\n\n<p>Mit diesen Ma\u00dfnahmen ergibt sich auch eine St\u00e4rkung der Eigenmotivation und Lernmotivation und die \u00dcbernahme von Eigenverantwortung f\u00fcr den eigenen Lernprozess. In den meisten F\u00e4llen einer Betreuung kommt es zu einer Verbesserung der gesamten Lernsituation und somit auch zu besseren Schulleistungen.<\/p>\n\n\n\n<p>Was ist zu tun:<\/p>\n\n\n\n<ul><li>Sch\u00fcler\/in nimmt Kontakt mit Lernbegleiter\/in (LB) auf und bekundet im Erstgespr\u00e4ch Interesse.<\/li><li>Gemeinsam werden Termine und ungef\u00e4hre Dauer der Betreuung vereinbart.<\/li><li>Der gesamte ILB-Prozess (abgehaltene Gespr\u00e4che, getroffene Vereinbarungen, Lernerfolge und Datum von Pr\u00fcfungen) muss von Seiten der Betreuung dokumentiert werden.<\/li><\/ul>\n\n\n\n<p>Was ILB <strong>nicht<\/strong> ist: &nbsp;<\/p>\n\n\n\n<ul><li>F\u00f6rderunterricht im betroffenen Gegenstand<\/li><li>Bildungsberatung &nbsp;&nbsp;&nbsp;<\/li><li>schulpsychologische Beratung&nbsp;&nbsp;&nbsp;&nbsp;&nbsp;&nbsp;&nbsp;&nbsp;&nbsp;<\/li><\/ul>\n\n\n\n<p><strong>Unsere ILB-BetreuerInnen sind:<\/strong><br>Veronika Brandl <br>Philipp Drewniak <br>Margit Grabmayr-Sch\u00f6nbauer <br>Sabine Hazod <br>Isabella Kornfeld <br>Cornelia Marker-Luef <br>Nicole Mee\u00dfen <br>Margit Pauker<\/p>\n\n\n\n<figure class=\"wp-block-table\"><table><tbody><tr><td>Zusammengefasst aus: Die neue Oberstufe, Bundesministerium f\u00fcr Bildung, September 2015<\/td><\/tr><\/tbody><\/table><\/figure>\n<div class=\"sharedaddy sd-sharing-enabled\"><div class=\"robots-nocontent sd-block sd-social sd-social-icon-text sd-sharing\"><h3 class=\"sd-title\">Diesen Inhalt teilen:<\/h3><div class=\"sd-content\"><ul><li class=\"share-facebook\"><a rel=\"nofollow noopener noreferrer\" data-shared=\"sharing-facebook-11269\" class=\"share-facebook sd-button share-icon\" href=\"https:\/\/www.brg9.at\/web\/?page_id=11269&amp;share=facebook\" target=\"_blank\" title=\"Klick, um auf Facebook zu teilen\"><span>Facebook<\/span><\/a><\/li><li class=\"share-jetpack-whatsapp\"><a rel=\"nofollow noopener noreferrer\" data-shared=\"\" class=\"share-jetpack-whatsapp sd-button share-icon\" href=\"https:\/\/www.brg9.at\/web\/?page_id=11269&amp;share=jetpack-whatsapp\" target=\"_blank\" title=\"Klicken, um auf WhatsApp zu teilen\"><span>WhatsApp<\/span><\/a><\/li><li class=\"share-print\"><a rel=\"nofollow noopener noreferrer\" data-shared=\"\" class=\"share-print sd-button share-icon\" href=\"https:\/\/www.brg9.at\/web\/?page_id=11269\" target=\"_blank\" title=\"Klicken zum Ausdrucken\"><span>Drucken<\/span><\/a><\/li><li class=\"share-end\"><\/li><\/ul><\/div><\/div><\/div>","protected":false},"excerpt":{"rendered":"<p>Individuelle Lernbegleitung (ILB) Jede\/r Sch\u00fcler\/in der 6. bis 8. Klasse des BRG 9, die\/der eine Fr\u00fchwarnung bekommt, hat das Recht auf ein individuelles Lerncoaching, was folgendes bedeutet: Hilfe bei der Planung von Lernsequenzen Unterst\u00fctzung bei der Entwicklung einer individuellen Lernorganisation und von geeigneten Lernstrategien Erarbeitung eines individuellen Lernplans Unterst\u00fctzung bei der Planung von \u00f6konomisch sinnvollen &hellip; <a href=\"https:\/\/www.brg9.at\/web\/?page_id=11269\" class=\"more-link\"><span class=\"screen-reader-text\">&#8222;ILB&#8220; <\/span>weiterlesen<\/a><\/p>\n<div class=\"sharedaddy sd-sharing-enabled\"><div class=\"robots-nocontent sd-block sd-social sd-social-icon-text sd-sharing\"><h3 class=\"sd-title\">Diesen Inhalt teilen:<\/h3><div class=\"sd-content\"><ul><li class=\"share-facebook\"><a rel=\"nofollow noopener noreferrer\" data-shared=\"sharing-facebook-11269\" class=\"share-facebook sd-button share-icon\" href=\"https:\/\/www.brg9.at\/web\/?page_id=11269&amp;share=facebook\" target=\"_blank\" title=\"Klick, um auf Facebook zu teilen\"><span>Facebook<\/span><\/a><\/li><li class=\"share-jetpack-whatsapp\"><a rel=\"nofollow noopener noreferrer\" data-shared=\"\" class=\"share-jetpack-whatsapp sd-button share-icon\" href=\"https:\/\/www.brg9.at\/web\/?page_id=11269&amp;share=jetpack-whatsapp\" target=\"_blank\" title=\"Klicken, um auf WhatsApp zu teilen\"><span>WhatsApp<\/span><\/a><\/li><li class=\"share-print\"><a rel=\"nofollow noopener noreferrer\" data-shared=\"\" class=\"share-print sd-button share-icon\" href=\"https:\/\/www.brg9.at\/web\/?page_id=11269\" target=\"_blank\" title=\"Klicken zum Ausdrucken\"><span>Drucken<\/span><\/a><\/li><li class=\"share-end\"><\/li><\/ul><\/div><\/div><\/div>","protected":false},"author":7,"featured_media":0,"parent":0,"menu_order":0,"comment_status":"closed","ping_status":"closed","template":"","meta":{"ngg_post_thumbnail":0,"spay_email":""},"yoast_head":"<!-- This site is optimized with the Yoast SEO plugin v16.2 - https:\/\/yoast.com\/wordpress\/plugins\/seo\/ -->\n<title>ILB &raquo; BRG9, Erich Fried Realgymnasium<\/title>\n<meta name=\"robots\" content=\"index, follow, max-snippet:-1, max-image-preview:large, max-video-preview:-1\" \/>\n<link rel=\"canonical\" href=\"https:\/\/www.brg9.at\/web\/?page_id=11269\" \/>\n<meta property=\"og:locale\" content=\"de_DE\" \/>\n<meta property=\"og:type\" content=\"article\" \/>\n<meta property=\"og:title\" content=\"ILB &raquo; BRG9, Erich Fried Realgymnasium\" \/>\n<meta property=\"og:description\" content=\"Individuelle Lernbegleitung (ILB) Jede\/r Sch\u00fcler\/in der 6. bis 8. Klasse des BRG 9, die\/der eine Fr\u00fchwarnung bekommt, hat das Recht auf ein individuelles Lerncoaching, was folgendes bedeutet: Hilfe bei der Planung von Lernsequenzen Unterst\u00fctzung bei der Entwicklung einer individuellen Lernorganisation und von geeigneten Lernstrategien Erarbeitung eines individuellen Lernplans Unterst\u00fctzung bei der Planung von \u00f6konomisch sinnvollen &hellip; &#8222;ILB&#8220; weiterlesen\" \/>\n<meta property=\"og:url\" content=\"https:\/\/www.brg9.at\/web\/?page_id=11269\" \/>\n<meta property=\"og:site_name\" content=\"BRG9, Erich Fried Realgymnasium\" \/>\n<meta property=\"article:modified_time\" content=\"2025-06-15T08:22:38+00:00\" \/>\n<meta property=\"og:image\" content=\"https:\/\/www.brg9.at\/web\/wp-content\/uploads\/2016\/02\/brg9_solo_rgb_share.jpg\" \/>\n\t<meta property=\"og:image:width\" content=\"800\" \/>\n\t<meta property=\"og:image:height\" content=\"600\" \/>\n<meta name=\"twitter:card\" content=\"summary\" \/>\n<meta name=\"twitter:label1\" content=\"Gesch\u00e4tzte Lesezeit\">\n\t<meta name=\"twitter:data1\" content=\"1 Minute\">\n<script type=\"application\/ld+json\" class=\"yoast-schema-graph\">{\"@context\":\"https:\/\/schema.org\",\"@graph\":[{\"@type\":\"WebSite\",\"@id\":\"https:\/\/www.brg9.at\/web\/#website\",\"url\":\"https:\/\/www.brg9.at\/web\/\",\"name\":\"BRG9, Erich Fried Realgymnasium\",\"description\":\"Die Website des BRG9 - Erich Fried Realgymnasium. Wien 9, Glasergasse 25.\",\"potentialAction\":[{\"@type\":\"SearchAction\",\"target\":\"https:\/\/www.brg9.at\/web\/?s={search_term_string}\",\"query-input\":\"required name=search_term_string\"}],\"inLanguage\":\"de-DE\"},{\"@type\":\"WebPage\",\"@id\":\"https:\/\/www.brg9.at\/web\/?page_id=11269#webpage\",\"url\":\"https:\/\/www.brg9.at\/web\/?page_id=11269\",\"name\":\"ILB &raquo; BRG9, Erich Fried Realgymnasium\",\"isPartOf\":{\"@id\":\"https:\/\/www.brg9.at\/web\/#website\"},\"datePublished\":\"2023-03-29T16:06:46+00:00\",\"dateModified\":\"2025-06-15T08:22:38+00:00\",\"breadcrumb\":{\"@id\":\"https:\/\/www.brg9.at\/web\/?page_id=11269#breadcrumb\"},\"inLanguage\":\"de-DE\",\"potentialAction\":[{\"@type\":\"ReadAction\",\"target\":[\"https:\/\/www.brg9.at\/web\/?page_id=11269\"]}]},{\"@type\":\"BreadcrumbList\",\"@id\":\"https:\/\/www.brg9.at\/web\/?page_id=11269#breadcrumb\",\"itemListElement\":[{\"@type\":\"ListItem\",\"position\":1,\"item\":{\"@type\":\"WebPage\",\"@id\":\"https:\/\/www.brg9.at\/web\/\",\"url\":\"https:\/\/www.brg9.at\/web\/\",\"name\":\"Home\"}},{\"@type\":\"ListItem\",\"position\":2,\"item\":{\"@id\":\"https:\/\/www.brg9.at\/web\/?page_id=11269#webpage\"}}]}]}<\/script>\n<!-- \/ Yoast SEO plugin. -->","jetpack_sharing_enabled":true,"_links":{"self":[{"href":"https:\/\/www.brg9.at\/web\/index.php?rest_route=\/wp\/v2\/pages\/11269"}],"collection":[{"href":"https:\/\/www.brg9.at\/web\/index.php?rest_route=\/wp\/v2\/pages"}],"about":[{"href":"https:\/\/www.brg9.at\/web\/index.php?rest_route=\/wp\/v2\/types\/page"}],"author":[{"embeddable":true,"href":"https:\/\/www.brg9.at\/web\/index.php?rest_route=\/wp\/v2\/users\/7"}],"replies":[{"embeddable":true,"href":"https:\/\/www.brg9.at\/web\/index.php?rest_route=%2Fwp%2Fv2%2Fcomments&post=11269"}],"version-history":[{"count":5,"href":"https:\/\/www.brg9.at\/web\/index.php?rest_route=\/wp\/v2\/pages\/11269\/revisions"}],"predecessor-version":[{"id":15887,"href":"https:\/\/www.brg9.at\/web\/index.php?rest_route=\/wp\/v2\/pages\/11269\/revisions\/15887"}],"wp:attachment":[{"href":"https:\/\/www.brg9.at\/web\/index.php?rest_route=%2Fwp%2Fv2%2Fmedia&parent=11269"}],"curies":[{"name":"wp","href":"https:\/\/api.w.org\/{rel}","templated":true}]}}