{"id":1371,"date":"2016-04-11T11:22:55","date_gmt":"2016-04-11T09:22:55","guid":{"rendered":"http:\/\/www.brg9.at\/web\/?page_id=1371"},"modified":"2024-10-23T22:12:45","modified_gmt":"2024-10-23T20:12:45","slug":"allgemeines","status":"publish","type":"page","link":"https:\/\/www.brg9.at\/web\/?page_id=1371","title":{"rendered":"Allgemeines"},"content":{"rendered":"<h1>Der Schulgemeinschaftsausschuss<\/h1>\n<p>Gem\u00e4\u00df Schulunterrichtsgesetz (SchUG) \u00a7 64 ist in mittleren und h\u00f6heren Schulen, den Berufsschulen und den Polytechnischen Lehrg\u00e4ngen zur F\u00f6rderung und Festigung der Schulgemeinschaft ein Schulgemeinschaftsausschuss zu bilden.<\/p>\n<p>Dem SGA geh\u00f6ren der\/die SchulleiterIn und je drei VertreterInnen der Lehrer, der Sch\u00fcler und der Erziehungsberechtigten an.<\/p>\n<p>Mindestens 2 Mal pro Schuljahr muss laut Gesetz eine Sitzung einberufen werden &#8211; bei uns an der Schule hat es sich bew\u00e4hrt, 2 Sitzungen im Wintersemester und 1 Sitzung im Sommersemester abzuhalten. Somit ist die gute und wichtige Zusammenarbeit der einzelnen Gremien innerhalb des SGA gew\u00e4hrleistet und der Informationsfluss wird nicht unterbrochen.<\/p>\n<p>Dem SGA obliegen u.a. die <span style=\"color: #ad0052;\">Entscheidungen<\/span> \u00fcber<\/p>\n<ul>\n<li>bestimmte Fragen der Planung und Art von mehrt\u00e4gigen Schulveranstaltungen<\/li>\n<li>die Erkl\u00e4rung einer Veranstaltung zur schulbezogenen Veranstaltung<\/li>\n<li>die Durchf\u00fchrung und Terminfestlegung von Elternsprechtagen<\/li>\n<li>die Hausordnung<\/li>\n<li>Vorhaben zur Mitgestaltung des Schullebens<\/li>\n<li>schulautonome Schulzeitregelungen<\/li>\n<\/ul>\n<p>sowie die <span style=\"color: #ad0052;\">Beratung<\/span> \u00fcber<\/p>\n<ul>\n<li>wichtige Fragen des Unterrichts<\/li>\n<li>wichtige Fragen der Erziehung<\/li>\n<li>die Wahl von Unterrichtsmitteln<\/li>\n<li>die Verwendung von Budgetmitteln<\/li>\n<li>Bauma\u00dfnahmen im Bereich der Schule<\/li>\n<\/ul>\n<p>Die VertreterInnen im SGA:<\/p>\n<p><strong>LehrerInnen<\/strong>: Sabine Hazod, Isabella Kornfeld, <span data-olk-copy-source=\"MessageBody\">Shelley Buchinger<\/span><\/p>\n<p><strong>Eltern<\/strong>: <span data-olk-copy-source=\"MessageBody\">Susanne H\u00e4berle, Magdalena Dlugosz und Guido Weissenbeck<\/span><\/p>\n<p><strong>Sch\u00fclerInnen<\/strong>: Jakob Zehetner<span class=\"x_x_x_ContentPasted0\">, <\/span><span class=\"x_x_x_ContentPasted0 x_x_x_ContentPasted1\">Zoe Levy, <\/span>Jakob Ernst<\/p>\n<p>&nbsp;<\/p>\n<p>&nbsp;<\/p>\n<div class=\"sharedaddy sd-sharing-enabled\"><div class=\"robots-nocontent sd-block sd-social sd-social-icon-text sd-sharing\"><h3 class=\"sd-title\">Diesen Inhalt teilen:<\/h3><div class=\"sd-content\"><ul><li class=\"share-facebook\"><a rel=\"nofollow noopener noreferrer\" data-shared=\"sharing-facebook-1371\" class=\"share-facebook sd-button share-icon\" href=\"https:\/\/www.brg9.at\/web\/?page_id=1371&amp;share=facebook\" target=\"_blank\" title=\"Klick, um auf Facebook zu teilen\"><span>Facebook<\/span><\/a><\/li><li class=\"share-jetpack-whatsapp\"><a rel=\"nofollow noopener noreferrer\" data-shared=\"\" class=\"share-jetpack-whatsapp sd-button share-icon\" href=\"https:\/\/www.brg9.at\/web\/?page_id=1371&amp;share=jetpack-whatsapp\" target=\"_blank\" title=\"Klicken, um auf WhatsApp zu teilen\"><span>WhatsApp<\/span><\/a><\/li><li class=\"share-print\"><a rel=\"nofollow noopener noreferrer\" data-shared=\"\" class=\"share-print sd-button share-icon\" href=\"https:\/\/www.brg9.at\/web\/?page_id=1371\" target=\"_blank\" title=\"Klicken zum Ausdrucken\"><span>Drucken<\/span><\/a><\/li><li class=\"share-end\"><\/li><\/ul><\/div><\/div><\/div>","protected":false},"excerpt":{"rendered":"<p>Der Schulgemeinschaftsausschuss Gem\u00e4\u00df Schulunterrichtsgesetz (SchUG) \u00a7 64 ist in mittleren und h\u00f6heren Schulen, den Berufsschulen und den Polytechnischen Lehrg\u00e4ngen zur F\u00f6rderung und Festigung der Schulgemeinschaft ein Schulgemeinschaftsausschuss zu bilden. Dem SGA geh\u00f6ren der\/die SchulleiterIn und je drei VertreterInnen der Lehrer, der Sch\u00fcler und der Erziehungsberechtigten an. Mindestens 2 Mal pro Schuljahr muss laut Gesetz eine &hellip; <a href=\"https:\/\/www.brg9.at\/web\/?page_id=1371\" class=\"more-link\"><span class=\"screen-reader-text\">&#8222;Allgemeines&#8220; <\/span>weiterlesen<\/a><\/p>\n<div class=\"sharedaddy sd-sharing-enabled\"><div class=\"robots-nocontent sd-block sd-social sd-social-icon-text sd-sharing\"><h3 class=\"sd-title\">Diesen Inhalt teilen:<\/h3><div class=\"sd-content\"><ul><li class=\"share-facebook\"><a rel=\"nofollow noopener noreferrer\" data-shared=\"sharing-facebook-1371\" class=\"share-facebook sd-button share-icon\" href=\"https:\/\/www.brg9.at\/web\/?page_id=1371&amp;share=facebook\" target=\"_blank\" title=\"Klick, um auf Facebook zu teilen\"><span>Facebook<\/span><\/a><\/li><li class=\"share-jetpack-whatsapp\"><a rel=\"nofollow noopener noreferrer\" data-shared=\"\" class=\"share-jetpack-whatsapp sd-button share-icon\" href=\"https:\/\/www.brg9.at\/web\/?page_id=1371&amp;share=jetpack-whatsapp\" target=\"_blank\" title=\"Klicken, um auf WhatsApp zu teilen\"><span>WhatsApp<\/span><\/a><\/li><li class=\"share-print\"><a rel=\"nofollow noopener noreferrer\" data-shared=\"\" class=\"share-print sd-button share-icon\" href=\"https:\/\/www.brg9.at\/web\/?page_id=1371\" target=\"_blank\" title=\"Klicken zum Ausdrucken\"><span>Drucken<\/span><\/a><\/li><li class=\"share-end\"><\/li><\/ul><\/div><\/div><\/div>","protected":false},"author":5,"featured_media":0,"parent":13,"menu_order":0,"comment_status":"closed","ping_status":"closed","template":"","meta":{"ngg_post_thumbnail":0,"spay_email":""},"yoast_head":"<!-- This site is optimized with the Yoast SEO plugin v16.2 - https:\/\/yoast.com\/wordpress\/plugins\/seo\/ -->\n<title>Allgemeines &raquo; BRG9, Erich Fried Realgymnasium<\/title>\n<meta name=\"robots\" content=\"index, follow, max-snippet:-1, max-image-preview:large, max-video-preview:-1\" \/>\n<link rel=\"canonical\" href=\"https:\/\/www.brg9.at\/web\/?page_id=1371\" \/>\n<meta property=\"og:locale\" content=\"de_DE\" \/>\n<meta property=\"og:type\" content=\"article\" \/>\n<meta property=\"og:title\" content=\"Allgemeines &raquo; BRG9, Erich Fried Realgymnasium\" \/>\n<meta property=\"og:description\" content=\"Der Schulgemeinschaftsausschuss Gem\u00e4\u00df Schulunterrichtsgesetz (SchUG) \u00a7 64 ist in mittleren und h\u00f6heren Schulen, den Berufsschulen und den Polytechnischen Lehrg\u00e4ngen zur F\u00f6rderung und Festigung der Schulgemeinschaft ein Schulgemeinschaftsausschuss zu bilden. Dem SGA geh\u00f6ren der\/die SchulleiterIn und je drei VertreterInnen der Lehrer, der Sch\u00fcler und der Erziehungsberechtigten an. Mindestens 2 Mal pro Schuljahr muss laut Gesetz eine &hellip; &#8222;Allgemeines&#8220; weiterlesen\" \/>\n<meta property=\"og:url\" content=\"https:\/\/www.brg9.at\/web\/?page_id=1371\" \/>\n<meta property=\"og:site_name\" content=\"BRG9, Erich Fried Realgymnasium\" \/>\n<meta property=\"article:modified_time\" content=\"2024-10-23T20:12:45+00:00\" \/>\n<meta property=\"og:image\" content=\"https:\/\/www.brg9.at\/web\/wp-content\/uploads\/2016\/02\/brg9_solo_rgb_share.jpg\" \/>\n\t<meta property=\"og:image:width\" content=\"800\" \/>\n\t<meta property=\"og:image:height\" content=\"600\" \/>\n<meta name=\"twitter:card\" content=\"summary\" \/>\n<meta name=\"twitter:label1\" content=\"Gesch\u00e4tzte Lesezeit\">\n\t<meta name=\"twitter:data1\" content=\"1 Minute\">\n<script type=\"application\/ld+json\" class=\"yoast-schema-graph\">{\"@context\":\"https:\/\/schema.org\",\"@graph\":[{\"@type\":\"WebSite\",\"@id\":\"https:\/\/www.brg9.at\/web\/#website\",\"url\":\"https:\/\/www.brg9.at\/web\/\",\"name\":\"BRG9, Erich Fried Realgymnasium\",\"description\":\"Die Website des BRG9 - Erich Fried Realgymnasium. Wien 9, Glasergasse 25.\",\"potentialAction\":[{\"@type\":\"SearchAction\",\"target\":\"https:\/\/www.brg9.at\/web\/?s={search_term_string}\",\"query-input\":\"required name=search_term_string\"}],\"inLanguage\":\"de-DE\"},{\"@type\":\"WebPage\",\"@id\":\"https:\/\/www.brg9.at\/web\/?page_id=1371#webpage\",\"url\":\"https:\/\/www.brg9.at\/web\/?page_id=1371\",\"name\":\"Allgemeines &raquo; BRG9, Erich Fried Realgymnasium\",\"isPartOf\":{\"@id\":\"https:\/\/www.brg9.at\/web\/#website\"},\"datePublished\":\"2016-04-11T09:22:55+00:00\",\"dateModified\":\"2024-10-23T20:12:45+00:00\",\"breadcrumb\":{\"@id\":\"https:\/\/www.brg9.at\/web\/?page_id=1371#breadcrumb\"},\"inLanguage\":\"de-DE\",\"potentialAction\":[{\"@type\":\"ReadAction\",\"target\":[\"https:\/\/www.brg9.at\/web\/?page_id=1371\"]}]},{\"@type\":\"BreadcrumbList\",\"@id\":\"https:\/\/www.brg9.at\/web\/?page_id=1371#breadcrumb\",\"itemListElement\":[{\"@type\":\"ListItem\",\"position\":1,\"item\":{\"@type\":\"WebPage\",\"@id\":\"https:\/\/www.brg9.at\/web\/\",\"url\":\"https:\/\/www.brg9.at\/web\/\",\"name\":\"Home\"}},{\"@type\":\"ListItem\",\"position\":2,\"item\":{\"@type\":\"WebPage\",\"@id\":\"https:\/\/www.brg9.at\/web\/?page_id=13\",\"url\":\"https:\/\/www.brg9.at\/web\/?page_id=13\",\"name\":\"SGA\"}},{\"@type\":\"ListItem\",\"position\":3,\"item\":{\"@id\":\"https:\/\/www.brg9.at\/web\/?page_id=1371#webpage\"}}]}]}<\/script>\n<!-- \/ Yoast SEO plugin. -->","jetpack_sharing_enabled":true,"_links":{"self":[{"href":"https:\/\/www.brg9.at\/web\/index.php?rest_route=\/wp\/v2\/pages\/1371"}],"collection":[{"href":"https:\/\/www.brg9.at\/web\/index.php?rest_route=\/wp\/v2\/pages"}],"about":[{"href":"https:\/\/www.brg9.at\/web\/index.php?rest_route=\/wp\/v2\/types\/page"}],"author":[{"embeddable":true,"href":"https:\/\/www.brg9.at\/web\/index.php?rest_route=\/wp\/v2\/users\/5"}],"replies":[{"embeddable":true,"href":"https:\/\/www.brg9.at\/web\/index.php?rest_route=%2Fwp%2Fv2%2Fcomments&post=1371"}],"version-history":[{"count":11,"href":"https:\/\/www.brg9.at\/web\/index.php?rest_route=\/wp\/v2\/pages\/1371\/revisions"}],"predecessor-version":[{"id":14535,"href":"https:\/\/www.brg9.at\/web\/index.php?rest_route=\/wp\/v2\/pages\/1371\/revisions\/14535"}],"up":[{"embeddable":true,"href":"https:\/\/www.brg9.at\/web\/index.php?rest_route=\/wp\/v2\/pages\/13"}],"wp:attachment":[{"href":"https:\/\/www.brg9.at\/web\/index.php?rest_route=%2Fwp%2Fv2%2Fmedia&parent=1371"}],"curies":[{"name":"wp","href":"https:\/\/api.w.org\/{rel}","templated":true}]}}