{"id":1582,"date":"2016-08-31T13:56:51","date_gmt":"2016-08-31T11:56:51","guid":{"rendered":"http:\/\/www.brg9.at\/web\/?page_id=1582"},"modified":"2025-11-29T10:25:40","modified_gmt":"2025-11-29T09:25:40","slug":"elternvereinsbeitrag","status":"publish","type":"page","link":"https:\/\/www.brg9.at\/web\/?page_id=1582","title":{"rendered":"Elternvereinsbeitrag"},"content":{"rendered":"<p><strong>Liebe Eltern und Erziehungsberechtigte!<\/strong><\/p>\n<p>Wir bitten Sie um Einzahlung des <strong>Vereinsbeitrags<\/strong> f\u00fcr das Schuljahr 2025\/26 in H\u00f6he von <strong>EUR 28.<br \/>\n<\/strong>Wof\u00fcr wird Ihr Mitgliedsbeitrag verwendet?<\/p>\n<ul>\n<li style=\"text-align: justify;\">Mit einem Gro\u00dfteil des Geldes f\u00f6rdern wir Schulreisen von Kindern, f\u00fcr deren Familien die Kosten eine H\u00fcrde darstellen. Wir m\u00f6chten, dass <u>allen<\/u> Sch\u00fcler:innen die Teilnahme an Klassenfahrten erm\u00f6glicht wird.<\/li>\n<li style=\"text-align: justify;\">Als \u00d6KOLOG-Schule unterst\u00fctzen wir umweltbewusste und gesundheitsf\u00f6rdernde Initiativen. Dazu z\u00e4hlen Zusch\u00fcsse von 25 % auf Zugtickets f\u00fcr Klassenreisen, Projekte zum Klimaschutz sowie die Bereitstellung einer gesunden Bio-Obstjause an der Schule.<\/li>\n<li style=\"text-align: justify;\">Wir finanzieren Workshops zu aktuellen Themen und f\u00f6rdern zahlreiche Projekte unserer Schulpartner. Dazu geh\u00f6ren die heuer erstmals stattfindenden Mental Health Days, die allen Sch\u00fcler:innen, Lehrer:innen und Eltern\/Erziehungsberechtigten zugutekommen, das Berufscafe und Tutoring.<\/li>\n<li style=\"text-align: justify;\">Weiters f\u00f6rdern wir Events und Projekte der Sch\u00fcler:innenvertretung (SV) und unterst\u00fctzen als Kooperationspartner auch unsere BRG9-Soundschool. Dar\u00fcber hinaus finanzieren wir Lesungen, laufende Vereinskosten sowie kleine Aufmerksamkeiten f\u00fcr unser Schulwarteteam und das Sekretariat f\u00fcr ihren t\u00e4glichen Einsatz.<\/li>\n<\/ul>\n<p><strong>Information zur Einzahlung und H\u00f6he des Betrags:<\/strong><\/p>\n<p>Pro Familie: <strong>&nbsp;EUR 28<br \/>\n<\/strong>Hinweis f\u00fcr Geschwisterkinder: Haben Sie ein weiteres Kind <strong>an einer anderen Schule<\/strong>, so bezahlen Sie bitte den erm\u00e4\u00dfigten Betrag von EUR 14.<\/p>\n<p style=\"text-align: justify;\"><img data-attachment-id=\"16765\" data-permalink=\"https:\/\/www.brg9.at\/web\/?attachment_id=16765\" data-orig-file=\"https:\/\/www.brg9.at\/web\/wp-content\/uploads\/2025\/11\/QR-Code-EV-Beitrag-ohne-Betrag_25_26.png\" data-orig-size=\"433,410\" data-comments-opened=\"0\" data-image-meta=\"{&quot;aperture&quot;:&quot;0&quot;,&quot;credit&quot;:&quot;&quot;,&quot;camera&quot;:&quot;&quot;,&quot;caption&quot;:&quot;&quot;,&quot;created_timestamp&quot;:&quot;0&quot;,&quot;copyright&quot;:&quot;&quot;,&quot;focal_length&quot;:&quot;0&quot;,&quot;iso&quot;:&quot;0&quot;,&quot;shutter_speed&quot;:&quot;0&quot;,&quot;title&quot;:&quot;&quot;,&quot;orientation&quot;:&quot;0&quot;}\" data-image-title=\"QR-Code EV Beitrag ohne Betrag_25_26\" data-image-description=\"\" data-medium-file=\"https:\/\/www.brg9.at\/web\/wp-content\/uploads\/2025\/11\/QR-Code-EV-Beitrag-ohne-Betrag_25_26.png\" data-large-file=\"https:\/\/www.brg9.at\/web\/wp-content\/uploads\/2025\/11\/QR-Code-EV-Beitrag-ohne-Betrag_25_26.png\" loading=\"lazy\" class=\"wp-image-16765 alignright\" src=\"https:\/\/www.brg9.at\/web\/wp-content\/uploads\/2025\/11\/QR-Code-EV-Beitrag-ohne-Betrag_25_26.png\" alt=\"\" width=\"118\" height=\"112\"><\/p>\n<p>Unsere Bankverbindung:<br \/>\nIBAN: AT36 3200 0000 0594 1364<br \/>\nEmpf\u00e4nger: <span data-olk-copy-source=\"MailCompose\">Elternverein des Erich Fried Real Gymnasiums Glasergasse<\/span><\/p>\n<p>Bitte geben Sie unbedingt den vollst\u00e4ndigen <strong><u>Namen Ihres Kindes<\/u><\/strong> und die <strong><u>Klasse<\/u><\/strong> an.<\/p>\n<p style=\"text-align: justify;\">Ihre zus\u00e4tzliche Spende in unbegrenzter H\u00f6he nehmen wir gerne an und danken Ihnen schon jetzt f\u00fcr Ihre gro\u00dfz\u00fcgige Unterst\u00fctzung.<\/p>\n<p style=\"text-align: justify;\">Wir freuen uns, Sie im Elternverein zu begr\u00fc\u00dfen und w\u00fcnschen Ihren Kindern ein inspirierendes und interessantes Schuljahr. Herzliche Gr\u00fc\u00dfe!<\/p>\n<p>Wien, November 2025<\/p>\n<p>Obfrau: Magdalena Dlugosz&nbsp; &nbsp; &nbsp; &nbsp; &nbsp; &nbsp; &nbsp; &nbsp; &nbsp; &nbsp; &nbsp; &nbsp; &nbsp; &nbsp; &nbsp; &nbsp; &nbsp; &nbsp; &nbsp; &nbsp; &nbsp; Kassier: Wolf-Dieter Turek<\/p>\n<p><strong><em>Feedback und Ideen bitte gerne an: elternverein@brg9.at<\/em><\/strong><\/p>\n<p>&nbsp;<\/p>\n<div class=\"sharedaddy sd-sharing-enabled\"><div class=\"robots-nocontent sd-block sd-social sd-social-icon-text sd-sharing\"><h3 class=\"sd-title\">Diesen Inhalt teilen:<\/h3><div class=\"sd-content\"><ul><li class=\"share-facebook\"><a rel=\"nofollow noopener noreferrer\" data-shared=\"sharing-facebook-1582\" class=\"share-facebook sd-button share-icon\" href=\"https:\/\/www.brg9.at\/web\/?page_id=1582&amp;share=facebook\" target=\"_blank\" title=\"Klick, um auf Facebook zu teilen\"><span>Facebook<\/span><\/a><\/li><li class=\"share-jetpack-whatsapp\"><a rel=\"nofollow noopener noreferrer\" data-shared=\"\" class=\"share-jetpack-whatsapp sd-button share-icon\" href=\"https:\/\/www.brg9.at\/web\/?page_id=1582&amp;share=jetpack-whatsapp\" target=\"_blank\" title=\"Klicken, um auf WhatsApp zu teilen\"><span>WhatsApp<\/span><\/a><\/li><li class=\"share-print\"><a rel=\"nofollow noopener noreferrer\" data-shared=\"\" class=\"share-print sd-button share-icon\" href=\"https:\/\/www.brg9.at\/web\/?page_id=1582\" target=\"_blank\" title=\"Klicken zum Ausdrucken\"><span>Drucken<\/span><\/a><\/li><li class=\"share-end\"><\/li><\/ul><\/div><\/div><\/div>","protected":false},"excerpt":{"rendered":"<p>Liebe Eltern und Erziehungsberechtigte! Wir bitten Sie um Einzahlung des Vereinsbeitrags f\u00fcr das Schuljahr 2025\/26 in H\u00f6he von EUR 28. Wof\u00fcr wird Ihr Mitgliedsbeitrag verwendet? Mit einem Gro\u00dfteil des Geldes f\u00f6rdern wir Schulreisen von Kindern, f\u00fcr deren Familien die Kosten eine H\u00fcrde darstellen. Wir m\u00f6chten, dass allen Sch\u00fcler:innen die Teilnahme an Klassenfahrten erm\u00f6glicht wird. Als &hellip; <a href=\"https:\/\/www.brg9.at\/web\/?page_id=1582\" class=\"more-link\"><span class=\"screen-reader-text\">&#8222;Elternvereinsbeitrag&#8220; <\/span>weiterlesen<\/a><\/p>\n<div class=\"sharedaddy sd-sharing-enabled\"><div class=\"robots-nocontent sd-block sd-social sd-social-icon-text sd-sharing\"><h3 class=\"sd-title\">Diesen Inhalt teilen:<\/h3><div class=\"sd-content\"><ul><li class=\"share-facebook\"><a rel=\"nofollow noopener noreferrer\" data-shared=\"sharing-facebook-1582\" class=\"share-facebook sd-button share-icon\" href=\"https:\/\/www.brg9.at\/web\/?page_id=1582&amp;share=facebook\" target=\"_blank\" title=\"Klick, um auf Facebook zu teilen\"><span>Facebook<\/span><\/a><\/li><li class=\"share-jetpack-whatsapp\"><a rel=\"nofollow noopener noreferrer\" data-shared=\"\" class=\"share-jetpack-whatsapp sd-button share-icon\" href=\"https:\/\/www.brg9.at\/web\/?page_id=1582&amp;share=jetpack-whatsapp\" target=\"_blank\" title=\"Klicken, um auf WhatsApp zu teilen\"><span>WhatsApp<\/span><\/a><\/li><li class=\"share-print\"><a rel=\"nofollow noopener noreferrer\" data-shared=\"\" class=\"share-print sd-button share-icon\" href=\"https:\/\/www.brg9.at\/web\/?page_id=1582\" target=\"_blank\" title=\"Klicken zum Ausdrucken\"><span>Drucken<\/span><\/a><\/li><li class=\"share-end\"><\/li><\/ul><\/div><\/div><\/div>","protected":false},"author":8,"featured_media":0,"parent":788,"menu_order":0,"comment_status":"closed","ping_status":"closed","template":"","meta":{"ngg_post_thumbnail":0,"spay_email":""},"yoast_head":"<!-- This site is optimized with the Yoast SEO plugin v16.2 - https:\/\/yoast.com\/wordpress\/plugins\/seo\/ -->\n<title>Elternvereinsbeitrag &raquo; BRG9, Erich Fried Realgymnasium<\/title>\n<meta name=\"robots\" content=\"index, follow, max-snippet:-1, max-image-preview:large, max-video-preview:-1\" \/>\n<link rel=\"canonical\" href=\"https:\/\/www.brg9.at\/web\/?page_id=1582\" \/>\n<meta property=\"og:locale\" content=\"de_DE\" \/>\n<meta property=\"og:type\" content=\"article\" \/>\n<meta property=\"og:title\" content=\"Elternvereinsbeitrag &raquo; BRG9, Erich Fried Realgymnasium\" \/>\n<meta property=\"og:description\" content=\"Liebe Eltern und Erziehungsberechtigte! Wir bitten Sie um Einzahlung des Vereinsbeitrags f\u00fcr das Schuljahr 2025\/26 in H\u00f6he von EUR 28. Wof\u00fcr wird Ihr Mitgliedsbeitrag verwendet? Mit einem Gro\u00dfteil des Geldes f\u00f6rdern wir Schulreisen von Kindern, f\u00fcr deren Familien die Kosten eine H\u00fcrde darstellen. Wir m\u00f6chten, dass allen Sch\u00fcler:innen die Teilnahme an Klassenfahrten erm\u00f6glicht wird. Als &hellip; &#8222;Elternvereinsbeitrag&#8220; weiterlesen\" \/>\n<meta property=\"og:url\" content=\"https:\/\/www.brg9.at\/web\/?page_id=1582\" \/>\n<meta property=\"og:site_name\" content=\"BRG9, Erich Fried Realgymnasium\" \/>\n<meta property=\"article:modified_time\" content=\"2025-11-29T09:25:40+00:00\" \/>\n<meta property=\"og:image\" content=\"https:\/\/www.brg9.at\/web\/wp-content\/uploads\/2025\/11\/QR-Code-EV-Beitrag-ohne-Betrag_25_26.png\" \/>\n<meta name=\"twitter:card\" content=\"summary\" \/>\n<meta name=\"twitter:label1\" content=\"Gesch\u00e4tzte Lesezeit\">\n\t<meta name=\"twitter:data1\" content=\"2 Minuten\">\n<script type=\"application\/ld+json\" class=\"yoast-schema-graph\">{\"@context\":\"https:\/\/schema.org\",\"@graph\":[{\"@type\":\"WebSite\",\"@id\":\"https:\/\/www.brg9.at\/web\/#website\",\"url\":\"https:\/\/www.brg9.at\/web\/\",\"name\":\"BRG9, Erich Fried Realgymnasium\",\"description\":\"Die Website des BRG9 - Erich Fried Realgymnasium. Wien 9, Glasergasse 25.\",\"potentialAction\":[{\"@type\":\"SearchAction\",\"target\":\"https:\/\/www.brg9.at\/web\/?s={search_term_string}\",\"query-input\":\"required name=search_term_string\"}],\"inLanguage\":\"de-DE\"},{\"@type\":\"ImageObject\",\"@id\":\"https:\/\/www.brg9.at\/web\/?page_id=1582#primaryimage\",\"inLanguage\":\"de-DE\",\"url\":\"https:\/\/www.brg9.at\/web\/wp-content\/uploads\/2025\/11\/QR-Code-EV-Beitrag-ohne-Betrag_25_26.png\",\"contentUrl\":\"https:\/\/www.brg9.at\/web\/wp-content\/uploads\/2025\/11\/QR-Code-EV-Beitrag-ohne-Betrag_25_26.png\",\"width\":433,\"height\":410},{\"@type\":\"WebPage\",\"@id\":\"https:\/\/www.brg9.at\/web\/?page_id=1582#webpage\",\"url\":\"https:\/\/www.brg9.at\/web\/?page_id=1582\",\"name\":\"Elternvereinsbeitrag &raquo; BRG9, Erich Fried Realgymnasium\",\"isPartOf\":{\"@id\":\"https:\/\/www.brg9.at\/web\/#website\"},\"primaryImageOfPage\":{\"@id\":\"https:\/\/www.brg9.at\/web\/?page_id=1582#primaryimage\"},\"datePublished\":\"2016-08-31T11:56:51+00:00\",\"dateModified\":\"2025-11-29T09:25:40+00:00\",\"breadcrumb\":{\"@id\":\"https:\/\/www.brg9.at\/web\/?page_id=1582#breadcrumb\"},\"inLanguage\":\"de-DE\",\"potentialAction\":[{\"@type\":\"ReadAction\",\"target\":[\"https:\/\/www.brg9.at\/web\/?page_id=1582\"]}]},{\"@type\":\"BreadcrumbList\",\"@id\":\"https:\/\/www.brg9.at\/web\/?page_id=1582#breadcrumb\",\"itemListElement\":[{\"@type\":\"ListItem\",\"position\":1,\"item\":{\"@type\":\"WebPage\",\"@id\":\"https:\/\/www.brg9.at\/web\/\",\"url\":\"https:\/\/www.brg9.at\/web\/\",\"name\":\"Home\"}},{\"@type\":\"ListItem\",\"position\":2,\"item\":{\"@type\":\"WebPage\",\"@id\":\"https:\/\/www.brg9.at\/web\/?page_id=788\",\"url\":\"https:\/\/www.brg9.at\/web\/?page_id=788\",\"name\":\"Elternverein\"}},{\"@type\":\"ListItem\",\"position\":3,\"item\":{\"@id\":\"https:\/\/www.brg9.at\/web\/?page_id=1582#webpage\"}}]}]}<\/script>\n<!-- \/ Yoast SEO plugin. -->","jetpack_sharing_enabled":true,"_links":{"self":[{"href":"https:\/\/www.brg9.at\/web\/index.php?rest_route=\/wp\/v2\/pages\/1582"}],"collection":[{"href":"https:\/\/www.brg9.at\/web\/index.php?rest_route=\/wp\/v2\/pages"}],"about":[{"href":"https:\/\/www.brg9.at\/web\/index.php?rest_route=\/wp\/v2\/types\/page"}],"author":[{"embeddable":true,"href":"https:\/\/www.brg9.at\/web\/index.php?rest_route=\/wp\/v2\/users\/8"}],"replies":[{"embeddable":true,"href":"https:\/\/www.brg9.at\/web\/index.php?rest_route=%2Fwp%2Fv2%2Fcomments&post=1582"}],"version-history":[{"count":16,"href":"https:\/\/www.brg9.at\/web\/index.php?rest_route=\/wp\/v2\/pages\/1582\/revisions"}],"predecessor-version":[{"id":16769,"href":"https:\/\/www.brg9.at\/web\/index.php?rest_route=\/wp\/v2\/pages\/1582\/revisions\/16769"}],"up":[{"embeddable":true,"href":"https:\/\/www.brg9.at\/web\/index.php?rest_route=\/wp\/v2\/pages\/788"}],"wp:attachment":[{"href":"https:\/\/www.brg9.at\/web\/index.php?rest_route=%2Fwp%2Fv2%2Fmedia&parent=1582"}],"curies":[{"name":"wp","href":"https:\/\/api.w.org\/{rel}","templated":true}]}}