{"id":16130,"date":"2025-09-23T19:44:24","date_gmt":"2025-09-23T17:44:24","guid":{"rendered":"https:\/\/www.brg9.at\/web\/?page_id=16130"},"modified":"2025-10-05T20:53:32","modified_gmt":"2025-10-05T18:53:32","slug":"physikolympiade","status":"publish","type":"page","link":"https:\/\/www.brg9.at\/web\/?page_id=16130","title":{"rendered":"Physikolympiade"},"content":{"rendered":"\n<p>In der Unverbindlichen \u00dcbung \u201ePhysikolympiade\u201c geht es um Experimentieren, Knobeln und Forschen. Jede Woche werden unterschiedliche Experimente und Fragestellungen angeboten. Bei den Versuchen wird tief in unterschiedliche R\u00e4tsel der Physik eingetaucht: Wie baut man die perfekte Sandburg? Wieso sehen wir unterschiedliche Farben und wie lassen sich diese beeinflussen? Und was ist eigentlich mit Omas Lieblingsh\u00e4ferl passiert?<\/p>\n\n\n\n<p>Wer m\u00f6chte, darf nat\u00fcrlich freiwillig auch am Wettbewerb teilnehmen, welcher die besten f\u00fcnf Sch\u00fcler:innen \u00d6sterreichs zum internationalen Finale schickt: 2023: Japan (Tokyo); 2024: Iran; 2025: Frankreich \u2026 Vor allem geht es in der Unverbindlichen \u00dcbung aber darum, Spa\u00df am Forschen zu haben.<\/p>\n\n\n\n<figure class=\"wp-block-gallery columns-3 is-cropped\"><ul data-carousel-extra='{\"blog_id\":1,\"permalink\":\"https:\\\/\\\/www.brg9.at\\\/web\\\/?page_id=16130\"}' class=\"blocks-gallery-grid\"><li class=\"blocks-gallery-item\"><figure><img data-attachment-id=\"10144\" data-permalink=\"https:\/\/www.brg9.at\/web\/?attachment_id=10144\" data-orig-file=\"https:\/\/www.brg9.at\/web\/wp-content\/uploads\/2022\/09\/physik3.jpg\" data-orig-size=\"605,454\" data-comments-opened=\"0\" data-image-meta=\"{&quot;aperture&quot;:&quot;0&quot;,&quot;credit&quot;:&quot;&quot;,&quot;camera&quot;:&quot;&quot;,&quot;caption&quot;:&quot;&quot;,&quot;created_timestamp&quot;:&quot;0&quot;,&quot;copyright&quot;:&quot;&quot;,&quot;focal_length&quot;:&quot;0&quot;,&quot;iso&quot;:&quot;0&quot;,&quot;shutter_speed&quot;:&quot;0&quot;,&quot;title&quot;:&quot;&quot;,&quot;orientation&quot;:&quot;0&quot;}\" data-image-title=\"physik3\" data-image-description=\"\" data-medium-file=\"https:\/\/www.brg9.at\/web\/wp-content\/uploads\/2022\/09\/physik3-596x447.jpg\" data-large-file=\"https:\/\/www.brg9.at\/web\/wp-content\/uploads\/2022\/09\/physik3.jpg\" loading=\"lazy\" width=\"605\" height=\"454\" src=\"https:\/\/www.brg9.at\/web\/wp-content\/uploads\/2022\/09\/physik3.jpg\" alt=\"\" data-id=\"10144\" data-full-url=\"https:\/\/www.brg9.at\/web\/wp-content\/uploads\/2022\/09\/physik3.jpg\" data-link=\"https:\/\/www.brg9.at\/web\/?attachment_id=10144\" class=\"wp-image-10144\" srcset=\"https:\/\/www.brg9.at\/web\/wp-content\/uploads\/2022\/09\/physik3.jpg 605w, https:\/\/www.brg9.at\/web\/wp-content\/uploads\/2022\/09\/physik3-596x447.jpg 596w\" sizes=\"(max-width: 605px) 85vw, 605px\" \/><\/figure><\/li><li class=\"blocks-gallery-item\"><figure><img data-attachment-id=\"10143\" data-permalink=\"https:\/\/www.brg9.at\/web\/?attachment_id=10143\" data-orig-file=\"https:\/\/www.brg9.at\/web\/wp-content\/uploads\/2022\/09\/physik2.jpg\" data-orig-size=\"604,468\" data-comments-opened=\"0\" data-image-meta=\"{&quot;aperture&quot;:&quot;0&quot;,&quot;credit&quot;:&quot;&quot;,&quot;camera&quot;:&quot;&quot;,&quot;caption&quot;:&quot;&quot;,&quot;created_timestamp&quot;:&quot;0&quot;,&quot;copyright&quot;:&quot;&quot;,&quot;focal_length&quot;:&quot;0&quot;,&quot;iso&quot;:&quot;0&quot;,&quot;shutter_speed&quot;:&quot;0&quot;,&quot;title&quot;:&quot;&quot;,&quot;orientation&quot;:&quot;0&quot;}\" data-image-title=\"physik2\" data-image-description=\"\" data-medium-file=\"https:\/\/www.brg9.at\/web\/wp-content\/uploads\/2022\/09\/physik2-596x462.jpg\" data-large-file=\"https:\/\/www.brg9.at\/web\/wp-content\/uploads\/2022\/09\/physik2.jpg\" loading=\"lazy\" width=\"604\" height=\"468\" src=\"https:\/\/www.brg9.at\/web\/wp-content\/uploads\/2022\/09\/physik2.jpg\" alt=\"\" data-id=\"10143\" data-full-url=\"https:\/\/www.brg9.at\/web\/wp-content\/uploads\/2022\/09\/physik2.jpg\" data-link=\"https:\/\/www.brg9.at\/web\/?attachment_id=10143\" class=\"wp-image-10143\" srcset=\"https:\/\/www.brg9.at\/web\/wp-content\/uploads\/2022\/09\/physik2.jpg 604w, https:\/\/www.brg9.at\/web\/wp-content\/uploads\/2022\/09\/physik2-596x462.jpg 596w\" sizes=\"(max-width: 604px) 85vw, 604px\" \/><\/figure><\/li><li class=\"blocks-gallery-item\"><figure><img data-attachment-id=\"10142\" data-permalink=\"https:\/\/www.brg9.at\/web\/?attachment_id=10142\" data-orig-file=\"https:\/\/www.brg9.at\/web\/wp-content\/uploads\/2022\/09\/physik1.jpg\" data-orig-size=\"605,454\" data-comments-opened=\"0\" data-image-meta=\"{&quot;aperture&quot;:&quot;0&quot;,&quot;credit&quot;:&quot;&quot;,&quot;camera&quot;:&quot;&quot;,&quot;caption&quot;:&quot;&quot;,&quot;created_timestamp&quot;:&quot;0&quot;,&quot;copyright&quot;:&quot;&quot;,&quot;focal_length&quot;:&quot;0&quot;,&quot;iso&quot;:&quot;0&quot;,&quot;shutter_speed&quot;:&quot;0&quot;,&quot;title&quot;:&quot;&quot;,&quot;orientation&quot;:&quot;0&quot;}\" data-image-title=\"physik1\" data-image-description=\"\" data-medium-file=\"https:\/\/www.brg9.at\/web\/wp-content\/uploads\/2022\/09\/physik1-596x447.jpg\" data-large-file=\"https:\/\/www.brg9.at\/web\/wp-content\/uploads\/2022\/09\/physik1.jpg\" loading=\"lazy\" width=\"605\" height=\"454\" src=\"https:\/\/www.brg9.at\/web\/wp-content\/uploads\/2022\/09\/physik1.jpg\" alt=\"\" data-id=\"10142\" data-full-url=\"https:\/\/www.brg9.at\/web\/wp-content\/uploads\/2022\/09\/physik1.jpg\" data-link=\"https:\/\/www.brg9.at\/web\/?attachment_id=10142\" class=\"wp-image-10142\" srcset=\"https:\/\/www.brg9.at\/web\/wp-content\/uploads\/2022\/09\/physik1.jpg 605w, https:\/\/www.brg9.at\/web\/wp-content\/uploads\/2022\/09\/physik1-596x447.jpg 596w\" sizes=\"(max-width: 605px) 85vw, 605px\" \/><\/figure><\/li><\/ul><\/figure>\n\n\n<ul class=\"wp-block-latest-posts__list alignleft wp-block-latest-posts\"><li><a href=\"https:\/\/www.brg9.at\/web\/?p=16254\">Sarah Viertl erh\u00e4lt Dr. Hans Riegel-Fachpreis f\u00fcr Physik<\/a><\/li>\n<li><a href=\"https:\/\/www.brg9.at\/web\/?p=15642\">Physikolympiade 2025 \u2013 Mit Begeisterung, Ausdauer und Zusammenhalt zum Erfolg<\/a><\/li>\n<li><a href=\"https:\/\/www.brg9.at\/web\/?p=13857\">Physikolympiade 2024 \u2013 zwei Sch\u00fcler:innen des BRG9 im Bundesfinale<\/a><\/li>\n<li><a href=\"https:\/\/www.brg9.at\/web\/?p=13811\">Physikolympiade-Kurs besuchte das Ars Electronica Center in Linz<\/a><\/li>\n<li><a href=\"https:\/\/www.brg9.at\/web\/?p=12762\">Luis Grimus erh\u00e4lt \u00d6PG VWA Preis 2023<\/a><\/li>\n<li><a href=\"https:\/\/www.brg9.at\/web\/?p=11153\">Sch\u00f6ne Erfolge bei der Physikolympiade 2023<\/a><\/li>\n<\/ul>\n\n\n<p><\/p>\n<div class=\"sharedaddy sd-sharing-enabled\"><div class=\"robots-nocontent sd-block sd-social sd-social-icon-text sd-sharing\"><h3 class=\"sd-title\">Diesen Inhalt teilen:<\/h3><div class=\"sd-content\"><ul><li class=\"share-facebook\"><a rel=\"nofollow noopener noreferrer\" data-shared=\"sharing-facebook-16130\" class=\"share-facebook sd-button share-icon\" href=\"https:\/\/www.brg9.at\/web\/?page_id=16130&amp;share=facebook\" target=\"_blank\" title=\"Klick, um auf Facebook zu teilen\"><span>Facebook<\/span><\/a><\/li><li class=\"share-jetpack-whatsapp\"><a rel=\"nofollow noopener noreferrer\" data-shared=\"\" class=\"share-jetpack-whatsapp sd-button share-icon\" href=\"https:\/\/www.brg9.at\/web\/?page_id=16130&amp;share=jetpack-whatsapp\" target=\"_blank\" title=\"Klicken, um auf WhatsApp zu teilen\"><span>WhatsApp<\/span><\/a><\/li><li class=\"share-print\"><a rel=\"nofollow noopener noreferrer\" data-shared=\"\" class=\"share-print sd-button share-icon\" href=\"https:\/\/www.brg9.at\/web\/?page_id=16130\" target=\"_blank\" title=\"Klicken zum Ausdrucken\"><span>Drucken<\/span><\/a><\/li><li class=\"share-end\"><\/li><\/ul><\/div><\/div><\/div>","protected":false},"excerpt":{"rendered":"<p>In der Unverbindlichen \u00dcbung \u201ePhysikolympiade\u201c geht es um Experimentieren, Knobeln und Forschen. Jede Woche werden unterschiedliche Experimente und Fragestellungen angeboten. Bei den Versuchen wird tief in unterschiedliche R\u00e4tsel der Physik eingetaucht: Wie baut man die perfekte Sandburg? Wieso sehen wir unterschiedliche Farben und wie lassen sich diese beeinflussen? Und was ist eigentlich mit Omas Lieblingsh\u00e4ferl &hellip; <a href=\"https:\/\/www.brg9.at\/web\/?page_id=16130\" class=\"more-link\"><span class=\"screen-reader-text\">&#8222;Physikolympiade&#8220; <\/span>weiterlesen<\/a><\/p>\n<div class=\"sharedaddy sd-sharing-enabled\"><div class=\"robots-nocontent sd-block sd-social sd-social-icon-text sd-sharing\"><h3 class=\"sd-title\">Diesen Inhalt teilen:<\/h3><div class=\"sd-content\"><ul><li class=\"share-facebook\"><a rel=\"nofollow noopener noreferrer\" data-shared=\"sharing-facebook-16130\" class=\"share-facebook sd-button share-icon\" href=\"https:\/\/www.brg9.at\/web\/?page_id=16130&amp;share=facebook\" target=\"_blank\" title=\"Klick, um auf Facebook zu teilen\"><span>Facebook<\/span><\/a><\/li><li class=\"share-jetpack-whatsapp\"><a rel=\"nofollow noopener noreferrer\" data-shared=\"\" class=\"share-jetpack-whatsapp sd-button share-icon\" href=\"https:\/\/www.brg9.at\/web\/?page_id=16130&amp;share=jetpack-whatsapp\" target=\"_blank\" title=\"Klicken, um auf WhatsApp zu teilen\"><span>WhatsApp<\/span><\/a><\/li><li class=\"share-print\"><a rel=\"nofollow noopener noreferrer\" data-shared=\"\" class=\"share-print sd-button share-icon\" href=\"https:\/\/www.brg9.at\/web\/?page_id=16130\" target=\"_blank\" title=\"Klicken zum Ausdrucken\"><span>Drucken<\/span><\/a><\/li><li class=\"share-end\"><\/li><\/ul><\/div><\/div><\/div>","protected":false},"author":15,"featured_media":13861,"parent":0,"menu_order":0,"comment_status":"closed","ping_status":"closed","template":"","meta":{"ngg_post_thumbnail":0,"spay_email":""},"yoast_head":"<!-- This site is optimized with the Yoast SEO plugin v16.2 - https:\/\/yoast.com\/wordpress\/plugins\/seo\/ -->\n<title>Physikolympiade &raquo; BRG9, Erich Fried Realgymnasium<\/title>\n<meta name=\"robots\" content=\"index, follow, max-snippet:-1, max-image-preview:large, max-video-preview:-1\" \/>\n<link rel=\"canonical\" href=\"https:\/\/www.brg9.at\/web\/?page_id=16130\" \/>\n<meta property=\"og:locale\" content=\"de_DE\" \/>\n<meta property=\"og:type\" content=\"article\" \/>\n<meta property=\"og:title\" content=\"Physikolympiade &raquo; BRG9, Erich Fried Realgymnasium\" \/>\n<meta property=\"og:description\" content=\"In der Unverbindlichen \u00dcbung \u201ePhysikolympiade\u201c geht es um Experimentieren, Knobeln und Forschen. Jede Woche werden unterschiedliche Experimente und Fragestellungen angeboten. Bei den Versuchen wird tief in unterschiedliche R\u00e4tsel der Physik eingetaucht: Wie baut man die perfekte Sandburg? Wieso sehen wir unterschiedliche Farben und wie lassen sich diese beeinflussen? Und was ist eigentlich mit Omas Lieblingsh\u00e4ferl &hellip; &#8222;Physikolympiade&#8220; weiterlesen\" \/>\n<meta property=\"og:url\" content=\"https:\/\/www.brg9.at\/web\/?page_id=16130\" \/>\n<meta property=\"og:site_name\" content=\"BRG9, Erich Fried Realgymnasium\" \/>\n<meta property=\"article:modified_time\" content=\"2025-10-05T18:53:32+00:00\" \/>\n<meta property=\"og:image\" content=\"https:\/\/www.brg9.at\/web\/wp-content\/uploads\/2024\/06\/Homepage-Beitrag-PhOly-Foto-1-scaled.jpg\" \/>\n\t<meta property=\"og:image:width\" content=\"2560\" \/>\n\t<meta property=\"og:image:height\" content=\"1441\" \/>\n<meta name=\"twitter:card\" content=\"summary\" \/>\n<meta name=\"twitter:label1\" content=\"Gesch\u00e4tzte Lesezeit\">\n\t<meta name=\"twitter:data1\" content=\"2 Minuten\">\n<script type=\"application\/ld+json\" class=\"yoast-schema-graph\">{\"@context\":\"https:\/\/schema.org\",\"@graph\":[{\"@type\":\"WebSite\",\"@id\":\"https:\/\/www.brg9.at\/web\/#website\",\"url\":\"https:\/\/www.brg9.at\/web\/\",\"name\":\"BRG9, Erich Fried Realgymnasium\",\"description\":\"Die Website des BRG9 - Erich Fried Realgymnasium. Wien 9, Glasergasse 25.\",\"potentialAction\":[{\"@type\":\"SearchAction\",\"target\":\"https:\/\/www.brg9.at\/web\/?s={search_term_string}\",\"query-input\":\"required name=search_term_string\"}],\"inLanguage\":\"de-DE\"},{\"@type\":\"ImageObject\",\"@id\":\"https:\/\/www.brg9.at\/web\/?page_id=16130#primaryimage\",\"inLanguage\":\"de-DE\",\"url\":\"https:\/\/www.brg9.at\/web\/wp-content\/uploads\/2024\/06\/Homepage-Beitrag-PhOly-Foto-1-scaled.jpg\",\"contentUrl\":\"https:\/\/www.brg9.at\/web\/wp-content\/uploads\/2024\/06\/Homepage-Beitrag-PhOly-Foto-1-scaled.jpg\",\"width\":2560,\"height\":1441},{\"@type\":\"WebPage\",\"@id\":\"https:\/\/www.brg9.at\/web\/?page_id=16130#webpage\",\"url\":\"https:\/\/www.brg9.at\/web\/?page_id=16130\",\"name\":\"Physikolympiade &raquo; BRG9, Erich Fried Realgymnasium\",\"isPartOf\":{\"@id\":\"https:\/\/www.brg9.at\/web\/#website\"},\"primaryImageOfPage\":{\"@id\":\"https:\/\/www.brg9.at\/web\/?page_id=16130#primaryimage\"},\"datePublished\":\"2025-09-23T17:44:24+00:00\",\"dateModified\":\"2025-10-05T18:53:32+00:00\",\"breadcrumb\":{\"@id\":\"https:\/\/www.brg9.at\/web\/?page_id=16130#breadcrumb\"},\"inLanguage\":\"de-DE\",\"potentialAction\":[{\"@type\":\"ReadAction\",\"target\":[\"https:\/\/www.brg9.at\/web\/?page_id=16130\"]}]},{\"@type\":\"BreadcrumbList\",\"@id\":\"https:\/\/www.brg9.at\/web\/?page_id=16130#breadcrumb\",\"itemListElement\":[{\"@type\":\"ListItem\",\"position\":1,\"item\":{\"@type\":\"WebPage\",\"@id\":\"https:\/\/www.brg9.at\/web\/\",\"url\":\"https:\/\/www.brg9.at\/web\/\",\"name\":\"Home\"}},{\"@type\":\"ListItem\",\"position\":2,\"item\":{\"@id\":\"https:\/\/www.brg9.at\/web\/?page_id=16130#webpage\"}}]}]}<\/script>\n<!-- \/ Yoast SEO plugin. -->","jetpack_sharing_enabled":true,"_links":{"self":[{"href":"https:\/\/www.brg9.at\/web\/index.php?rest_route=\/wp\/v2\/pages\/16130"}],"collection":[{"href":"https:\/\/www.brg9.at\/web\/index.php?rest_route=\/wp\/v2\/pages"}],"about":[{"href":"https:\/\/www.brg9.at\/web\/index.php?rest_route=\/wp\/v2\/types\/page"}],"author":[{"embeddable":true,"href":"https:\/\/www.brg9.at\/web\/index.php?rest_route=\/wp\/v2\/users\/15"}],"replies":[{"embeddable":true,"href":"https:\/\/www.brg9.at\/web\/index.php?rest_route=%2Fwp%2Fv2%2Fcomments&post=16130"}],"version-history":[{"count":14,"href":"https:\/\/www.brg9.at\/web\/index.php?rest_route=\/wp\/v2\/pages\/16130\/revisions"}],"predecessor-version":[{"id":16394,"href":"https:\/\/www.brg9.at\/web\/index.php?rest_route=\/wp\/v2\/pages\/16130\/revisions\/16394"}],"wp:featuredmedia":[{"embeddable":true,"href":"https:\/\/www.brg9.at\/web\/index.php?rest_route=\/wp\/v2\/media\/13861"}],"wp:attachment":[{"href":"https:\/\/www.brg9.at\/web\/index.php?rest_route=%2Fwp%2Fv2%2Fmedia&parent=16130"}],"curies":[{"name":"wp","href":"https:\/\/api.w.org\/{rel}","templated":true}]}}