{"id":16683,"date":"2025-11-11T21:56:27","date_gmt":"2025-11-11T20:56:27","guid":{"rendered":"https:\/\/www.brg9.at\/web\/?page_id=16683"},"modified":"2025-11-12T08:43:27","modified_gmt":"2025-11-12T07:43:27","slug":"schulbuffet","status":"publish","type":"page","link":"https:\/\/www.brg9.at\/web\/?page_id=16683","title":{"rendered":"Schulbuffet"},"content":{"rendered":"\n<p>Herzlich willkommen im Schulbuffet Manuela Schachner!<\/p>\n\n\n\n<p>Bei mir findest du t\u00e4glich frische und gesunde Snacks f\u00fcr deine Pause. Genie\u00dfe kanckige <strong>Salate<\/strong>, cremiges <strong>Joghurt<\/strong>, frisches <strong>Obst <\/strong>und k\u00f6stliche, <strong>frisch gebackene Weckerl<\/strong> &#8211; perfekt f\u00fcr einen leckeren Energieschub zwischendurch. Egal, ob du Lust auf etwas Leichtes, Gesundes oder Herzhaftes hast, bei mir ist f\u00fcr jeden Geschmack etwas dabei! Komm vorbei und g\u00f6nn dir eine kleine Auszeit mit meinen frischen K\u00f6stlichkeiten!<\/p>\n\n\n\n<figure class=\"wp-block-gallery columns-3 is-cropped\"><ul data-carousel-extra='{\"blog_id\":1,\"permalink\":\"https:\\\/\\\/www.brg9.at\\\/web\\\/?page_id=16683\"}' class=\"blocks-gallery-grid\"><li class=\"blocks-gallery-item\"><figure><img data-attachment-id=\"16692\" data-permalink=\"https:\/\/www.brg9.at\/web\/?attachment_id=16692\" data-orig-file=\"https:\/\/www.brg9.at\/web\/wp-content\/uploads\/2025\/11\/2feae2bd-b205-463d-b93d-23e5f4508d3e-1.jpg\" data-orig-size=\"1600,1066\" data-comments-opened=\"0\" data-image-meta=\"{&quot;aperture&quot;:&quot;0&quot;,&quot;credit&quot;:&quot;&quot;,&quot;camera&quot;:&quot;&quot;,&quot;caption&quot;:&quot;&quot;,&quot;created_timestamp&quot;:&quot;1762846738&quot;,&quot;copyright&quot;:&quot;&quot;,&quot;focal_length&quot;:&quot;0&quot;,&quot;iso&quot;:&quot;0&quot;,&quot;shutter_speed&quot;:&quot;0&quot;,&quot;title&quot;:&quot;&quot;,&quot;orientation&quot;:&quot;0&quot;}\" data-image-title=\"2feae2bd-b205-463d-b93d-23e5f4508d3e-1\" data-image-description=\"\" data-medium-file=\"https:\/\/www.brg9.at\/web\/wp-content\/uploads\/2025\/11\/2feae2bd-b205-463d-b93d-23e5f4508d3e-1-596x397.jpg\" data-large-file=\"https:\/\/www.brg9.at\/web\/wp-content\/uploads\/2025\/11\/2feae2bd-b205-463d-b93d-23e5f4508d3e-1-1024x682.jpg\" loading=\"lazy\" width=\"1024\" height=\"682\" src=\"https:\/\/www.brg9.at\/web\/wp-content\/uploads\/2025\/11\/2feae2bd-b205-463d-b93d-23e5f4508d3e-1-1024x682.jpg\" alt=\"\" data-id=\"16692\" data-full-url=\"https:\/\/www.brg9.at\/web\/wp-content\/uploads\/2025\/11\/2feae2bd-b205-463d-b93d-23e5f4508d3e-1.jpg\" data-link=\"https:\/\/www.brg9.at\/web\/?attachment_id=16692\" class=\"wp-image-16692\" srcset=\"https:\/\/www.brg9.at\/web\/wp-content\/uploads\/2025\/11\/2feae2bd-b205-463d-b93d-23e5f4508d3e-1-1024x682.jpg 1024w, https:\/\/www.brg9.at\/web\/wp-content\/uploads\/2025\/11\/2feae2bd-b205-463d-b93d-23e5f4508d3e-1-596x397.jpg 596w, https:\/\/www.brg9.at\/web\/wp-content\/uploads\/2025\/11\/2feae2bd-b205-463d-b93d-23e5f4508d3e-1-1536x1023.jpg 1536w, https:\/\/www.brg9.at\/web\/wp-content\/uploads\/2025\/11\/2feae2bd-b205-463d-b93d-23e5f4508d3e-1-1200x800.jpg 1200w, https:\/\/www.brg9.at\/web\/wp-content\/uploads\/2025\/11\/2feae2bd-b205-463d-b93d-23e5f4508d3e-1.jpg 1600w\" sizes=\"(max-width: 709px) 85vw, (max-width: 909px) 67vw, (max-width: 1362px) 62vw, 840px\" \/><\/figure><\/li><li class=\"blocks-gallery-item\"><figure><img data-attachment-id=\"16693\" data-permalink=\"https:\/\/www.brg9.at\/web\/?attachment_id=16693\" data-orig-file=\"https:\/\/www.brg9.at\/web\/wp-content\/uploads\/2025\/11\/3d485c18-e143-46ab-998d-f87bffd51184-1.jpg\" data-orig-size=\"807,1182\" data-comments-opened=\"0\" data-image-meta=\"{&quot;aperture&quot;:&quot;0&quot;,&quot;credit&quot;:&quot;&quot;,&quot;camera&quot;:&quot;&quot;,&quot;caption&quot;:&quot;&quot;,&quot;created_timestamp&quot;:&quot;1762846738&quot;,&quot;copyright&quot;:&quot;&quot;,&quot;focal_length&quot;:&quot;0&quot;,&quot;iso&quot;:&quot;0&quot;,&quot;shutter_speed&quot;:&quot;0&quot;,&quot;title&quot;:&quot;&quot;,&quot;orientation&quot;:&quot;0&quot;}\" data-image-title=\"3d485c18-e143-46ab-998d-f87bffd51184-1\" data-image-description=\"\" data-medium-file=\"https:\/\/www.brg9.at\/web\/wp-content\/uploads\/2025\/11\/3d485c18-e143-46ab-998d-f87bffd51184-1-410x600.jpg\" data-large-file=\"https:\/\/www.brg9.at\/web\/wp-content\/uploads\/2025\/11\/3d485c18-e143-46ab-998d-f87bffd51184-1-699x1024.jpg\" loading=\"lazy\" width=\"699\" height=\"1024\" src=\"https:\/\/www.brg9.at\/web\/wp-content\/uploads\/2025\/11\/3d485c18-e143-46ab-998d-f87bffd51184-1-699x1024.jpg\" alt=\"\" data-id=\"16693\" data-full-url=\"https:\/\/www.brg9.at\/web\/wp-content\/uploads\/2025\/11\/3d485c18-e143-46ab-998d-f87bffd51184-1.jpg\" data-link=\"https:\/\/www.brg9.at\/web\/?attachment_id=16693\" class=\"wp-image-16693\" srcset=\"https:\/\/www.brg9.at\/web\/wp-content\/uploads\/2025\/11\/3d485c18-e143-46ab-998d-f87bffd51184-1-699x1024.jpg 699w, https:\/\/www.brg9.at\/web\/wp-content\/uploads\/2025\/11\/3d485c18-e143-46ab-998d-f87bffd51184-1-410x600.jpg 410w, https:\/\/www.brg9.at\/web\/wp-content\/uploads\/2025\/11\/3d485c18-e143-46ab-998d-f87bffd51184-1.jpg 807w\" sizes=\"(max-width: 699px) 85vw, 699px\" \/><\/figure><\/li><li class=\"blocks-gallery-item\"><figure><img data-attachment-id=\"16694\" data-permalink=\"https:\/\/www.brg9.at\/web\/?attachment_id=16694\" data-orig-file=\"https:\/\/www.brg9.at\/web\/wp-content\/uploads\/2025\/11\/3ea11005-116c-4f7b-ab2c-438527f48e6f-1.jpg\" data-orig-size=\"1600,1066\" data-comments-opened=\"0\" data-image-meta=\"{&quot;aperture&quot;:&quot;0&quot;,&quot;credit&quot;:&quot;&quot;,&quot;camera&quot;:&quot;&quot;,&quot;caption&quot;:&quot;&quot;,&quot;created_timestamp&quot;:&quot;1762846738&quot;,&quot;copyright&quot;:&quot;&quot;,&quot;focal_length&quot;:&quot;0&quot;,&quot;iso&quot;:&quot;0&quot;,&quot;shutter_speed&quot;:&quot;0&quot;,&quot;title&quot;:&quot;&quot;,&quot;orientation&quot;:&quot;0&quot;}\" data-image-title=\"3ea11005-116c-4f7b-ab2c-438527f48e6f-1\" data-image-description=\"\" data-medium-file=\"https:\/\/www.brg9.at\/web\/wp-content\/uploads\/2025\/11\/3ea11005-116c-4f7b-ab2c-438527f48e6f-1-596x397.jpg\" data-large-file=\"https:\/\/www.brg9.at\/web\/wp-content\/uploads\/2025\/11\/3ea11005-116c-4f7b-ab2c-438527f48e6f-1-1024x682.jpg\" loading=\"lazy\" width=\"1024\" height=\"682\" src=\"https:\/\/www.brg9.at\/web\/wp-content\/uploads\/2025\/11\/3ea11005-116c-4f7b-ab2c-438527f48e6f-1-1024x682.jpg\" alt=\"\" data-id=\"16694\" data-full-url=\"https:\/\/www.brg9.at\/web\/wp-content\/uploads\/2025\/11\/3ea11005-116c-4f7b-ab2c-438527f48e6f-1.jpg\" data-link=\"https:\/\/www.brg9.at\/web\/?attachment_id=16694\" class=\"wp-image-16694\" srcset=\"https:\/\/www.brg9.at\/web\/wp-content\/uploads\/2025\/11\/3ea11005-116c-4f7b-ab2c-438527f48e6f-1-1024x682.jpg 1024w, https:\/\/www.brg9.at\/web\/wp-content\/uploads\/2025\/11\/3ea11005-116c-4f7b-ab2c-438527f48e6f-1-596x397.jpg 596w, https:\/\/www.brg9.at\/web\/wp-content\/uploads\/2025\/11\/3ea11005-116c-4f7b-ab2c-438527f48e6f-1-1536x1023.jpg 1536w, https:\/\/www.brg9.at\/web\/wp-content\/uploads\/2025\/11\/3ea11005-116c-4f7b-ab2c-438527f48e6f-1-1200x800.jpg 1200w, https:\/\/www.brg9.at\/web\/wp-content\/uploads\/2025\/11\/3ea11005-116c-4f7b-ab2c-438527f48e6f-1.jpg 1600w\" sizes=\"(max-width: 709px) 85vw, (max-width: 909px) 67vw, (max-width: 1362px) 62vw, 840px\" \/><\/figure><\/li><li class=\"blocks-gallery-item\"><figure><img data-attachment-id=\"16695\" data-permalink=\"https:\/\/www.brg9.at\/web\/?attachment_id=16695\" data-orig-file=\"https:\/\/www.brg9.at\/web\/wp-content\/uploads\/2025\/11\/9a5dfe74-47b1-41f9-9007-d3bacf00d6a8-1.jpg\" data-orig-size=\"1600,1066\" data-comments-opened=\"0\" data-image-meta=\"{&quot;aperture&quot;:&quot;0&quot;,&quot;credit&quot;:&quot;&quot;,&quot;camera&quot;:&quot;&quot;,&quot;caption&quot;:&quot;&quot;,&quot;created_timestamp&quot;:&quot;1762846738&quot;,&quot;copyright&quot;:&quot;&quot;,&quot;focal_length&quot;:&quot;0&quot;,&quot;iso&quot;:&quot;0&quot;,&quot;shutter_speed&quot;:&quot;0&quot;,&quot;title&quot;:&quot;&quot;,&quot;orientation&quot;:&quot;0&quot;}\" data-image-title=\"9a5dfe74-47b1-41f9-9007-d3bacf00d6a8-1\" data-image-description=\"\" data-medium-file=\"https:\/\/www.brg9.at\/web\/wp-content\/uploads\/2025\/11\/9a5dfe74-47b1-41f9-9007-d3bacf00d6a8-1-596x397.jpg\" data-large-file=\"https:\/\/www.brg9.at\/web\/wp-content\/uploads\/2025\/11\/9a5dfe74-47b1-41f9-9007-d3bacf00d6a8-1-1024x682.jpg\" loading=\"lazy\" width=\"1024\" height=\"682\" src=\"https:\/\/www.brg9.at\/web\/wp-content\/uploads\/2025\/11\/9a5dfe74-47b1-41f9-9007-d3bacf00d6a8-1-1024x682.jpg\" alt=\"\" data-id=\"16695\" data-full-url=\"https:\/\/www.brg9.at\/web\/wp-content\/uploads\/2025\/11\/9a5dfe74-47b1-41f9-9007-d3bacf00d6a8-1.jpg\" data-link=\"https:\/\/www.brg9.at\/web\/?attachment_id=16695\" class=\"wp-image-16695\" srcset=\"https:\/\/www.brg9.at\/web\/wp-content\/uploads\/2025\/11\/9a5dfe74-47b1-41f9-9007-d3bacf00d6a8-1-1024x682.jpg 1024w, https:\/\/www.brg9.at\/web\/wp-content\/uploads\/2025\/11\/9a5dfe74-47b1-41f9-9007-d3bacf00d6a8-1-596x397.jpg 596w, https:\/\/www.brg9.at\/web\/wp-content\/uploads\/2025\/11\/9a5dfe74-47b1-41f9-9007-d3bacf00d6a8-1-1536x1023.jpg 1536w, https:\/\/www.brg9.at\/web\/wp-content\/uploads\/2025\/11\/9a5dfe74-47b1-41f9-9007-d3bacf00d6a8-1-1200x800.jpg 1200w, https:\/\/www.brg9.at\/web\/wp-content\/uploads\/2025\/11\/9a5dfe74-47b1-41f9-9007-d3bacf00d6a8-1.jpg 1600w\" sizes=\"(max-width: 709px) 85vw, (max-width: 909px) 67vw, (max-width: 1362px) 62vw, 840px\" \/><\/figure><\/li><li class=\"blocks-gallery-item\"><figure><img data-attachment-id=\"16696\" data-permalink=\"https:\/\/www.brg9.at\/web\/?attachment_id=16696\" data-orig-file=\"https:\/\/www.brg9.at\/web\/wp-content\/uploads\/2025\/11\/sip.jpg\" data-orig-size=\"616,842\" data-comments-opened=\"0\" data-image-meta=\"{&quot;aperture&quot;:&quot;0&quot;,&quot;credit&quot;:&quot;&quot;,&quot;camera&quot;:&quot;&quot;,&quot;caption&quot;:&quot;&quot;,&quot;created_timestamp&quot;:&quot;0&quot;,&quot;copyright&quot;:&quot;&quot;,&quot;focal_length&quot;:&quot;0&quot;,&quot;iso&quot;:&quot;0&quot;,&quot;shutter_speed&quot;:&quot;0&quot;,&quot;title&quot;:&quot;&quot;,&quot;orientation&quot;:&quot;0&quot;}\" data-image-title=\"sip\" data-image-description=\"\" data-medium-file=\"https:\/\/www.brg9.at\/web\/wp-content\/uploads\/2025\/11\/sip-439x600.jpg\" data-large-file=\"https:\/\/www.brg9.at\/web\/wp-content\/uploads\/2025\/11\/sip.jpg\" loading=\"lazy\" width=\"616\" height=\"842\" src=\"https:\/\/www.brg9.at\/web\/wp-content\/uploads\/2025\/11\/sip.jpg\" alt=\"\" data-id=\"16696\" data-full-url=\"https:\/\/www.brg9.at\/web\/wp-content\/uploads\/2025\/11\/sip.jpg\" data-link=\"https:\/\/www.brg9.at\/web\/?attachment_id=16696\" class=\"wp-image-16696\" srcset=\"https:\/\/www.brg9.at\/web\/wp-content\/uploads\/2025\/11\/sip.jpg 616w, https:\/\/www.brg9.at\/web\/wp-content\/uploads\/2025\/11\/sip-439x600.jpg 439w\" sizes=\"(max-width: 616px) 85vw, 616px\" \/><\/figure><\/li><\/ul><\/figure>\n<div class=\"sharedaddy sd-sharing-enabled\"><div class=\"robots-nocontent sd-block sd-social sd-social-icon-text sd-sharing\"><h3 class=\"sd-title\">Diesen Inhalt teilen:<\/h3><div class=\"sd-content\"><ul><li class=\"share-facebook\"><a rel=\"nofollow noopener noreferrer\" data-shared=\"sharing-facebook-16683\" class=\"share-facebook sd-button share-icon\" href=\"https:\/\/www.brg9.at\/web\/?page_id=16683&amp;share=facebook\" target=\"_blank\" title=\"Klick, um auf Facebook zu teilen\"><span>Facebook<\/span><\/a><\/li><li class=\"share-jetpack-whatsapp\"><a rel=\"nofollow noopener noreferrer\" data-shared=\"\" class=\"share-jetpack-whatsapp sd-button share-icon\" href=\"https:\/\/www.brg9.at\/web\/?page_id=16683&amp;share=jetpack-whatsapp\" target=\"_blank\" title=\"Klicken, um auf WhatsApp zu teilen\"><span>WhatsApp<\/span><\/a><\/li><li class=\"share-print\"><a rel=\"nofollow noopener noreferrer\" data-shared=\"\" class=\"share-print sd-button share-icon\" href=\"https:\/\/www.brg9.at\/web\/?page_id=16683\" target=\"_blank\" title=\"Klicken zum Ausdrucken\"><span>Drucken<\/span><\/a><\/li><li class=\"share-end\"><\/li><\/ul><\/div><\/div><\/div>","protected":false},"excerpt":{"rendered":"<p>Herzlich willkommen im Schulbuffet Manuela Schachner! Bei mir findest du t\u00e4glich frische und gesunde Snacks f\u00fcr deine Pause. Genie\u00dfe kanckige Salate, cremiges Joghurt, frisches Obst und k\u00f6stliche, frisch gebackene Weckerl &#8211; perfekt f\u00fcr einen leckeren Energieschub zwischendurch. Egal, ob du Lust auf etwas Leichtes, Gesundes oder Herzhaftes hast, bei mir ist f\u00fcr jeden Geschmack etwas &hellip; <a href=\"https:\/\/www.brg9.at\/web\/?page_id=16683\" class=\"more-link\"><span class=\"screen-reader-text\">&#8222;Schulbuffet&#8220; <\/span>weiterlesen<\/a><\/p>\n<div class=\"sharedaddy sd-sharing-enabled\"><div class=\"robots-nocontent sd-block sd-social sd-social-icon-text sd-sharing\"><h3 class=\"sd-title\">Diesen Inhalt teilen:<\/h3><div class=\"sd-content\"><ul><li class=\"share-facebook\"><a rel=\"nofollow noopener noreferrer\" data-shared=\"sharing-facebook-16683\" class=\"share-facebook sd-button share-icon\" href=\"https:\/\/www.brg9.at\/web\/?page_id=16683&amp;share=facebook\" target=\"_blank\" title=\"Klick, um auf Facebook zu teilen\"><span>Facebook<\/span><\/a><\/li><li class=\"share-jetpack-whatsapp\"><a rel=\"nofollow noopener noreferrer\" data-shared=\"\" class=\"share-jetpack-whatsapp sd-button share-icon\" href=\"https:\/\/www.brg9.at\/web\/?page_id=16683&amp;share=jetpack-whatsapp\" target=\"_blank\" title=\"Klicken, um auf WhatsApp zu teilen\"><span>WhatsApp<\/span><\/a><\/li><li class=\"share-print\"><a rel=\"nofollow noopener noreferrer\" data-shared=\"\" class=\"share-print sd-button share-icon\" href=\"https:\/\/www.brg9.at\/web\/?page_id=16683\" target=\"_blank\" title=\"Klicken zum Ausdrucken\"><span>Drucken<\/span><\/a><\/li><li class=\"share-end\"><\/li><\/ul><\/div><\/div><\/div>","protected":false},"author":7,"featured_media":0,"parent":0,"menu_order":0,"comment_status":"closed","ping_status":"closed","template":"","meta":{"ngg_post_thumbnail":0,"spay_email":""},"yoast_head":"<!-- This site is optimized with the Yoast SEO plugin v16.2 - https:\/\/yoast.com\/wordpress\/plugins\/seo\/ -->\n<title>Schulbuffet &raquo; BRG9, Erich Fried Realgymnasium<\/title>\n<meta name=\"robots\" content=\"index, follow, max-snippet:-1, max-image-preview:large, max-video-preview:-1\" \/>\n<link rel=\"canonical\" href=\"https:\/\/www.brg9.at\/web\/?page_id=16683\" \/>\n<meta property=\"og:locale\" content=\"de_DE\" \/>\n<meta property=\"og:type\" content=\"article\" \/>\n<meta property=\"og:title\" content=\"Schulbuffet &raquo; BRG9, Erich Fried Realgymnasium\" \/>\n<meta property=\"og:description\" content=\"Herzlich willkommen im Schulbuffet Manuela Schachner! Bei mir findest du t\u00e4glich frische und gesunde Snacks f\u00fcr deine Pause. Genie\u00dfe kanckige Salate, cremiges Joghurt, frisches Obst und k\u00f6stliche, frisch gebackene Weckerl &#8211; perfekt f\u00fcr einen leckeren Energieschub zwischendurch. Egal, ob du Lust auf etwas Leichtes, Gesundes oder Herzhaftes hast, bei mir ist f\u00fcr jeden Geschmack etwas &hellip; &#8222;Schulbuffet&#8220; weiterlesen\" \/>\n<meta property=\"og:url\" content=\"https:\/\/www.brg9.at\/web\/?page_id=16683\" \/>\n<meta property=\"og:site_name\" content=\"BRG9, Erich Fried Realgymnasium\" \/>\n<meta property=\"article:modified_time\" content=\"2025-11-12T07:43:27+00:00\" \/>\n<meta property=\"og:image\" content=\"https:\/\/www.brg9.at\/web\/wp-content\/uploads\/2025\/11\/2feae2bd-b205-463d-b93d-23e5f4508d3e-1-1024x682.jpg\" \/>\n<meta name=\"twitter:card\" content=\"summary\" \/>\n<meta name=\"twitter:label1\" content=\"Gesch\u00e4tzte Lesezeit\">\n\t<meta name=\"twitter:data1\" content=\"2 Minuten\">\n<script type=\"application\/ld+json\" class=\"yoast-schema-graph\">{\"@context\":\"https:\/\/schema.org\",\"@graph\":[{\"@type\":\"WebSite\",\"@id\":\"https:\/\/www.brg9.at\/web\/#website\",\"url\":\"https:\/\/www.brg9.at\/web\/\",\"name\":\"BRG9, Erich Fried Realgymnasium\",\"description\":\"Die Website des BRG9 - Erich Fried Realgymnasium. Wien 9, Glasergasse 25.\",\"potentialAction\":[{\"@type\":\"SearchAction\",\"target\":\"https:\/\/www.brg9.at\/web\/?s={search_term_string}\",\"query-input\":\"required name=search_term_string\"}],\"inLanguage\":\"de-DE\"},{\"@type\":\"ImageObject\",\"@id\":\"https:\/\/www.brg9.at\/web\/?page_id=16683#primaryimage\",\"inLanguage\":\"de-DE\",\"url\":\"https:\/\/www.brg9.at\/web\/wp-content\/uploads\/2025\/11\/2feae2bd-b205-463d-b93d-23e5f4508d3e-1.jpg\",\"contentUrl\":\"https:\/\/www.brg9.at\/web\/wp-content\/uploads\/2025\/11\/2feae2bd-b205-463d-b93d-23e5f4508d3e-1.jpg\",\"width\":1600,\"height\":1066},{\"@type\":\"WebPage\",\"@id\":\"https:\/\/www.brg9.at\/web\/?page_id=16683#webpage\",\"url\":\"https:\/\/www.brg9.at\/web\/?page_id=16683\",\"name\":\"Schulbuffet &raquo; BRG9, Erich Fried Realgymnasium\",\"isPartOf\":{\"@id\":\"https:\/\/www.brg9.at\/web\/#website\"},\"primaryImageOfPage\":{\"@id\":\"https:\/\/www.brg9.at\/web\/?page_id=16683#primaryimage\"},\"datePublished\":\"2025-11-11T20:56:27+00:00\",\"dateModified\":\"2025-11-12T07:43:27+00:00\",\"breadcrumb\":{\"@id\":\"https:\/\/www.brg9.at\/web\/?page_id=16683#breadcrumb\"},\"inLanguage\":\"de-DE\",\"potentialAction\":[{\"@type\":\"ReadAction\",\"target\":[\"https:\/\/www.brg9.at\/web\/?page_id=16683\"]}]},{\"@type\":\"BreadcrumbList\",\"@id\":\"https:\/\/www.brg9.at\/web\/?page_id=16683#breadcrumb\",\"itemListElement\":[{\"@type\":\"ListItem\",\"position\":1,\"item\":{\"@type\":\"WebPage\",\"@id\":\"https:\/\/www.brg9.at\/web\/\",\"url\":\"https:\/\/www.brg9.at\/web\/\",\"name\":\"Home\"}},{\"@type\":\"ListItem\",\"position\":2,\"item\":{\"@id\":\"https:\/\/www.brg9.at\/web\/?page_id=16683#webpage\"}}]}]}<\/script>\n<!-- \/ Yoast SEO plugin. -->","jetpack_sharing_enabled":true,"_links":{"self":[{"href":"https:\/\/www.brg9.at\/web\/index.php?rest_route=\/wp\/v2\/pages\/16683"}],"collection":[{"href":"https:\/\/www.brg9.at\/web\/index.php?rest_route=\/wp\/v2\/pages"}],"about":[{"href":"https:\/\/www.brg9.at\/web\/index.php?rest_route=\/wp\/v2\/types\/page"}],"author":[{"embeddable":true,"href":"https:\/\/www.brg9.at\/web\/index.php?rest_route=\/wp\/v2\/users\/7"}],"replies":[{"embeddable":true,"href":"https:\/\/www.brg9.at\/web\/index.php?rest_route=%2Fwp%2Fv2%2Fcomments&post=16683"}],"version-history":[{"count":3,"href":"https:\/\/www.brg9.at\/web\/index.php?rest_route=\/wp\/v2\/pages\/16683\/revisions"}],"predecessor-version":[{"id":16699,"href":"https:\/\/www.brg9.at\/web\/index.php?rest_route=\/wp\/v2\/pages\/16683\/revisions\/16699"}],"wp:attachment":[{"href":"https:\/\/www.brg9.at\/web\/index.php?rest_route=%2Fwp%2Fv2%2Fmedia&parent=16683"}],"curies":[{"name":"wp","href":"https:\/\/api.w.org\/{rel}","templated":true}]}}