{"id":340,"date":"2016-03-22T10:32:42","date_gmt":"2016-03-22T09:32:42","guid":{"rendered":"http:\/\/www.brg9.at\/web\/?page_id=340"},"modified":"2024-12-06T12:09:49","modified_gmt":"2024-12-06T11:09:49","slug":"oberstufe","status":"publish","type":"page","link":"https:\/\/www.brg9.at\/web\/?page_id=340","title":{"rendered":"Oberstufe"},"content":{"rendered":"<h2>Die Oberstufe am Erich Fried Realgymnasium<\/h2>\n<p>Die <span style=\"color: #ad0052;\">5. Klasse<\/span> (9. Schulstufe) wird typengemischt als Realgymnasium und wirtschaftskundliches Realgymnasium gef\u00fchrt. Ab der <span style=\"color: #ad0052;\">6. Klasse <\/span>(10. Schulstufe) findet der Unterricht in Basis-, typenbildenden und freien Wahlmodulen statt.<\/p>\n<h2>Folgende Entscheidungen sind in der Oberstufe zu treffen:<\/h2>\n<ul>\n<li style=\"text-align: justify;\"><span style=\"color: #181818;\">5. Klasse:<\/span> Entscheidung f\u00fcr <span style=\"color: #ad0052;\">Franz\u00f6sisch <\/span>oder <span style=\"color: #e3e228;\"><span style=\"color: #ad0052;\">Latein<\/span> <\/span>als alternatives Basismodul im Laufe der Oberstufe<\/li>\n<li style=\"text-align: justify;\"><span style=\"color: #181818;\">6. Klasse:<\/span> Entscheidung f\u00fcr Schultyp <span style=\"color: #ad0052;\">Realgymnasium <\/span>oder <span style=\"color: #e3e228;\"><span style=\"color: #ad0052;\">Wirtschaftskundliches<\/span> <span style=\"color: #ad0052;\">Realgymnasium<\/span><\/span><\/li>\n<li style=\"text-align: justify;\"><span style=\"color: #181818;\">7. Klasse:<\/span> Entscheidung im Schultyp Realgymnasium zwischen <span style=\"color: #ad0052;\">Naturwissenschaftlichem Realgymnasium <\/span>und <span style=\"color: #ad0052;\">Realgymnasium mit Darstellender Geometrie<\/span> sowie Entscheidung zwischen &#8222;<span style=\"color: #ad0052;\">Kunst und Gestaltung&#8220; <\/span>und &#8222;<span style=\"color: #ad0052;\">Musik&#8220; <\/span>als alternativem Basismodul in allen Schultypen<\/li>\n<li>6., 7. und 8. Klasse: Entscheidung f\u00fcr insgesamt 22 typenbildende und freie Wahlmodule (zu jeweils zwei Semesterwochenstunden); typenbildende Module ergeben sich aufgrund der Wahl des Schultyps; freie Wahlmodule k\u00f6nnen nach pers\u00f6nlichem Interesse und individueller Schwerpunktsetzung gew\u00e4hlt werden<\/li>\n<li>Wann f\u00fcr welchen Schultyp typenbildende Module verpflichtend vorgesehen sind, finden Sie <a href=\"https:\/\/www.brg9.at\/web\/wp-content\/uploads\/2024\/12\/MOST-2.0_Erklaerung-Wahl-und-Modulsystem.pdf\" target=\"_blank\" rel=\"noopener\">hier<\/a><\/li>\n<\/ul>\n<h2>Ziele der Oberstufe<\/h2>\n<ul>\n<li>mehr individuelle Schwerpunktsetzung f\u00fcr Sch\u00fclerInnen<\/li>\n<li>Vermeiden des Wiederholens bereits positiv absolvierter Module<\/li>\n<li>mehr Wahlfreiheit durch Wahlmodul-Pool &#8211; siehe <a href=\"https:\/\/www.brg9.at\/skole\/\" target=\"_blank\" rel=\"noopener noreferrer\">Kursbuch<\/a><\/li>\n<\/ul>\n<h2>Aktuelles zur Oberstufe<\/h2>\n<p>Das neue Kursbuch f\u00fcr die Module ist ab ungef\u00e4hr Mitte J\u00e4nner online. Zu finden <a href=\"https:\/\/www.brg9.at\/skole\" target=\"_blank\" rel=\"noopener noreferrer\">hier<\/a>.<br \/>\n<strong>Vorwahl<\/strong>: immer Mitte Februar, Hauptwahl: Anfang M\u00e4rz<\/p>\n<h2>Auslaufend: Neue Oberstufe mit verst\u00e4rkter Individualisierung (NOVI)<\/h2>\n<p>Auslaufend bis ins Schuljahr 2024\/25 f\u00fchren wir in den Oberstufenklassen den Schulversuch NOVI. Dieser ist eine Fortf\u00fchrung der MOST (Modulare Oberstufe) unter Ber\u00fccksichtigung der von der Regierung 2017 beschlossenen Neuen Oberstufe (NOST). Wichtigstes Element dieses Schulversuchs ist die Wahlfreiheit durch einsemestrige Wahlmodule.<\/p>\n<p><a href=\"https:\/\/www.bmbwf.gv.at\/Themen\/schule\/zrp\/nost.html\" target=\"_blank\" rel=\"noopener noreferrer\">FAQ\u00b4S 2021<\/a><\/p>\n<p>Auch haben wir, unabh\u00e4ngig vom Schulversuch NOVI, die Stundentafel adaptiert. Welcher Unterricht im auslaufenden Schulversuch NOVI wann besucht werden muss, zeigt <a href=\"https:\/\/www.brg9.at\/web\/wp-content\/uploads\/2024\/09\/Stundentafel-NOVI14.pdf\">diese Stundentafel<\/a>.<\/p>\n<h2>Modulare Oberstufe im Regelschulwesen ab 2023\/24<\/h2>\n<p>Seit dem Schuljahr 2023\/2024 f\u00fchren wir unsere Oberstufe, beginnend mit der sechsten Klasse, als semestrierte \u201eModulare Oberstufe\u201c (\u00a7 36a Abs. 1a SchUG). Damit wurde der bisherige Schulversuch ins Regelschulwesen \u00fcbernommen, wobei die wichtigsten Eckpunkte, wie die Wahlfreiheit durch einsemestrige Wahlmodule erhalten bleibt. Allf\u00e4llige \u00c4nderungen bez\u00fcglich Aufstieg, Pr\u00fcfungen etc. finden Sie <a href=\"https:\/\/www.brg9.at\/web\/wp-content\/uploads\/2023\/09\/Eckpunkte-der-modularen-Oberstufe-im-Regelschulwesen.pdf\" target=\"_blank\" rel=\"noopener\">hier<\/a>.<\/p>\n<p>Ab dem Schuljahr 2023\/24 gilt f\u00fcr die Sch\u00fclerInnen der modularen Oberstufe <a href=\"https:\/\/www.brg9.at\/web\/wp-content\/uploads\/2024\/11\/Stundentafel-MOST-2.0.pdf\">folgende Stundentafel<\/a><\/p>\n<h2>Haben Sie Fragen zur Oberstufe?<\/h2>\n<p>Einfach ein Mail an <span class=\"letstalk\">oberstufe at brg9 punkt at<\/span> senden!<\/p>\n<div class=\"sharedaddy sd-sharing-enabled\"><div class=\"robots-nocontent sd-block sd-social sd-social-icon-text sd-sharing\"><h3 class=\"sd-title\">Diesen Inhalt teilen:<\/h3><div class=\"sd-content\"><ul><li class=\"share-facebook\"><a rel=\"nofollow noopener noreferrer\" data-shared=\"sharing-facebook-340\" class=\"share-facebook sd-button share-icon\" href=\"https:\/\/www.brg9.at\/web\/?page_id=340&amp;share=facebook\" target=\"_blank\" title=\"Klick, um auf Facebook zu teilen\"><span>Facebook<\/span><\/a><\/li><li class=\"share-jetpack-whatsapp\"><a rel=\"nofollow noopener noreferrer\" data-shared=\"\" class=\"share-jetpack-whatsapp sd-button share-icon\" href=\"https:\/\/www.brg9.at\/web\/?page_id=340&amp;share=jetpack-whatsapp\" target=\"_blank\" title=\"Klicken, um auf WhatsApp zu teilen\"><span>WhatsApp<\/span><\/a><\/li><li class=\"share-print\"><a rel=\"nofollow noopener noreferrer\" data-shared=\"\" class=\"share-print sd-button share-icon\" href=\"https:\/\/www.brg9.at\/web\/?page_id=340\" target=\"_blank\" title=\"Klicken zum Ausdrucken\"><span>Drucken<\/span><\/a><\/li><li class=\"share-end\"><\/li><\/ul><\/div><\/div><\/div>","protected":false},"excerpt":{"rendered":"<p>Die Oberstufe am EFRG f\u00fchrt souerv\u00e4n zur Matura. Ab der 6. Klassen f\u00fchren wir die Klassen im Modulsystem. Hier finden Sie die wichtigsten Infos dazu.<\/p>\n<div class=\"sharedaddy sd-sharing-enabled\"><div class=\"robots-nocontent sd-block sd-social sd-social-icon-text sd-sharing\"><h3 class=\"sd-title\">Diesen Inhalt teilen:<\/h3><div class=\"sd-content\"><ul><li class=\"share-facebook\"><a rel=\"nofollow noopener noreferrer\" data-shared=\"sharing-facebook-340\" class=\"share-facebook sd-button share-icon\" href=\"https:\/\/www.brg9.at\/web\/?page_id=340&amp;share=facebook\" target=\"_blank\" title=\"Klick, um auf Facebook zu teilen\"><span>Facebook<\/span><\/a><\/li><li class=\"share-jetpack-whatsapp\"><a rel=\"nofollow noopener noreferrer\" data-shared=\"\" class=\"share-jetpack-whatsapp sd-button share-icon\" href=\"https:\/\/www.brg9.at\/web\/?page_id=340&amp;share=jetpack-whatsapp\" target=\"_blank\" title=\"Klicken, um auf WhatsApp zu teilen\"><span>WhatsApp<\/span><\/a><\/li><li class=\"share-print\"><a rel=\"nofollow noopener noreferrer\" data-shared=\"\" class=\"share-print sd-button share-icon\" href=\"https:\/\/www.brg9.at\/web\/?page_id=340\" target=\"_blank\" title=\"Klicken zum Ausdrucken\"><span>Drucken<\/span><\/a><\/li><li class=\"share-end\"><\/li><\/ul><\/div><\/div><\/div>","protected":false},"author":6,"featured_media":0,"parent":0,"menu_order":0,"comment_status":"closed","ping_status":"closed","template":"","meta":{"ngg_post_thumbnail":0,"spay_email":""},"yoast_head":"<!-- This site is optimized with the Yoast SEO plugin v16.2 - https:\/\/yoast.com\/wordpress\/plugins\/seo\/ -->\n<title>Oberstufe &raquo; BRG9, Erich Fried Realgymnasium<\/title>\n<meta name=\"robots\" content=\"index, follow, max-snippet:-1, max-image-preview:large, max-video-preview:-1\" \/>\n<link rel=\"canonical\" href=\"https:\/\/www.brg9.at\/web\/?page_id=340\" \/>\n<meta property=\"og:locale\" content=\"de_DE\" \/>\n<meta property=\"og:type\" content=\"article\" \/>\n<meta property=\"og:title\" content=\"Oberstufe &raquo; BRG9, Erich Fried Realgymnasium\" \/>\n<meta property=\"og:description\" content=\"Die Oberstufe am EFRG f\u00fchrt souerv\u00e4n zur Matura. Ab der 6. Klassen f\u00fchren wir die Klassen im Modulsystem. Hier finden Sie die wichtigsten Infos dazu.\" \/>\n<meta property=\"og:url\" content=\"https:\/\/www.brg9.at\/web\/?page_id=340\" \/>\n<meta property=\"og:site_name\" content=\"BRG9, Erich Fried Realgymnasium\" \/>\n<meta property=\"article:modified_time\" content=\"2024-12-06T11:09:49+00:00\" \/>\n<meta property=\"og:image\" content=\"https:\/\/www.brg9.at\/web\/wp-content\/uploads\/2016\/02\/brg9_solo_rgb_share.jpg\" \/>\n\t<meta property=\"og:image:width\" content=\"800\" \/>\n\t<meta property=\"og:image:height\" content=\"600\" \/>\n<meta name=\"twitter:card\" content=\"summary\" \/>\n<meta name=\"twitter:label1\" content=\"Gesch\u00e4tzte Lesezeit\">\n\t<meta name=\"twitter:data1\" content=\"2 Minuten\">\n<script type=\"application\/ld+json\" class=\"yoast-schema-graph\">{\"@context\":\"https:\/\/schema.org\",\"@graph\":[{\"@type\":\"WebSite\",\"@id\":\"https:\/\/www.brg9.at\/web\/#website\",\"url\":\"https:\/\/www.brg9.at\/web\/\",\"name\":\"BRG9, Erich Fried Realgymnasium\",\"description\":\"Die Website des BRG9 - Erich Fried Realgymnasium. Wien 9, Glasergasse 25.\",\"potentialAction\":[{\"@type\":\"SearchAction\",\"target\":\"https:\/\/www.brg9.at\/web\/?s={search_term_string}\",\"query-input\":\"required name=search_term_string\"}],\"inLanguage\":\"de-DE\"},{\"@type\":\"WebPage\",\"@id\":\"https:\/\/www.brg9.at\/web\/?page_id=340#webpage\",\"url\":\"https:\/\/www.brg9.at\/web\/?page_id=340\",\"name\":\"Oberstufe &raquo; BRG9, Erich Fried Realgymnasium\",\"isPartOf\":{\"@id\":\"https:\/\/www.brg9.at\/web\/#website\"},\"datePublished\":\"2016-03-22T09:32:42+00:00\",\"dateModified\":\"2024-12-06T11:09:49+00:00\",\"breadcrumb\":{\"@id\":\"https:\/\/www.brg9.at\/web\/?page_id=340#breadcrumb\"},\"inLanguage\":\"de-DE\",\"potentialAction\":[{\"@type\":\"ReadAction\",\"target\":[\"https:\/\/www.brg9.at\/web\/?page_id=340\"]}]},{\"@type\":\"BreadcrumbList\",\"@id\":\"https:\/\/www.brg9.at\/web\/?page_id=340#breadcrumb\",\"itemListElement\":[{\"@type\":\"ListItem\",\"position\":1,\"item\":{\"@type\":\"WebPage\",\"@id\":\"https:\/\/www.brg9.at\/web\/\",\"url\":\"https:\/\/www.brg9.at\/web\/\",\"name\":\"Home\"}},{\"@type\":\"ListItem\",\"position\":2,\"item\":{\"@id\":\"https:\/\/www.brg9.at\/web\/?page_id=340#webpage\"}}]}]}<\/script>\n<!-- \/ Yoast SEO plugin. -->","jetpack_sharing_enabled":true,"_links":{"self":[{"href":"https:\/\/www.brg9.at\/web\/index.php?rest_route=\/wp\/v2\/pages\/340"}],"collection":[{"href":"https:\/\/www.brg9.at\/web\/index.php?rest_route=\/wp\/v2\/pages"}],"about":[{"href":"https:\/\/www.brg9.at\/web\/index.php?rest_route=\/wp\/v2\/types\/page"}],"author":[{"embeddable":true,"href":"https:\/\/www.brg9.at\/web\/index.php?rest_route=\/wp\/v2\/users\/6"}],"replies":[{"embeddable":true,"href":"https:\/\/www.brg9.at\/web\/index.php?rest_route=%2Fwp%2Fv2%2Fcomments&post=340"}],"version-history":[{"count":33,"href":"https:\/\/www.brg9.at\/web\/index.php?rest_route=\/wp\/v2\/pages\/340\/revisions"}],"predecessor-version":[{"id":14821,"href":"https:\/\/www.brg9.at\/web\/index.php?rest_route=\/wp\/v2\/pages\/340\/revisions\/14821"}],"wp:attachment":[{"href":"https:\/\/www.brg9.at\/web\/index.php?rest_route=%2Fwp%2Fv2%2Fmedia&parent=340"}],"curies":[{"name":"wp","href":"https:\/\/api.w.org\/{rel}","templated":true}]}}