{"id":44,"date":"2016-02-11T11:52:53","date_gmt":"2016-02-11T10:52:53","guid":{"rendered":"http:\/\/www.brg9.at\/~wordpress\/?page_id=44"},"modified":"2025-12-18T16:11:03","modified_gmt":"2025-12-18T15:11:03","slug":"downloads","status":"publish","type":"page","link":"https:\/\/www.brg9.at\/web\/?page_id=44","title":{"rendered":"Downloads"},"content":{"rendered":"<h1>Downloadbereich<\/h1>\n<p><a href=\"https:\/\/www.brg9.at\/web\/wp-content\/uploads\/2024\/09\/Sammelpunkt-bei-Brand-BRG-9_neu.pdf\" target=\"_blank\" rel=\"noreferrer noopener\" data-rich-text-format-boundary=\"true\">Fluchtplan <\/a>bei Brand BRG 9<\/p>\n<p><a href=\"https:\/\/www.brg9.at\/web\/wp-content\/uploads\/2016\/03\/benachrichtigung.pdf\" target=\"_blank\" rel=\"noopener\">Entschuldigungsformular<\/a> f\u00fcr vers\u00e4umten Unterricht<\/p>\n<p><a href=\"https:\/\/www.brg9.at\/web\/wp-content\/uploads\/2025\/09\/Abmeldungen.pdf\" target=\"_blank\" rel=\"noopener\">Abmeldung <\/a>vom Schulbesuch<\/p>\n<p><a href=\"https:\/\/www.brg9.at\/web\/wp-content\/uploads\/2025\/08\/Blackout-Formular-BRG-9-Unterstufe.pdf\">Formular Blackout-Entlassungsmanagement Unterstufe<\/a><\/p>\n<p><a href=\"https:\/\/www.brg9.at\/web\/wp-content\/uploads\/2025\/08\/Blackout-Formular-BRG-9-Oberstufe.pdf\">Formular Blackout-Entlassungsmanagement Oberstufe<\/a><\/p>\n<p><a href=\"https:\/\/www.brg9.at\/web\/wp-content\/uploads\/2023\/08\/Einverstaendniserklaerung-Schulpsychologische-Beratung.pdf\" target=\"_blank\" rel=\"noopener\">Einverst\u00e4ndniserkl\u00e4rung<\/a> zur schulpsychologischen Beratung unm\u00fcndiger Sch\u00fclerInnen<\/p>\n<p><a href=\"https:\/\/www.brg9.at\/web\/wp-content\/uploads\/2022\/09\/20220901_Anleitung_Webuntis_Elternaccount_Einsteig_Nachrichten_Passwort_aendern.pdf\">Anleitung webuntis<\/a><\/p>\n<p><a href=\"https:\/\/www.brg9.at\/web\/wp-content\/uploads\/2024\/09\/webuntis-app.pdf\" target=\"_blank\" rel=\"noopener\">Anleitung Installation von webuntis am Smartphone<\/a><\/p>\n<p><a href=\"https:\/\/www.brg9.at\/web\/wp-content\/uploads\/2025\/12\/Windows-Update_Anleitung.pdf\" target=\"_blank\" rel=\"noopener\">Anleitung f\u00fcr Windows Update<\/a><\/p>\n<p><a href=\"https:\/\/www.brg9.at\/web\/wp-content\/uploads\/2016\/02\/brg9_subline_rgb-002.jpg\" target=\"_blank\" rel=\"noopener\">Schullogo<\/a><\/p>\n<p>Aktueller <a href=\"https:\/\/www.brg9.at\/web\/sonstiges\/speiseplan.pdf\">Speiseplan <\/a>der Nachmittagsbetreuung in der Caritas.<\/p>\n<p>&#8222;AusBildungspflicht bis 18&#8220;: <a href=\"https:\/\/www.brg9.at\/web\/wp-content\/uploads\/2016\/02\/Beilage__Informations-_und_Umsetzungserlass_Schulen.pdf\" target=\"_blank\" rel=\"noopener\">Informations- und Umsetzungserlass<\/a>, <a href=\"https:\/\/www.brg9.at\/web\/wp-content\/uploads\/2016\/02\/Brief_an_Sch\u00fclerIn.pdf\" target=\"_blank\" rel=\"noopener\">Sch\u00fclerInnen<\/a>, <a href=\"https:\/\/www.brg9.at\/web\/wp-content\/uploads\/2016\/02\/Brief_an_Erziehungsberechtigte.pdf\" target=\"_blank\" rel=\"noopener\">Erziehungsberechtigte<\/a><\/p>\n<div class=\"sharedaddy sd-sharing-enabled\"><div class=\"robots-nocontent sd-block sd-social sd-social-icon-text sd-sharing\"><h3 class=\"sd-title\">Diesen Inhalt teilen:<\/h3><div class=\"sd-content\"><ul><li class=\"share-facebook\"><a rel=\"nofollow noopener noreferrer\" data-shared=\"sharing-facebook-44\" class=\"share-facebook sd-button share-icon\" href=\"https:\/\/www.brg9.at\/web\/?page_id=44&amp;share=facebook\" target=\"_blank\" title=\"Klick, um auf Facebook zu teilen\"><span>Facebook<\/span><\/a><\/li><li class=\"share-jetpack-whatsapp\"><a rel=\"nofollow noopener noreferrer\" data-shared=\"\" class=\"share-jetpack-whatsapp sd-button share-icon\" href=\"https:\/\/www.brg9.at\/web\/?page_id=44&amp;share=jetpack-whatsapp\" target=\"_blank\" title=\"Klicken, um auf WhatsApp zu teilen\"><span>WhatsApp<\/span><\/a><\/li><li class=\"share-print\"><a rel=\"nofollow noopener noreferrer\" data-shared=\"\" class=\"share-print sd-button share-icon\" href=\"https:\/\/www.brg9.at\/web\/?page_id=44\" target=\"_blank\" title=\"Klicken zum Ausdrucken\"><span>Drucken<\/span><\/a><\/li><li class=\"share-end\"><\/li><\/ul><\/div><\/div><\/div>","protected":false},"excerpt":{"rendered":"<p>Downloadbereich Fluchtplan bei Brand BRG 9 Entschuldigungsformular f\u00fcr vers\u00e4umten Unterricht Abmeldung vom Schulbesuch Formular Blackout-Entlassungsmanagement Unterstufe Formular Blackout-Entlassungsmanagement Oberstufe Einverst\u00e4ndniserkl\u00e4rung zur schulpsychologischen Beratung unm\u00fcndiger Sch\u00fclerInnen Anleitung webuntis Anleitung Installation von webuntis am Smartphone Anleitung f\u00fcr Windows Update Schullogo Aktueller Speiseplan der Nachmittagsbetreuung in der Caritas. &#8222;AusBildungspflicht bis 18&#8220;: Informations- und Umsetzungserlass, Sch\u00fclerInnen, Erziehungsberechtigte<\/p>\n<div class=\"sharedaddy sd-sharing-enabled\"><div class=\"robots-nocontent sd-block sd-social sd-social-icon-text sd-sharing\"><h3 class=\"sd-title\">Diesen Inhalt teilen:<\/h3><div class=\"sd-content\"><ul><li class=\"share-facebook\"><a rel=\"nofollow noopener noreferrer\" data-shared=\"sharing-facebook-44\" class=\"share-facebook sd-button share-icon\" href=\"https:\/\/www.brg9.at\/web\/?page_id=44&amp;share=facebook\" target=\"_blank\" title=\"Klick, um auf Facebook zu teilen\"><span>Facebook<\/span><\/a><\/li><li class=\"share-jetpack-whatsapp\"><a rel=\"nofollow noopener noreferrer\" data-shared=\"\" class=\"share-jetpack-whatsapp sd-button share-icon\" href=\"https:\/\/www.brg9.at\/web\/?page_id=44&amp;share=jetpack-whatsapp\" target=\"_blank\" title=\"Klicken, um auf WhatsApp zu teilen\"><span>WhatsApp<\/span><\/a><\/li><li class=\"share-print\"><a rel=\"nofollow noopener noreferrer\" data-shared=\"\" class=\"share-print sd-button share-icon\" href=\"https:\/\/www.brg9.at\/web\/?page_id=44\" target=\"_blank\" title=\"Klicken zum Ausdrucken\"><span>Drucken<\/span><\/a><\/li><li class=\"share-end\"><\/li><\/ul><\/div><\/div><\/div>","protected":false},"author":1,"featured_media":0,"parent":0,"menu_order":0,"comment_status":"closed","ping_status":"closed","template":"","meta":{"ngg_post_thumbnail":0,"spay_email":""},"yoast_head":"<!-- This site is optimized with the Yoast SEO plugin v16.2 - https:\/\/yoast.com\/wordpress\/plugins\/seo\/ -->\n<title>Downloads &raquo; BRG9, Erich Fried Realgymnasium<\/title>\n<meta name=\"robots\" content=\"index, follow, max-snippet:-1, max-image-preview:large, max-video-preview:-1\" \/>\n<link rel=\"canonical\" href=\"https:\/\/www.brg9.at\/web\/?page_id=44\" \/>\n<meta property=\"og:locale\" content=\"de_DE\" \/>\n<meta property=\"og:type\" content=\"article\" \/>\n<meta property=\"og:title\" content=\"Downloads &raquo; BRG9, Erich Fried Realgymnasium\" \/>\n<meta property=\"og:description\" content=\"Downloadbereich Fluchtplan bei Brand BRG 9 Entschuldigungsformular f\u00fcr vers\u00e4umten Unterricht Abmeldung vom Schulbesuch Formular Blackout-Entlassungsmanagement Unterstufe Formular Blackout-Entlassungsmanagement Oberstufe Einverst\u00e4ndniserkl\u00e4rung zur schulpsychologischen Beratung unm\u00fcndiger Sch\u00fclerInnen Anleitung webuntis Anleitung Installation von webuntis am Smartphone Anleitung f\u00fcr Windows Update Schullogo Aktueller Speiseplan der Nachmittagsbetreuung in der Caritas. &#8222;AusBildungspflicht bis 18&#8220;: Informations- und Umsetzungserlass, Sch\u00fclerInnen, Erziehungsberechtigte\" \/>\n<meta property=\"og:url\" content=\"https:\/\/www.brg9.at\/web\/?page_id=44\" \/>\n<meta property=\"og:site_name\" content=\"BRG9, Erich Fried Realgymnasium\" \/>\n<meta property=\"article:modified_time\" content=\"2025-12-18T15:11:03+00:00\" \/>\n<meta property=\"og:image\" content=\"https:\/\/www.brg9.at\/web\/wp-content\/uploads\/2016\/02\/brg9_solo_rgb_share.jpg\" \/>\n\t<meta property=\"og:image:width\" content=\"800\" \/>\n\t<meta property=\"og:image:height\" content=\"600\" \/>\n<meta name=\"twitter:card\" content=\"summary\" \/>\n<meta name=\"twitter:label1\" content=\"Gesch\u00e4tzte Lesezeit\">\n\t<meta name=\"twitter:data1\" content=\"1 Minute\">\n<script type=\"application\/ld+json\" class=\"yoast-schema-graph\">{\"@context\":\"https:\/\/schema.org\",\"@graph\":[{\"@type\":\"WebSite\",\"@id\":\"https:\/\/www.brg9.at\/web\/#website\",\"url\":\"https:\/\/www.brg9.at\/web\/\",\"name\":\"BRG9, Erich Fried Realgymnasium\",\"description\":\"Die Website des BRG9 - Erich Fried Realgymnasium. Wien 9, Glasergasse 25.\",\"potentialAction\":[{\"@type\":\"SearchAction\",\"target\":\"https:\/\/www.brg9.at\/web\/?s={search_term_string}\",\"query-input\":\"required name=search_term_string\"}],\"inLanguage\":\"de-DE\"},{\"@type\":\"WebPage\",\"@id\":\"https:\/\/www.brg9.at\/web\/?page_id=44#webpage\",\"url\":\"https:\/\/www.brg9.at\/web\/?page_id=44\",\"name\":\"Downloads &raquo; BRG9, Erich Fried Realgymnasium\",\"isPartOf\":{\"@id\":\"https:\/\/www.brg9.at\/web\/#website\"},\"datePublished\":\"2016-02-11T10:52:53+00:00\",\"dateModified\":\"2025-12-18T15:11:03+00:00\",\"breadcrumb\":{\"@id\":\"https:\/\/www.brg9.at\/web\/?page_id=44#breadcrumb\"},\"inLanguage\":\"de-DE\",\"potentialAction\":[{\"@type\":\"ReadAction\",\"target\":[\"https:\/\/www.brg9.at\/web\/?page_id=44\"]}]},{\"@type\":\"BreadcrumbList\",\"@id\":\"https:\/\/www.brg9.at\/web\/?page_id=44#breadcrumb\",\"itemListElement\":[{\"@type\":\"ListItem\",\"position\":1,\"item\":{\"@type\":\"WebPage\",\"@id\":\"https:\/\/www.brg9.at\/web\/\",\"url\":\"https:\/\/www.brg9.at\/web\/\",\"name\":\"Home\"}},{\"@type\":\"ListItem\",\"position\":2,\"item\":{\"@id\":\"https:\/\/www.brg9.at\/web\/?page_id=44#webpage\"}}]}]}<\/script>\n<!-- \/ Yoast SEO plugin. -->","jetpack_sharing_enabled":true,"_links":{"self":[{"href":"https:\/\/www.brg9.at\/web\/index.php?rest_route=\/wp\/v2\/pages\/44"}],"collection":[{"href":"https:\/\/www.brg9.at\/web\/index.php?rest_route=\/wp\/v2\/pages"}],"about":[{"href":"https:\/\/www.brg9.at\/web\/index.php?rest_route=\/wp\/v2\/types\/page"}],"author":[{"embeddable":true,"href":"https:\/\/www.brg9.at\/web\/index.php?rest_route=\/wp\/v2\/users\/1"}],"replies":[{"embeddable":true,"href":"https:\/\/www.brg9.at\/web\/index.php?rest_route=%2Fwp%2Fv2%2Fcomments&post=44"}],"version-history":[{"count":36,"href":"https:\/\/www.brg9.at\/web\/index.php?rest_route=\/wp\/v2\/pages\/44\/revisions"}],"predecessor-version":[{"id":16848,"href":"https:\/\/www.brg9.at\/web\/index.php?rest_route=\/wp\/v2\/pages\/44\/revisions\/16848"}],"wp:attachment":[{"href":"https:\/\/www.brg9.at\/web\/index.php?rest_route=%2Fwp%2Fv2%2Fmedia&parent=44"}],"curies":[{"name":"wp","href":"https:\/\/api.w.org\/{rel}","templated":true}]}}