{"id":441,"date":"2016-03-21T08:55:00","date_gmt":"2016-03-21T07:55:00","guid":{"rendered":"http:\/\/www.brg9.at\/web\/?page_id=441"},"modified":"2026-02-09T14:53:03","modified_gmt":"2026-02-09T13:53:03","slug":"lehrende","status":"publish","type":"page","link":"https:\/\/www.brg9.at\/web\/?page_id=441","title":{"rendered":"Lehrende"},"content":{"rendered":"<h1>Unser Team<\/h1>\n<hr>\n<img class=\"teamImage\" src=\"lehrer\/brg9-andreas-obenaus.jpg\" width=\"200\" height=\"200\" \/>\n<h2>MMag. Dr. OBENAUS Andreas<\/h2>\n<p>Direktor<br>F\u00e4cher: GPB, M<br><span class=\"letstalk\">andreas punkt obenaus at brg9 punkt at<\/span><\/p>\n<p><a href=\"https:\/\/www.brg9.at\/web\/?page_id=442\" target=\"_blank\" rel=\"noopener noreferrer\">Weitere Infos<\/a><\/p>\n<hr class=\"addClear\">\n<img class=\"teamImage\" src=\"lehrer\/brg9-peter-hoefner.jpg\" width=\"200\" height=\"200\" \/>\n<h2>Mag. H\u00d6FNER Peter<\/h2>\n<p>Administrator<br>F\u00e4cher: INF, GPB, GW<br><span class=\"letstalk\">peter punkt hoefner at brg9 punkt at<\/span><\/p>\n<hr>\n<img class=\"teamImage\" src=\"lehrer\/brg9-soeren-bartuska.jpg\" width=\"200\" height=\"200\" \/>\n<h2>BARTUSKA S\u00f6ren<\/h2>\n<p>F\u00e4cher: evang. Rel.<br><span class=\"letstalk\">soeren punkt bartuska at brg9 punkt at<\/span><\/p>\n<hr>\n<img class=\"teamImage\" src=\"lehrer\/brg9-anna-maria-baumann.jpg\" width=\"200\" height=\"200\" \/>\n<h2>BAUMANN Anna-Maria, BEd MEd<\/h2>\n<p>F\u00e4cher: CH, GW, DigiGrubi, KV 4A<br><span class=\"letstalk\">anna-maria punkt baumann at brg9 punkt at<\/span><\/p>\n<hr>\n<img class=\"teamImage\" src=\"lehrer\/brg9-veronika-brandl.jpg\" width=\"200\" height=\"200\" \/>\n<h2>Mag.<sup>a<\/sup> BRANDL Veronika<\/h2>\n<p>F\u00e4cher: M, BIO<br><span class=\"letstalk\">veronika punkt brandl at brg9 punkt at<\/span><\/p>\n<hr>\n<img class=\"teamImage\" src=\"lehrer\/brg9-shelly-buchinger.jpg\" width=\"200\" height=\"200\" \/>\n<h2>MMag.<sup>a <\/sup>Dr.<sup>in <\/sup>BUCHINGER Shelley<\/h2>\n<p>F\u00e4cher: M, GZ, Inf, DigiGrubi, KV 3C<\/p>\n<p><span class=\"letstalk\">shelley punkt buchinger at brg9 punkt at<\/span><\/p>\n<hr>\n<img class=\"teamImage\" src=\"lehrer\/brg9-esther-denk.jpg\" width=\"200\" height=\"200\" \/>\n<h2>Mag.<sup>a <\/sup>DENK Esther<\/h2>\n<p>F\u00e4cher: D, GPB, DigiGrubi, KV 7A<\/p>\n<p><span class=\"letstalk\">esther punkt denk at brg9 punkt at<\/span><\/p>\n<hr>\n<img class=\"teamImage\" src=\"lehrer\/brg9-philipp-drewniak.jpg\" width=\"200\" height=\"200\" \/>\n<h2>MMag. DREWNIAK Philipp<\/h2>\n<p>F\u00e4cher: BSP, PuP<br><span class=\"letstalk\">philipp punkt drewniak at brg9 punkt at<\/span><\/p>\n<hr>\n<img class=\"teamImage\" src=\"lehrer\/brg9-nico-diaz.jpg\" width=\"200\" height=\"200\" \/>\n<h2>DIAZ Nico<\/h2>\n<p>Freizeitp\u00e4dagoge<br><span class=\"letstalk\">nico punkt diaz at brg9 punkt at<\/span><\/p>\n<hr>\n<img class=\"teamImage\" src=\"lehrer\/brg9-adam-dmytryszyn.jpg\" width=\"200\" height=\"200\" \/>\n<h2>DMYTRYSZYN Adam, BEd BSc<\/h2>\n<p>F\u00e4cher: BSP<br><span class=\"letstalk\">adam punkt dmytryszyn at brg9 punkt at<\/span><\/p>\n<hr>\n<img class=\"teamImage\" src=\"lehrer\/brg9-sigrid-eliot.jpg\" width=\"200\" height=\"200\" \/>\n<h2>Mag.<sup>a<\/sup> ELIOT Sigrid<\/h2>\n<p>F\u00e4cher: <span style=\"color: black;\">F, PuP, DAZ<br><\/span><span class=\"letstalk\">sigrid punkt eliot at brg9 punkt at<\/span><\/p>\n<hr>\n<img class=\"teamImage\" src=\"lehrer\/brg9-dagmar-freiberger.jpg\" width=\"200\" height=\"200\" \/>\n<h2>Mag.<sup>a<\/sup> FREIBERGER Dagmar<\/h2>\n<p>F\u00e4cher: H, Leiterin der NBT<br><span class=\"letstalk\">dagmar punkt freiberger at brg9 punkt at<\/span><\/p>\n<hr>\n<img class=\"teamImage\" src=\"lehrer\/brg9-daniela-frey-materna.jpg\" width=\"200\" height=\"200\" \/>\n<h2>Mag.<sup>a <\/sup>Dr.<sup>in <\/sup>FREY-MATERNA Daniela<\/h2>\n<p>F\u00e4cher: BSP, GW, KV 8A<br><span class=\"letstalk\">daniela punkt frey-materna at brg9 punkt at<\/span><\/p>\n<hr>\n<img class=\"teamImage\" src=\"lehrer\/brg9-alexander-friedrich.jpg\" width=\"200\" height=\"200\" \/>\n<h2>FRIEDRICH Alexander, BSc BEd MEd<\/h2>\n<p>F\u00e4cher: PH<br><span class=\"letstalk\">alexander punkt friedrich at brg9 punkt at<\/span><\/p>\n<hr>\n<img class=\"teamImage\" src=\"lehrer\/brg9-veronika-gaitzenauer.jpg\" width=\"200\" height=\"200\" \/>\n<h2>Mag.<sup>a<\/sup> GAITZENAUER Veronika<\/h2>\n<p>F\u00e4cher: BE, TW, KV 6A<br><span class=\"letstalk\">veronika punkt gaitzenauer at brg9 punkt at<\/span><\/p>\n<hr>\n<img class=\"teamImage\" src=\"lehrer\/brg9-hannah-geiser.jpg\" width=\"200\" height=\"200\" \/>\n<h2>Mag.<sup>a<\/sup> GEISER Hannah<\/h2>\n<p>F\u00e4cher: NBT<br><span class=\"letstalk\">hannah punkt geiser at brg9 punkt at<\/span><\/p>\n<hr>\n<img class=\"teamImage\" src=\"lehrer\/brg9-margit-grabmayr-schoenbauer.jpg\" width=\"200\" height=\"200\" \/>\n<h2>Mag.<sup>a<\/sup> GRABMAYR-SCH\u00d6NBAUER Margit<\/h2>\n<p>F\u00e4cher: M, BSPM<br><span class=\"letstalk\">margit punkt grabmayr-schoenbauer at brg9 punkt at<\/span><\/p>\n<hr>\n<img class=\"teamImage\" src=\"lehrer\/brg9-snezana-graf.jpg\" width=\"200\" height=\"200\" \/>\n<h2>Mag.<sup>a<\/sup> GRAF Snezana<\/h2>\n<p>F\u00e4cher: E, F, Ethik<br><span class=\"letstalk\">snezana punkt graf at brg9 punkt at<\/span><\/p>\n<hr>\n<img class=\"teamImage\" src=\"lehrer\/brg9-blank.jpg\" width=\"200\" height=\"200\" \/>\n<h2>GREENSTEIN Rebecca<\/h2>\n<p>F\u00e4cher: Native Speaker<br><span class=\"letstalk\">rebecca punkt greenstein at brg9 punkt at<\/span><\/p>\n<hr>\n<img class=\"teamImage\" src=\"lehrer\/brg9-verena-gschwendtner.jpg\" width=\"200\" height=\"200\" \/>\n<h2>GSCHWENDTNER <b>Verena, BEd<\/b><\/h2>\n<p>F\u00e4cher: E<br><span class=\"letstalk\">verena punkt gschwendtner at brg9 punkt at<\/span><\/p>\n<hr>\n<img class=\"teamImage\" src=\"lehrer\/brg9-katharina-hainz.jpg\" width=\"200\" height=\"200\" \/>\n<h2>Mag.<sup>a<\/sup> HAINZ Katharina<\/h2>\n<p>F\u00e4cher: GPB, BIO<br><span class=\"letstalk\">katharina punkt hainz at brg9 punkt at<\/span><\/p>\n<hr>\n<img class=\"teamImage\" src=\"lehrer\/brg9-karina-hawle-kastner.jpg\" width=\"200\" height=\"200\" \/>\n<h2>Mag.<sup>a<\/sup> HAWLE-KASTNER Karina, MA<\/h2>\n<p>F\u00e4cher: PH, Eth, kat. Rel<br><span class=\"letstalk\">karina punkt hawle-kastner at brg9 punkt at<\/span><\/p>\n<hr>\n<img class=\"teamImage\" src=\"lehrer\/brg9-sabine-hazod.jpg\" width=\"200\" height=\"200\" \/>\n<h2>Mag.<sup>a<\/sup> HAZOD Sabine<\/h2>\n<p>F\u00e4cher: E, D, Eth<br><span class=\"letstalk\">sabine punkt hazod at brg9 punkt at<\/span><\/p>\n<hr>\n<img class=\"teamImage\" src=\"lehrer\/brg9-ryan-hennawi.jpg\" width=\"200\" height=\"200\" \/>\n<h2>Mag. HENNAWI Ryan<\/h2>\n<p>F\u00e4cher: Isl. Religion&nbsp;<br><span class=\"letstalk\">ryan punkt hennawi at brg9 punkt at<\/span><\/p>\n<hr>\n<img class=\"teamImage\" src=\"lehrer\/brg9-alice-heregger.jpg\" width=\"200\" height=\"200\" \/>\n<h2>Mag.<sup>a <\/sup>Dr.<sup>in<\/sup> HEREGGER Alice<\/h2>\n<p>F\u00e4cher: ME, INF, F, DigiGrubi, KV 4B<br><span class=\"letstalk\">alice punkt heregger at brg9 punkt at<\/span><\/p>\n<hr>\n<img class=\"teamImage\" src=\"lehrer\/brg9-benjamin-hirschegger.jpg\" width=\"200\" height=\"200\" \/>\n<h2>Mag. HIRSCHEGGER Benjamin<\/h2>\n<p>F\u00e4cher: D, KV 3B<br><span class=\"letstalk\">benjamin punkt hirschegger at brg9 punkt at<\/span><\/p>\n<hr>\n<img class=\"teamImage\" src=\"lehrer\/brg9-karin-huber.jpg\" width=\"200\" height=\"200\" \/>\n<h2>Mag.<sup>a<\/sup> HUBER Karin<\/h2>\n<p>F\u00e4cher: M, GPB, KV 5A<br><span class=\"letstalk\">karin punkt huber at brg9 punkt at<\/span><\/p>\n<hr>\n<img class=\"teamImage\" src=\"lehrer\/brg9-isgoer-mukaddes.jpg\" width=\"200\" height=\"200\" \/>\n<h2>ISG\u00d6R Mukaddes, <span data-olk-copy-source=\"MessageBody\">BEd <\/span><\/h2>\n<p>F\u00e4cher: E, Freizeitp\u00e4dagogin NBT<\/p>\n<p><span class=\"letstalk\">mukaddes punkt isgoer at brg9 punkt at<\/span><\/p>\n<hr>\n<img class=\"teamImage\" src=\"lehrer\/brg9-florian-kalwoda.jpg\" width=\"200\" height=\"200\" \/>\n<h2>Mag. KALWODA Florian<\/h2>\n<p>F\u00e4cher: BSP, PuP<br><span class=\"letstalk\">florian punkt kalwoda at brg9 punkt at<\/span><\/p>\n<hr>\n<img class=\"teamImage\" src=\"lehrer\/brg9-frederika-kederer.jpg\" width=\"200\" height=\"200\" \/>\n<h2>Mag.<sup>a<\/sup> KEDERER Frederike<\/h2>\n<p>F\u00e4cher: BIO, E, KV 1C<br><span class=\"letstalk\">frederike punkt kederer at brg9 punkt at<\/span><\/p>\n<hr>\n<img class=\"teamImage\" src=\"lehrer\/brg9-ulrike-kletzander.jpg\" width=\"200\" height=\"200\" \/>\n<h2>Mag.<sup>a<\/sup> KLETZANDER Ulrike<\/h2>\n<p>F\u00e4cher: D, GW, KV 1B<br><span class=\"letstalk\">ulrike punkt kletzander at brg9 punkt at<\/span><\/p>\n<hr>\n<img class=\"teamImage\" src=\"lehrer\/brg9-viktoria-koller.jpg\" width=\"200\" height=\"200\" \/>\n<h2>Mag.<sup>a<\/sup> KOLLER Viktoria<\/h2>\n<p>F\u00e4cher: ME, D, Tutor:innensystem, <span data-olk-copy-source=\"MessageBody\">Kulturreferentin Theater der Jugend<\/span><br><span class=\"letstalk\">viktoria punkt koller at brg9 punkt at<\/span><\/p>\n<hr>\n<img class=\"teamImage\" src=\"lehrer\/brg9-isabella-kornfeld.jpg\" width=\"200\" height=\"200\" \/>\n<h2>Mag.<sup>a<\/sup> KORNFELD Isabella<\/h2>\n<p>F\u00e4cher: L, GPB, Sch\u00fcler*innen- und Bildungsberatung f\u00fcr die Oberstufe&nbsp;<br><span class=\"letstalk\">isabella punkt kornfeld at brg9 punkt at<\/span><\/p>\n<hr>\n<img class=\"teamImage\" src=\"lehrer\/brg9-natalya-kovalenko.jpg\" width=\"200\" height=\"200\" \/>\n<h2>KOVALENKO Natalya, BA<\/h2>\n<p>Freizeitp\u00e4dagogin<br><span class=\"letstalk\">natalya punkt kovalenko at brg9 punkt at<\/span><\/p>\n<hr>\n<img class=\"teamImage\" src=\"lehrer\/brg9-iwona-lapo.jpg\" width=\"200\" height=\"200\" \/>\n<h2>Mag.<sup>a<\/sup> LAPO Iwona<\/h2>\n<p>F\u00e4cher: BE, TG<br><span class=\"letstalk\">iwona punkt lapo at brg9 punkt at<\/span><\/p>\n<hr>\n<img class=\"teamImage\" src=\"lehrer\/brg9-michaela-lohninger.jpg\" width=\"200\" height=\"200\" \/>\n<h2>LOHNINGER Michaela, BEd<\/h2>\n<p>F\u00e4cher: M, DG, DigiGrubi<br><span class=\"letstalk\">michaela punkt lohninger at brg9 punkt at<\/span><\/p>\n<hr>\n<img class=\"teamImage\" src=\"lehrer\/brg9-melanie-loidolt.jpg\" width=\"200\" height=\"200\" \/>\n<h2>Mag.<sup>a<\/sup> Dr. LOIDOLT Melanie&nbsp;<\/h2>\n<p>F\u00e4cher: E<br><span class=\"letstalk\">melanie punkt loidolt at brg9 punkt at<\/span><\/p>\n<hr>\n<img class=\"teamImage\" src=\"lehrer\/brg9-eva-mangold.jpg\" width=\"200\" height=\"200\" \/>\n<h2>Mag.<sup>a<\/sup> MANGOLD Eva, MA<\/h2>\n<p>F\u00e4cher: F, Sp, DAZ<br><span class=\"letstalk\">eva punkt mangold at brg9 punkt at<\/span><\/p>\n<hr>\n<img class=\"teamImage\" src=\"lehrer\/brg9-cornelia-marker-luef.jpg\" width=\"200\" height=\"200\" \/>\n<h2>Mag.<sup>a<\/sup> MARKER-LUEF Cornelia<\/h2>\n<p>F\u00e4cher: BSP, GPB, KV 7C<br><span class=\"letstalk\">cornelia punkt marker-luef at brg9 punkt at<\/span><\/p>\n<hr>\n<img class=\"teamImage\" src=\"lehrer\/brg9-nicole-meessen.jpg\" width=\"200\" height=\"200\" \/>\n<h2>Mag.<sup>a<\/sup> MEE\u00dfEN Nicole<\/h2>\n<p>F\u00e4cher: BE, TW<br><span class=\"letstalk\">nicole punkt meessen at brg9 punkt at<\/span><\/p>\n<hr>\n<img class=\"teamImage\" src=\"lehrer\/brg9-giovanni-micco.jpg\" width=\"200\" height=\"200\" \/>\n<h2>Mag. MICCO Giovanni<\/h2>\n<p>F\u00e4cher: kat. Rel<br><span class=\"letstalk\">giovanni punkt micco at brg9 punkt at<\/span><\/p>\n<hr>\n<img class=\"teamImage\" src=\"lehrer\/brg9-gudrun-neubacher.jpg\" width=\"200\" height=\"200\" \/>\n<h2>Mag.<sup>a<\/sup> NEUBACHER Gudrun<\/h2>\n<p>F\u00e4cher: M, CH, DigiGrubi<br><span class=\"letstalk\">gudrun punkt neubacher at brg9 punkt at<\/span><\/p>\n<hr>\n<img class=\"teamImage\" src=\"lehrer\/brg9-sarah-oppeneiger.jpg\" width=\"200\" height=\"200\" \/>\n<h2>OPPENEIGER Sarah, BEd MEd<\/h2>\n<p>F\u00e4cher: E, BSPM<br><span class=\"letstalk\">sarah punkt oppeneiger at brg9 punkt at<\/span><\/p>\n<hr>\n<img class=\"teamImage\" src=\"lehrer\/brg9-werner-palfinger.jpg\" width=\"200\" height=\"200\" \/>\n<h2>DI PALFINGER Werner<\/h2>\n<p>F\u00e4cher: PH<br><span class=\"letstalk\">werner punkt palfinger at brg9 punkt at<\/span><\/p>\n<hr>\n<img class=\"teamImage\" src=\"lehrer\/brg9-margit-pauker.jpg\" width=\"200\" height=\"200\" \/>\n<h2>Mag.<sup>a<\/sup> PAUKER Margit<\/h2>\n<p>F\u00e4cher: L, D, KV 2B<br><span class=\"letstalk\">margit punkt pauker at brg9 punkt at<\/span><\/p>\n<hr>\n<img class=\"teamImage\" src=\"lehrer\/brg9-christa-perner.jpg\" width=\"200\" height=\"200\" \/>\n<h2>Mag.<sup>a <\/sup>DI PERNER Christa, BEd<\/h2>\n<p>F\u00e4cher: M, BIO, KV 8B<\/p>\n<p><span class=\"letstalk\">christa punkt perner at brg9 punkt at<\/span><\/p>\n<hr>\n<img class=\"teamImage\" src=\"lehrer\/brg9-daniela-pingist.jpg\" width=\"200\" height=\"200\" \/>\n<h2>Mag.<sup>a<\/sup> PINGIST Daniela<\/h2>\n<p>F\u00e4cher: D, E<\/p>\n<p><span class=\"letstalk\">daniela punkt pingist at brg9 punkt at<\/span><\/p>\n<hr>\n<img class=\"teamImage\" src=\"lehrer\/brg9-andreas-reisenbauer.jpg\" width=\"200\" height=\"200\" \/>\n<h2>MMag. REISENBAUER Andreas<\/h2>\n<p>F\u00e4cher: INF, PH, CH<br><span class=\"letstalk\">andreas punkt reisenbauer at brg9 punkt at<\/span><\/p>\n<hr>\n<img class=\"teamImage\" src=\"lehrer\/brg9-peter-rubicko.jpg\" width=\"200\" height=\"200\" \/>\n<h2>Mag. RUBICKO Peter<\/h2>\n<p>F\u00e4cher: M, GW, DigiGrubi, KV 6B<br><span class=\"letstalk\">peter punkt rubicko at brg9 punkt at<\/span><\/p>\n<hr>\n<img class=\"teamImage\" src=\"lehrer\/brg9-thomas-scheer.jpg\" width=\"200\" height=\"200\" \/>\n<h2>Mag. SCHEER Thomas<\/h2>\n<p>F\u00e4cher: D, GPB, DigiGrubi, KV 5B<br><span class=\"letstalk\">thomas punkt scheer at brg9 punkt at<\/span><\/p>\n<hr>\n<img class=\"teamImage\" src=\"lehrer\/brg9-gabriele-schmid.jpg\" width=\"200\" height=\"200\" \/>\n<h2>Mag.<sup>a<\/sup> SCHMID Gabriele<\/h2>\n<p>F\u00e4cher: BE, TG<br><span class=\"letstalk\">gabriele punkt schmid at brg9 punkt at<\/span><\/p>\n<hr>\n<img class=\"teamImage\" src=\"lehrer\/brg9-evamaria-seregely.jpg\" width=\"200\" height=\"200\" \/>\n<h2>Mag.<sup>a<\/sup> SEREGELY Eva Maria<\/h2>\n<p>F\u00e4cher: M, E, KV 7B<br><span class=\"letstalk\">eva punkt seregely at brg9 punkt at<\/span><\/p>\n<hr>\n<img class=\"teamImage\" src=\"lehrer\/brg9-monika-simmerstatter.jpg\" width=\"200\" height=\"200\" \/>\n<h2>Mag.<sup>a<\/sup> SIMMERSTATTER Monika<\/h2>\n<p>F\u00e4cher: GW, GPB, DigiGrubi, KV 1A<br><span class=\"letstalk\">monika punkt simmerstatter at brg9 punkt at<\/span><\/p>\n<hr>\n<img class=\"teamImage\" src=\"lehrer\/brg9-theresa-sohl.jpg\" width=\"200\" height=\"200\" \/>\n<h2>Mag.<sup>a<\/sup> SOHL Theresa<\/h2>\n<p>F\u00e4cher: BE, TG\/TW, KV 3A<br><span class=\"letstalk\">theresa punkt sohl at brg9 punkt at<\/span><\/p>\n<hr>\n<img class=\"teamImage\" src=\"lehrer\/brg9-christina-starl.jpg\" width=\"200\" height=\"200\" \/>\n<h2>Mag.<sup>a<\/sup> STARL Christina<\/h2>\n<p>F\u00e4cher: BIO, PuP, KV 2A<br><span class=\"letstalk\">christina punkt starl at brg9 punkt at<\/span><\/p>\n<hr>\n<img class=\"teamImage\" src=\"lehrer\/brg9-martin-stehrer.jpg\" width=\"200\" height=\"200\" \/>\n<h2>Mag. STEHRER Martin<\/h2>\n<p>F\u00e4cher: E, BSP<br><span class=\"letstalk\">martin punkt stehrer at brg9 punkt at<\/span><\/p>\n<hr>\n<img class=\"teamImage\" src=\"lehrer\/brg9-hannah-steu.jpg\" width=\"200\" height=\"200\" \/>\n<h2>STEU Hannah, BEd<\/h2>\n<p>F\u00e4cher: D<br><span class=\"letstalk\">hannah punkt steu at brg9 punkt at<\/span><\/p>\n<hr>\n<img class=\"teamImage\" src=\"lehrer\/brg9-julia-stowasser.jpg\" width=\"200\" height=\"200\" \/>\n<h2>Mag.<sup>a<\/sup> STOWASSER Julia<\/h2>\n<p>F\u00e4cher: CH, BIO<br><span class=\"letstalk\">julia punkt stowasser at brg9 punkt at<\/span><\/p>\n<hr>\n<img class=\"teamImage\" src=\"lehrer\/brg9-anna-strauss.jpg\" width=\"200\" height=\"200\" \/>\n<h2>Mag.<sup>a <\/sup>STRAU\u00df Anna<\/h2>\n<p>F\u00e4cher: D, GW<br><span class=\"letstalk\">anna punkt strauss at brg9 punkt at<\/span><\/p>\n<hr>\n<img class=\"teamImage\" src=\"lehrer\/brg9-david-thallinger.jpg\" width=\"200\" height=\"200\" \/>\n<h2>Mag. THALLINGER David<\/h2>\n<p>F\u00e4cher: ME, KV 2C<br><span class=\"letstalk\">david punkt thallinger at brg9 punkt at<\/span><\/p>\n<hr>\n<img class=\"teamImage\" src=\"lehrer\/brg9-barbara-trieb-ladstaetter.jpg\" width=\"200\" height=\"200\" \/>\n<h2>OStR Mag.<sup>a<\/sup> TRIEB-LADST\u00c4TTER Barbara<\/h2>\n<p>Bibliothekarin<br>F\u00e4cher: HOE, GPB, Lesetraining, Tutor:innensystem<br><span class=\"letstalk\">barbara punkt trieb at brg9 punkt at<\/span>&nbsp;<\/p>\n<hr>\n<img class=\"teamImage\" src=\"lehrer\/brg9-matthias-wagner.jpg\" width=\"200\" height=\"200\" \/>\n<h2>Mag. WAGNER Matthias<\/h2>\n<p>F\u00e4cher: L, PuP<br><span class=\"letstalk\">matthias punkt wagner at brg9 punkt a<\/span><\/p>\n<hr>\n<img class=\"teamImage\" src=\"lehrer\/brg9-theresa-wiesbauer.jpg\" width=\"200\" height=\"200\" \/>\n<h2>Mag.<sup>a<\/sup> WIESBAUER Theresa<\/h2>\n<p>F\u00e4cher: D, Eth, PP, KV 3C, Beratungs- und Vertrauenslehrerin f\u00fcr die Unterstufe<br><span class=\"letstalk\">theresa punkt wiesbauer at brg9 punkt at<\/span><\/p>\n<hr>\n<img class=\"teamImage\" src=\"lehrer\/brg9-nicholas-wilkinson.jpg\" width=\"200\" height=\"200\" \/>\n<h2>WILKINSON Nicholas, BA<\/h2>\n<p>F\u00e4cher: Native Speaker<br><span class=\"letstalk\">nicholas punkt wilkinson at brg9 punkt at<\/span><\/p>\n<hr>\n<img class=\"teamImage\" src=\"lehrer\/brg9-theresa-wilkinson.jpg\" width=\"200\" height=\"200\" \/>\n<h2>Mag.<sup>a<\/sup> WILKINSON Theresa<\/h2>\n<p>F\u00e4cher: E, BIO<br><span class=\"letstalk\">theresa punkt wilkinson at brg9 punkt at<\/span><\/p>\n<hr>\n<p><strong>derzeit in Karenz\/Sabbatical<\/strong>: Mag.<sup>a<\/sup> AIGNER Alena, Mag.<sup>a <\/sup>CRAMER Lea, Mag.<sup>a <\/sup>HAZOD Sabine, PINAS POSTILL, Carlos BA, Mag.<sup>a <\/sup>PONWEISER Lisa, Mag.<sup>a <\/sup>STEINDL Ruth<\/p>\n<p>&nbsp;<\/p>\n\n\n<figure class=\"wp-block-image size-large\"><img data-attachment-id=\"16475\" data-permalink=\"https:\/\/www.brg9.at\/web\/?attachment_id=16475\" data-orig-file=\"https:\/\/www.brg9.at\/web\/wp-content\/uploads\/2025\/10\/PK01B019.jpg\" data-orig-size=\"2000,1033\" data-comments-opened=\"0\" data-image-meta=\"{&quot;aperture&quot;:&quot;0&quot;,&quot;credit&quot;:&quot;&quot;,&quot;camera&quot;:&quot;&quot;,&quot;caption&quot;:&quot;&quot;,&quot;created_timestamp&quot;:&quot;0&quot;,&quot;copyright&quot;:&quot;&quot;,&quot;focal_length&quot;:&quot;0&quot;,&quot;iso&quot;:&quot;0&quot;,&quot;shutter_speed&quot;:&quot;0&quot;,&quot;title&quot;:&quot;&quot;,&quot;orientation&quot;:&quot;0&quot;}\" data-image-title=\"PK01B019\" data-image-description=\"\" data-medium-file=\"https:\/\/www.brg9.at\/web\/wp-content\/uploads\/2025\/10\/PK01B019-596x308.jpg\" data-large-file=\"https:\/\/www.brg9.at\/web\/wp-content\/uploads\/2025\/10\/PK01B019-1024x529.jpg\" loading=\"lazy\" width=\"1024\" height=\"529\" src=\"https:\/\/www.brg9.at\/web\/wp-content\/uploads\/2025\/10\/PK01B019-1024x529.jpg\" alt=\"\" class=\"wp-image-16475\" srcset=\"https:\/\/www.brg9.at\/web\/wp-content\/uploads\/2025\/10\/PK01B019-1024x529.jpg 1024w, https:\/\/www.brg9.at\/web\/wp-content\/uploads\/2025\/10\/PK01B019-596x308.jpg 596w, https:\/\/www.brg9.at\/web\/wp-content\/uploads\/2025\/10\/PK01B019-1536x793.jpg 1536w, https:\/\/www.brg9.at\/web\/wp-content\/uploads\/2025\/10\/PK01B019-1200x620.jpg 1200w, https:\/\/www.brg9.at\/web\/wp-content\/uploads\/2025\/10\/PK01B019.jpg 2000w\" sizes=\"(max-width: 709px) 85vw, (max-width: 909px) 67vw, (max-width: 1362px) 62vw, 840px\" \/><\/figure>\n<div class=\"sharedaddy sd-sharing-enabled\"><div class=\"robots-nocontent sd-block sd-social sd-social-icon-text sd-sharing\"><h3 class=\"sd-title\">Diesen Inhalt teilen:<\/h3><div class=\"sd-content\"><ul><li class=\"share-facebook\"><a rel=\"nofollow noopener noreferrer\" data-shared=\"sharing-facebook-441\" class=\"share-facebook sd-button share-icon\" href=\"https:\/\/www.brg9.at\/web\/?page_id=441&amp;share=facebook\" target=\"_blank\" title=\"Klick, um auf Facebook zu teilen\"><span>Facebook<\/span><\/a><\/li><li class=\"share-jetpack-whatsapp\"><a rel=\"nofollow noopener noreferrer\" data-shared=\"\" class=\"share-jetpack-whatsapp sd-button share-icon\" href=\"https:\/\/www.brg9.at\/web\/?page_id=441&amp;share=jetpack-whatsapp\" target=\"_blank\" title=\"Klicken, um auf WhatsApp zu teilen\"><span>WhatsApp<\/span><\/a><\/li><li class=\"share-print\"><a rel=\"nofollow noopener noreferrer\" data-shared=\"\" class=\"share-print sd-button share-icon\" href=\"https:\/\/www.brg9.at\/web\/?page_id=441\" target=\"_blank\" title=\"Klicken zum Ausdrucken\"><span>Drucken<\/span><\/a><\/li><li class=\"share-end\"><\/li><\/ul><\/div><\/div><\/div>","protected":false},"excerpt":{"rendered":"<p>Der Lehrk\u00f6rper des EFRG <\/p>\n<div class=\"sharedaddy sd-sharing-enabled\"><div class=\"robots-nocontent sd-block sd-social sd-social-icon-text sd-sharing\"><h3 class=\"sd-title\">Diesen Inhalt teilen:<\/h3><div class=\"sd-content\"><ul><li class=\"share-facebook\"><a rel=\"nofollow noopener noreferrer\" data-shared=\"sharing-facebook-441\" class=\"share-facebook sd-button share-icon\" href=\"https:\/\/www.brg9.at\/web\/?page_id=441&amp;share=facebook\" target=\"_blank\" title=\"Klick, um auf Facebook zu teilen\"><span>Facebook<\/span><\/a><\/li><li class=\"share-jetpack-whatsapp\"><a rel=\"nofollow noopener noreferrer\" data-shared=\"\" class=\"share-jetpack-whatsapp sd-button share-icon\" href=\"https:\/\/www.brg9.at\/web\/?page_id=441&amp;share=jetpack-whatsapp\" target=\"_blank\" title=\"Klicken, um auf WhatsApp zu teilen\"><span>WhatsApp<\/span><\/a><\/li><li class=\"share-print\"><a rel=\"nofollow noopener noreferrer\" data-shared=\"\" class=\"share-print sd-button share-icon\" href=\"https:\/\/www.brg9.at\/web\/?page_id=441\" target=\"_blank\" title=\"Klicken zum Ausdrucken\"><span>Drucken<\/span><\/a><\/li><li class=\"share-end\"><\/li><\/ul><\/div><\/div><\/div>","protected":false},"author":4,"featured_media":0,"parent":0,"menu_order":0,"comment_status":"closed","ping_status":"closed","template":"page-team.php","meta":{"ngg_post_thumbnail":0,"spay_email":""},"yoast_head":"<!-- This site is optimized with the Yoast SEO plugin v16.2 - https:\/\/yoast.com\/wordpress\/plugins\/seo\/ -->\n<title>Lehrende &raquo; BRG9, Erich Fried Realgymnasium<\/title>\n<meta name=\"robots\" content=\"index, follow, max-snippet:-1, max-image-preview:large, max-video-preview:-1\" \/>\n<link rel=\"canonical\" href=\"https:\/\/www.brg9.at\/web\/?page_id=441\" \/>\n<meta property=\"og:locale\" content=\"de_DE\" \/>\n<meta property=\"og:type\" content=\"article\" \/>\n<meta property=\"og:title\" content=\"Lehrende &raquo; BRG9, Erich Fried Realgymnasium\" \/>\n<meta property=\"og:description\" content=\"Der Lehrk\u00f6rper des EFRG\" \/>\n<meta property=\"og:url\" content=\"https:\/\/www.brg9.at\/web\/?page_id=441\" \/>\n<meta property=\"og:site_name\" content=\"BRG9, Erich Fried Realgymnasium\" \/>\n<meta property=\"article:modified_time\" content=\"2026-02-09T13:53:03+00:00\" \/>\n<meta property=\"og:image\" content=\"https:\/\/www.brg9.at\/web\/wp-content\/uploads\/2025\/10\/PK01B019-1024x529.jpg\" \/>\n<meta name=\"twitter:card\" content=\"summary\" \/>\n<meta name=\"twitter:label1\" content=\"Gesch\u00e4tzte Lesezeit\">\n\t<meta name=\"twitter:data1\" content=\"6 Minuten\">\n<script type=\"application\/ld+json\" class=\"yoast-schema-graph\">{\"@context\":\"https:\/\/schema.org\",\"@graph\":[{\"@type\":\"WebSite\",\"@id\":\"https:\/\/www.brg9.at\/web\/#website\",\"url\":\"https:\/\/www.brg9.at\/web\/\",\"name\":\"BRG9, Erich Fried Realgymnasium\",\"description\":\"Die Website des BRG9 - Erich Fried Realgymnasium. Wien 9, Glasergasse 25.\",\"potentialAction\":[{\"@type\":\"SearchAction\",\"target\":\"https:\/\/www.brg9.at\/web\/?s={search_term_string}\",\"query-input\":\"required name=search_term_string\"}],\"inLanguage\":\"de-DE\"},{\"@type\":\"ImageObject\",\"@id\":\"https:\/\/www.brg9.at\/web\/?page_id=441#primaryimage\",\"inLanguage\":\"de-DE\",\"url\":\"https:\/\/www.brg9.at\/web\/wp-content\/uploads\/2025\/10\/PK01B019.jpg\",\"contentUrl\":\"https:\/\/www.brg9.at\/web\/wp-content\/uploads\/2025\/10\/PK01B019.jpg\",\"width\":2000,\"height\":1033},{\"@type\":\"WebPage\",\"@id\":\"https:\/\/www.brg9.at\/web\/?page_id=441#webpage\",\"url\":\"https:\/\/www.brg9.at\/web\/?page_id=441\",\"name\":\"Lehrende &raquo; BRG9, Erich Fried Realgymnasium\",\"isPartOf\":{\"@id\":\"https:\/\/www.brg9.at\/web\/#website\"},\"primaryImageOfPage\":{\"@id\":\"https:\/\/www.brg9.at\/web\/?page_id=441#primaryimage\"},\"datePublished\":\"2016-03-21T07:55:00+00:00\",\"dateModified\":\"2026-02-09T13:53:03+00:00\",\"breadcrumb\":{\"@id\":\"https:\/\/www.brg9.at\/web\/?page_id=441#breadcrumb\"},\"inLanguage\":\"de-DE\",\"potentialAction\":[{\"@type\":\"ReadAction\",\"target\":[\"https:\/\/www.brg9.at\/web\/?page_id=441\"]}]},{\"@type\":\"BreadcrumbList\",\"@id\":\"https:\/\/www.brg9.at\/web\/?page_id=441#breadcrumb\",\"itemListElement\":[{\"@type\":\"ListItem\",\"position\":1,\"item\":{\"@type\":\"WebPage\",\"@id\":\"https:\/\/www.brg9.at\/web\/\",\"url\":\"https:\/\/www.brg9.at\/web\/\",\"name\":\"Home\"}},{\"@type\":\"ListItem\",\"position\":2,\"item\":{\"@id\":\"https:\/\/www.brg9.at\/web\/?page_id=441#webpage\"}}]}]}<\/script>\n<!-- \/ Yoast SEO plugin. -->","jetpack_sharing_enabled":true,"_links":{"self":[{"href":"https:\/\/www.brg9.at\/web\/index.php?rest_route=\/wp\/v2\/pages\/441"}],"collection":[{"href":"https:\/\/www.brg9.at\/web\/index.php?rest_route=\/wp\/v2\/pages"}],"about":[{"href":"https:\/\/www.brg9.at\/web\/index.php?rest_route=\/wp\/v2\/types\/page"}],"author":[{"embeddable":true,"href":"https:\/\/www.brg9.at\/web\/index.php?rest_route=\/wp\/v2\/users\/4"}],"replies":[{"embeddable":true,"href":"https:\/\/www.brg9.at\/web\/index.php?rest_route=%2Fwp%2Fv2%2Fcomments&post=441"}],"version-history":[{"count":374,"href":"https:\/\/www.brg9.at\/web\/index.php?rest_route=\/wp\/v2\/pages\/441\/revisions"}],"predecessor-version":[{"id":16999,"href":"https:\/\/www.brg9.at\/web\/index.php?rest_route=\/wp\/v2\/pages\/441\/revisions\/16999"}],"wp:attachment":[{"href":"https:\/\/www.brg9.at\/web\/index.php?rest_route=%2Fwp%2Fv2%2Fmedia&parent=441"}],"curies":[{"name":"wp","href":"https:\/\/api.w.org\/{rel}","templated":true}]}}