{"id":444,"date":"2016-03-20T18:55:09","date_gmt":"2016-03-20T17:55:09","guid":{"rendered":"http:\/\/www.brg9.at\/web\/?page_id=444"},"modified":"2025-06-08T22:56:16","modified_gmt":"2025-06-08T20:56:16","slug":"leitbild","status":"publish","type":"page","link":"https:\/\/www.brg9.at\/web\/?page_id=444","title":{"rendered":"\u00dcber uns &#8211; Leitbild"},"content":{"rendered":"\n<h1>\u00dcber uns<\/h1>\n<p>\nDas Erich Fried Realgymnasium umfasst 21 Klassen mit rund 560 Sch\u00fclerInnen und wird von einem engagierten Team aus 65 Lehrkr\u00e4ften getragen.<\/p>\n<p>In der Unterstufe f\u00fchren wir&nbsp;drei Klassen pro Jahrgang, darunter eine DLP-Klasse mit verst\u00e4rktem Englischunterricht in den Naturwissenschaften.\n<\/p>\n<p>\nAb der 4. Klasse besuchen die Sch\u00fclerInnen einen unserer beiden Zweige &#8211; das Realgymnasium oder das Wirtschaftskundliche Realgymnasium &#8211; und ab der 6. Klasse beginnt unsere modulare Oberstufe. Diese bietet durch eine verst\u00e4rkte und individuelle Wahl von Modulen (Wahlpflichtf\u00e4chern) den Sch\u00fclerInnen die M\u00f6glichkeit, ihren Bildungsweg nach ihren eigenen Interessen und Zielen zu formen.\n<\/p>\n<h1>Leitbild<\/h1>\n<p>\n<\/p><figure><img loading=\"lazy\" class=\"alignright\" src=\"https:\/\/www.brg9.at\/web\/wp-content\/uploads\/2016\/03\/fried2_fmt-387x600.png\" alt=\"fried2_fmt\" width=\"139\" height=\"216\"><\/figure><p><\/p>\n<p>Wer will, dass die Welt so bleibt, wie sie ist, der will nicht, dass sie bleibt. &#8211; <em>Erich Fried<\/em>.<\/p>\n<p><\/p>\n<p>\n<\/p><figure><img loading=\"lazy\" class=\"alignleft\" src=\"https:\/\/www.brg9.at\/web\/wp-content\/uploads\/2023\/05\/O\u0308kolog-BRG-9-Logo-1.jpg\" alt=\"\u00f6kolog\" width=\"130\" height=\"96\"><\/figure>\n<p>Wir sind uns unserer gesellschaftlichen und \u00f6kologischen Verantwortung bewusst.<br>Die umwelt- und menschengerechte Gestaltung des schulischen Lebens sind Teil unserer Schulkultur und sollen zu einem nachhaltigen Lebensstil ermutigen.<\/p>\n<p><\/p>\n<h5><span style=\"color: #e3e228;\">Fragen &#8211;&nbsp;Forschen &#8211;&nbsp;Verstehen<\/span><\/h5>\n<p>Wir sehen in der Balance folgender Bereiche das Gelingen guter Schule \u2013 und damit die Grundlage unserer Arbeit.<\/p>\n<center>\n\n<img data-attachment-id=\"628\" data-permalink=\"https:\/\/www.brg9.at\/web\/?attachment_id=628\" data-orig-file=\"https:\/\/www.brg9.at\/web\/wp-content\/uploads\/2016\/03\/1..png\" data-orig-size=\"1157,401\" data-comments-opened=\"0\" data-image-meta=\"{&quot;aperture&quot;:&quot;0&quot;,&quot;credit&quot;:&quot;&quot;,&quot;camera&quot;:&quot;&quot;,&quot;caption&quot;:&quot;&quot;,&quot;created_timestamp&quot;:&quot;0&quot;,&quot;copyright&quot;:&quot;&quot;,&quot;focal_length&quot;:&quot;0&quot;,&quot;iso&quot;:&quot;0&quot;,&quot;shutter_speed&quot;:&quot;0&quot;,&quot;title&quot;:&quot;&quot;,&quot;orientation&quot;:&quot;0&quot;}\" data-image-title=\"1.#\" data-image-description=\"\" data-medium-file=\"https:\/\/www.brg9.at\/web\/wp-content\/uploads\/2016\/03\/1.-596x207.png\" data-large-file=\"https:\/\/www.brg9.at\/web\/wp-content\/uploads\/2016\/03\/1.-1024x355.png\" class=\"alignnone leitbild size-medium wp-image-628\" src=\"https:\/\/www.brg9.at\/web\/wp-content\/uploads\/2025\/05\/1.-893x300-1.png\" alt=\"Konstanz - Ver\u00e4nderung\"> \n<img data-attachment-id=\"629\" data-permalink=\"https:\/\/www.brg9.at\/web\/?attachment_id=629\" data-orig-file=\"https:\/\/www.brg9.at\/web\/wp-content\/uploads\/2016\/03\/2..png\" data-orig-size=\"1227,370\" data-comments-opened=\"0\" data-image-meta=\"{&quot;aperture&quot;:&quot;0&quot;,&quot;credit&quot;:&quot;&quot;,&quot;camera&quot;:&quot;&quot;,&quot;caption&quot;:&quot;&quot;,&quot;created_timestamp&quot;:&quot;0&quot;,&quot;copyright&quot;:&quot;&quot;,&quot;focal_length&quot;:&quot;0&quot;,&quot;iso&quot;:&quot;0&quot;,&quot;shutter_speed&quot;:&quot;0&quot;,&quot;title&quot;:&quot;&quot;,&quot;orientation&quot;:&quot;0&quot;}\" data-image-title=\"2.\" data-image-description=\"\" data-medium-file=\"https:\/\/www.brg9.at\/web\/wp-content\/uploads\/2016\/03\/2.-596x180.png\" data-large-file=\"https:\/\/www.brg9.at\/web\/wp-content\/uploads\/2016\/03\/2.-1024x309.png\" class=\"alignnone leitbild  size-medium wp-image-629\" src=\"https:\/\/www.brg9.at\/web\/wp-content\/uploads\/2025\/05\/2.-893x292-1.png\" alt=\"Forderung - F\u00f6rderung\"> \n<img data-attachment-id=\"630\" data-permalink=\"https:\/\/www.brg9.at\/web\/?attachment_id=630\" data-orig-file=\"https:\/\/www.brg9.at\/web\/wp-content\/uploads\/2016\/03\/3..png\" data-orig-size=\"1262,371\" data-comments-opened=\"0\" data-image-meta=\"{&quot;aperture&quot;:&quot;0&quot;,&quot;credit&quot;:&quot;&quot;,&quot;camera&quot;:&quot;&quot;,&quot;caption&quot;:&quot;&quot;,&quot;created_timestamp&quot;:&quot;0&quot;,&quot;copyright&quot;:&quot;&quot;,&quot;focal_length&quot;:&quot;0&quot;,&quot;iso&quot;:&quot;0&quot;,&quot;shutter_speed&quot;:&quot;0&quot;,&quot;title&quot;:&quot;&quot;,&quot;orientation&quot;:&quot;0&quot;}\" data-image-title=\"3.\" data-image-description=\"\" data-medium-file=\"https:\/\/www.brg9.at\/web\/wp-content\/uploads\/2016\/03\/3.-596x175.png\" data-large-file=\"https:\/\/www.brg9.at\/web\/wp-content\/uploads\/2016\/03\/3.-1024x301.png\" class=\"alignnone leitbild  size-medium wp-image-630\" src=\"https:\/\/www.brg9.at\/web\/wp-content\/uploads\/2025\/05\/3.-893x302-1.png\" alt=\"Leistungsbereitschaft - Lebensfreude\"> \n<img data-attachment-id=\"631\" data-permalink=\"https:\/\/www.brg9.at\/web\/?attachment_id=631\" data-orig-file=\"https:\/\/www.brg9.at\/web\/wp-content\/uploads\/2016\/03\/4..png\" data-orig-size=\"1215,395\" data-comments-opened=\"0\" data-image-meta=\"{&quot;aperture&quot;:&quot;0&quot;,&quot;credit&quot;:&quot;&quot;,&quot;camera&quot;:&quot;&quot;,&quot;caption&quot;:&quot;&quot;,&quot;created_timestamp&quot;:&quot;0&quot;,&quot;copyright&quot;:&quot;&quot;,&quot;focal_length&quot;:&quot;0&quot;,&quot;iso&quot;:&quot;0&quot;,&quot;shutter_speed&quot;:&quot;0&quot;,&quot;title&quot;:&quot;&quot;,&quot;orientation&quot;:&quot;0&quot;}\" data-image-title=\"4.\" data-image-description=\"\" data-medium-file=\"https:\/\/www.brg9.at\/web\/wp-content\/uploads\/2016\/03\/4.-596x194.png\" data-large-file=\"https:\/\/www.brg9.at\/web\/wp-content\/uploads\/2016\/03\/4.-1024x333.png\" class=\"alignnone leitbild size-medium wp-image-631\" src=\"https:\/\/www.brg9.at\/web\/wp-content\/uploads\/2025\/05\/4.-893x301-1.png\" alt=\"Soziale Kompetenz - Individuelle Entfaltung\">\n<\/center>\n\n\n\n<p><\/p>\n<div class=\"sharedaddy sd-sharing-enabled\"><div class=\"robots-nocontent sd-block sd-social sd-social-icon-text sd-sharing\"><h3 class=\"sd-title\">Diesen Inhalt teilen:<\/h3><div class=\"sd-content\"><ul><li class=\"share-facebook\"><a rel=\"nofollow noopener noreferrer\" data-shared=\"sharing-facebook-444\" class=\"share-facebook sd-button share-icon\" href=\"https:\/\/www.brg9.at\/web\/?page_id=444&amp;share=facebook\" target=\"_blank\" title=\"Klick, um auf Facebook zu teilen\"><span>Facebook<\/span><\/a><\/li><li class=\"share-jetpack-whatsapp\"><a rel=\"nofollow noopener noreferrer\" data-shared=\"\" class=\"share-jetpack-whatsapp sd-button share-icon\" href=\"https:\/\/www.brg9.at\/web\/?page_id=444&amp;share=jetpack-whatsapp\" target=\"_blank\" title=\"Klicken, um auf WhatsApp zu teilen\"><span>WhatsApp<\/span><\/a><\/li><li class=\"share-print\"><a rel=\"nofollow noopener noreferrer\" data-shared=\"\" class=\"share-print sd-button share-icon\" href=\"https:\/\/www.brg9.at\/web\/?page_id=444\" target=\"_blank\" title=\"Klicken zum Ausdrucken\"><span>Drucken<\/span><\/a><\/li><li class=\"share-end\"><\/li><\/ul><\/div><\/div><\/div>","protected":false},"excerpt":{"rendered":"<p>\u00dcber uns Das Erich Fried Realgymnasium umfasst 21 Klassen mit rund 560 Sch\u00fclerInnen und wird von einem engagierten Team aus 65 Lehrkr\u00e4ften getragen. In der Unterstufe f\u00fchren wir&nbsp;drei Klassen pro Jahrgang, darunter eine DLP-Klasse mit verst\u00e4rktem Englischunterricht in den Naturwissenschaften. Ab der 4. Klasse besuchen die Sch\u00fclerInnen einen unserer beiden Zweige &#8211; das Realgymnasium oder &hellip; <a href=\"https:\/\/www.brg9.at\/web\/?page_id=444\" class=\"more-link\"><span class=\"screen-reader-text\">&#8222;\u00dcber uns &#8211; Leitbild&#8220; <\/span>weiterlesen<\/a><\/p>\n<div class=\"sharedaddy sd-sharing-enabled\"><div class=\"robots-nocontent sd-block sd-social sd-social-icon-text sd-sharing\"><h3 class=\"sd-title\">Diesen Inhalt teilen:<\/h3><div class=\"sd-content\"><ul><li class=\"share-facebook\"><a rel=\"nofollow noopener noreferrer\" data-shared=\"sharing-facebook-444\" class=\"share-facebook sd-button share-icon\" href=\"https:\/\/www.brg9.at\/web\/?page_id=444&amp;share=facebook\" target=\"_blank\" title=\"Klick, um auf Facebook zu teilen\"><span>Facebook<\/span><\/a><\/li><li class=\"share-jetpack-whatsapp\"><a rel=\"nofollow noopener noreferrer\" data-shared=\"\" class=\"share-jetpack-whatsapp sd-button share-icon\" href=\"https:\/\/www.brg9.at\/web\/?page_id=444&amp;share=jetpack-whatsapp\" target=\"_blank\" title=\"Klicken, um auf WhatsApp zu teilen\"><span>WhatsApp<\/span><\/a><\/li><li class=\"share-print\"><a rel=\"nofollow noopener noreferrer\" data-shared=\"\" class=\"share-print sd-button share-icon\" href=\"https:\/\/www.brg9.at\/web\/?page_id=444\" target=\"_blank\" title=\"Klicken zum Ausdrucken\"><span>Drucken<\/span><\/a><\/li><li class=\"share-end\"><\/li><\/ul><\/div><\/div><\/div>","protected":false},"author":4,"featured_media":0,"parent":0,"menu_order":0,"comment_status":"closed","ping_status":"closed","template":"","meta":{"ngg_post_thumbnail":0,"spay_email":""},"yoast_head":"<!-- This site is optimized with the Yoast SEO plugin v16.2 - https:\/\/yoast.com\/wordpress\/plugins\/seo\/ -->\n<title>\u00dcber uns - Leitbild &raquo; BRG9, Erich Fried Realgymnasium<\/title>\n<meta name=\"robots\" content=\"index, follow, max-snippet:-1, max-image-preview:large, max-video-preview:-1\" \/>\n<link rel=\"canonical\" href=\"https:\/\/www.brg9.at\/web\/?page_id=444\" \/>\n<meta property=\"og:locale\" content=\"de_DE\" \/>\n<meta property=\"og:type\" content=\"article\" \/>\n<meta property=\"og:title\" content=\"\u00dcber uns - Leitbild &raquo; BRG9, Erich Fried Realgymnasium\" \/>\n<meta property=\"og:description\" content=\"\u00dcber uns Das Erich Fried Realgymnasium umfasst 21 Klassen mit rund 560 Sch\u00fclerInnen und wird von einem engagierten Team aus 65 Lehrkr\u00e4ften getragen. In der Unterstufe f\u00fchren wir&nbsp;drei Klassen pro Jahrgang, darunter eine DLP-Klasse mit verst\u00e4rktem Englischunterricht in den Naturwissenschaften. Ab der 4. Klasse besuchen die Sch\u00fclerInnen einen unserer beiden Zweige &#8211; das Realgymnasium oder &hellip; &#8222;\u00dcber uns &#8211; Leitbild&#8220; weiterlesen\" \/>\n<meta property=\"og:url\" content=\"https:\/\/www.brg9.at\/web\/?page_id=444\" \/>\n<meta property=\"og:site_name\" content=\"BRG9, Erich Fried Realgymnasium\" \/>\n<meta property=\"article:modified_time\" content=\"2025-06-08T20:56:16+00:00\" \/>\n<meta property=\"og:image\" content=\"https:\/\/www.brg9.at\/web\/wp-content\/uploads\/2016\/03\/fried2_fmt-387x600.png\" \/>\n<meta name=\"twitter:card\" content=\"summary\" \/>\n<meta name=\"twitter:label1\" content=\"Gesch\u00e4tzte Lesezeit\">\n\t<meta name=\"twitter:data1\" content=\"2 Minuten\">\n<script type=\"application\/ld+json\" class=\"yoast-schema-graph\">{\"@context\":\"https:\/\/schema.org\",\"@graph\":[{\"@type\":\"WebSite\",\"@id\":\"https:\/\/www.brg9.at\/web\/#website\",\"url\":\"https:\/\/www.brg9.at\/web\/\",\"name\":\"BRG9, Erich Fried Realgymnasium\",\"description\":\"Die Website des BRG9 - Erich Fried Realgymnasium. Wien 9, Glasergasse 25.\",\"potentialAction\":[{\"@type\":\"SearchAction\",\"target\":\"https:\/\/www.brg9.at\/web\/?s={search_term_string}\",\"query-input\":\"required name=search_term_string\"}],\"inLanguage\":\"de-DE\"},{\"@type\":\"ImageObject\",\"@id\":\"https:\/\/www.brg9.at\/web\/?page_id=444#primaryimage\",\"inLanguage\":\"de-DE\",\"url\":\"https:\/\/www.brg9.at\/web\/wp-content\/uploads\/2016\/03\/fried2_fmt.png\",\"contentUrl\":\"https:\/\/www.brg9.at\/web\/wp-content\/uploads\/2016\/03\/fried2_fmt.png\",\"width\":439,\"height\":680},{\"@type\":\"WebPage\",\"@id\":\"https:\/\/www.brg9.at\/web\/?page_id=444#webpage\",\"url\":\"https:\/\/www.brg9.at\/web\/?page_id=444\",\"name\":\"\\u00dcber uns - Leitbild &raquo; BRG9, Erich Fried Realgymnasium\",\"isPartOf\":{\"@id\":\"https:\/\/www.brg9.at\/web\/#website\"},\"primaryImageOfPage\":{\"@id\":\"https:\/\/www.brg9.at\/web\/?page_id=444#primaryimage\"},\"datePublished\":\"2016-03-20T17:55:09+00:00\",\"dateModified\":\"2025-06-08T20:56:16+00:00\",\"breadcrumb\":{\"@id\":\"https:\/\/www.brg9.at\/web\/?page_id=444#breadcrumb\"},\"inLanguage\":\"de-DE\",\"potentialAction\":[{\"@type\":\"ReadAction\",\"target\":[\"https:\/\/www.brg9.at\/web\/?page_id=444\"]}]},{\"@type\":\"BreadcrumbList\",\"@id\":\"https:\/\/www.brg9.at\/web\/?page_id=444#breadcrumb\",\"itemListElement\":[{\"@type\":\"ListItem\",\"position\":1,\"item\":{\"@type\":\"WebPage\",\"@id\":\"https:\/\/www.brg9.at\/web\/\",\"url\":\"https:\/\/www.brg9.at\/web\/\",\"name\":\"Home\"}},{\"@type\":\"ListItem\",\"position\":2,\"item\":{\"@id\":\"https:\/\/www.brg9.at\/web\/?page_id=444#webpage\"}}]}]}<\/script>\n<!-- \/ Yoast SEO plugin. -->","jetpack_sharing_enabled":true,"_links":{"self":[{"href":"https:\/\/www.brg9.at\/web\/index.php?rest_route=\/wp\/v2\/pages\/444"}],"collection":[{"href":"https:\/\/www.brg9.at\/web\/index.php?rest_route=\/wp\/v2\/pages"}],"about":[{"href":"https:\/\/www.brg9.at\/web\/index.php?rest_route=\/wp\/v2\/types\/page"}],"author":[{"embeddable":true,"href":"https:\/\/www.brg9.at\/web\/index.php?rest_route=\/wp\/v2\/users\/4"}],"replies":[{"embeddable":true,"href":"https:\/\/www.brg9.at\/web\/index.php?rest_route=%2Fwp%2Fv2%2Fcomments&post=444"}],"version-history":[{"count":77,"href":"https:\/\/www.brg9.at\/web\/index.php?rest_route=\/wp\/v2\/pages\/444\/revisions"}],"predecessor-version":[{"id":15833,"href":"https:\/\/www.brg9.at\/web\/index.php?rest_route=\/wp\/v2\/pages\/444\/revisions\/15833"}],"wp:attachment":[{"href":"https:\/\/www.brg9.at\/web\/index.php?rest_route=%2Fwp%2Fv2%2Fmedia&parent=444"}],"curies":[{"name":"wp","href":"https:\/\/api.w.org\/{rel}","templated":true}]}}