{"id":46,"date":"2016-02-11T11:53:06","date_gmt":"2016-02-11T10:53:06","guid":{"rendered":"http:\/\/www.brg9.at\/~wordpress\/?page_id=46"},"modified":"2025-10-07T14:25:42","modified_gmt":"2025-10-07T12:25:42","slug":"unterstufe","status":"publish","type":"page","link":"https:\/\/www.brg9.at\/web\/?page_id=46","title":{"rendered":"Unterstufe"},"content":{"rendered":"<p><span style=\"color: #ad0052;\">FRAGEN stellen und ANTWORTEN suchen<br><\/span>Auseinandersetzung mit uns und der Welt, in der wir leben: Ich und Wir, Vertrautes und Fremdes, Recht und Unrecht, Frieden und Gewalt, Liebe und Sexualit\u00e4t, Problemreflexion und Zukunftsvision. Das sind die Themen, die sich in verschiedenen Projekten und Lernfeldern finden. Unsere thematischen Leitlinien f\u00fcr die einzelnen Jahrg\u00e4nge finden Sie unter PROJECTS in unserer ausf\u00fchrlicheren Unterstufen-Modellbeschreibung.<\/p>\n<p><span style=\"color: #ad0052;\">SPRACHEN lernen<\/span><br>Dual Language Programme (DLP): verst\u00e4rktes Englischangebot in einer Klasse jedes Jahrgangs.<br>Freifachangebot ab der 3. Klasse: Franz\u00f6sisch und Spanisch.<\/p>\n<p><span style=\"color: #ad0052;\">EXPERIMENTIEREN, FORSCHEN, PROJEKTE<\/span><br>Forschender, handlungsorientierter Unterricht in Biologie, Chemie und Physik.<br>Selbstst\u00e4ndiges Experimentieren in der 2. Klasse in Physik, in der 3. Klasse in Biologie und in der 4. Klasse in Chemie.<br>Technisches Labor in der 4. Klasse als Kooperation zwischen Physik und Technik und Design. Projektorientierter Unterricht im Fach Wirtschaft, Innovation und Nachhaltigkeit in der 4. Klasse im wirtschaftskundlichen Realgymnasium (wikuRG)&nbsp;<\/p>\n<p><span style=\"color: #d10062;\">DIGITALE GRUNDBILDUNG<\/span><br>Der im Schuljahr 2022\/23 neu eingef\u00fchrte Unterrichtsgegenstand Digitale Grundbildung wird an unserer Schule von der 1. bis zur 4. Klasse in Kleingruppen oder im Teamteaching unterrichtet.<\/p>\n<p><span style=\"color: #d10062;\">REALGYMNASIUM (RG) ODER WIRTSCHAFTSKUNDLICHES REALGYMNASIUM (wikuRG)<\/span><br>Ab dem Schuljahr 2025\/26 entscheiden sich unsere Sch\u00fclerinnen und Sch\u00fcler der 3. Klassen im J\u00e4nner des jeweiligen Schuljahres, welchen Zweig sie in der 4. Klasse und auch nachfolgend in der Oberstufe besuchen wollen. Je nach Wahl erg\u00e4nzt dann in der 4. Klasse der neue Unterrichtsgegenstand Geometrisches Zeichnen (RG) oder Wirtschaft, Innovation und Nachhaltigkeit (wikuRG) den F\u00e4cherkanon. Die Klassen bleiben trotz der Wahl im jeweiligen Klassenverband und werden typengemischt weitergef\u00fchrt.&nbsp;&nbsp;<\/p>\n<p><span style=\"color: #d10062;\">STUNDENTAFEL UNTERSTUFE<\/span><br>In welchem Jahrgang welcher Unterricht besucht wird, entnehmen Sie bitte der <a href=\"https:\/\/www.brg9.at\/web\/wp-content\/uploads\/2025\/10\/Stundentafel-US_ab_2026_2027.pdf\" target=\"_blank\" rel=\"noopener\">Stundentafel<\/a>.<\/p>\n<p><a class=\"button yellow\" href=\"https:\/\/www.brg9.at\/web\/wp-content\/uploads\/2022\/12\/grosser-Unterstufenfolder-22_09_22.pdf\" target=\"_blank\" rel=\"noopener noreferrer\">Gesamtfolder zur Unterstufe<\/a><\/p>\n\n\n<p><\/p>\n<div class=\"sharedaddy sd-sharing-enabled\"><div class=\"robots-nocontent sd-block sd-social sd-social-icon-text sd-sharing\"><h3 class=\"sd-title\">Diesen Inhalt teilen:<\/h3><div class=\"sd-content\"><ul><li class=\"share-facebook\"><a rel=\"nofollow noopener noreferrer\" data-shared=\"sharing-facebook-46\" class=\"share-facebook sd-button share-icon\" href=\"https:\/\/www.brg9.at\/web\/?page_id=46&amp;share=facebook\" target=\"_blank\" title=\"Klick, um auf Facebook zu teilen\"><span>Facebook<\/span><\/a><\/li><li class=\"share-jetpack-whatsapp\"><a rel=\"nofollow noopener noreferrer\" data-shared=\"\" class=\"share-jetpack-whatsapp sd-button share-icon\" href=\"https:\/\/www.brg9.at\/web\/?page_id=46&amp;share=jetpack-whatsapp\" target=\"_blank\" title=\"Klicken, um auf WhatsApp zu teilen\"><span>WhatsApp<\/span><\/a><\/li><li class=\"share-print\"><a rel=\"nofollow noopener noreferrer\" data-shared=\"\" class=\"share-print sd-button share-icon\" href=\"https:\/\/www.brg9.at\/web\/?page_id=46\" target=\"_blank\" title=\"Klicken zum Ausdrucken\"><span>Drucken<\/span><\/a><\/li><li class=\"share-end\"><\/li><\/ul><\/div><\/div><\/div>","protected":false},"excerpt":{"rendered":"<p>FRAGEN stellen und ANTWORTEN suchenAuseinandersetzung mit uns und der Welt, in der wir leben: Ich und Wir, Vertrautes und Fremdes, Recht und Unrecht, Frieden und Gewalt, Liebe und Sexualit\u00e4t, Problemreflexion und Zukunftsvision. Das sind die Themen, die sich in verschiedenen Projekten und Lernfeldern finden. Unsere thematischen Leitlinien f\u00fcr die einzelnen Jahrg\u00e4nge finden Sie unter PROJECTS &hellip; <a href=\"https:\/\/www.brg9.at\/web\/?page_id=46\" class=\"more-link\"><span class=\"screen-reader-text\">&#8222;Unterstufe&#8220; <\/span>weiterlesen<\/a><\/p>\n<div class=\"sharedaddy sd-sharing-enabled\"><div class=\"robots-nocontent sd-block sd-social sd-social-icon-text sd-sharing\"><h3 class=\"sd-title\">Diesen Inhalt teilen:<\/h3><div class=\"sd-content\"><ul><li class=\"share-facebook\"><a rel=\"nofollow noopener noreferrer\" data-shared=\"sharing-facebook-46\" class=\"share-facebook sd-button share-icon\" href=\"https:\/\/www.brg9.at\/web\/?page_id=46&amp;share=facebook\" target=\"_blank\" title=\"Klick, um auf Facebook zu teilen\"><span>Facebook<\/span><\/a><\/li><li class=\"share-jetpack-whatsapp\"><a rel=\"nofollow noopener noreferrer\" data-shared=\"\" class=\"share-jetpack-whatsapp sd-button share-icon\" href=\"https:\/\/www.brg9.at\/web\/?page_id=46&amp;share=jetpack-whatsapp\" target=\"_blank\" title=\"Klicken, um auf WhatsApp zu teilen\"><span>WhatsApp<\/span><\/a><\/li><li class=\"share-print\"><a rel=\"nofollow noopener noreferrer\" data-shared=\"\" class=\"share-print sd-button share-icon\" href=\"https:\/\/www.brg9.at\/web\/?page_id=46\" target=\"_blank\" title=\"Klicken zum Ausdrucken\"><span>Drucken<\/span><\/a><\/li><li class=\"share-end\"><\/li><\/ul><\/div><\/div><\/div>","protected":false},"author":1,"featured_media":0,"parent":0,"menu_order":0,"comment_status":"closed","ping_status":"closed","template":"","meta":{"ngg_post_thumbnail":0,"spay_email":""},"yoast_head":"<!-- This site is optimized with the Yoast SEO plugin v16.2 - https:\/\/yoast.com\/wordpress\/plugins\/seo\/ -->\n<title>Unterstufe &raquo; BRG9, Erich Fried Realgymnasium<\/title>\n<meta name=\"robots\" content=\"index, follow, max-snippet:-1, max-image-preview:large, max-video-preview:-1\" \/>\n<link rel=\"canonical\" href=\"https:\/\/www.brg9.at\/web\/?page_id=46\" \/>\n<meta property=\"og:locale\" content=\"de_DE\" \/>\n<meta property=\"og:type\" content=\"article\" \/>\n<meta property=\"og:title\" content=\"Unterstufe &raquo; BRG9, Erich Fried Realgymnasium\" \/>\n<meta property=\"og:description\" content=\"FRAGEN stellen und ANTWORTEN suchenAuseinandersetzung mit uns und der Welt, in der wir leben: Ich und Wir, Vertrautes und Fremdes, Recht und Unrecht, Frieden und Gewalt, Liebe und Sexualit\u00e4t, Problemreflexion und Zukunftsvision. Das sind die Themen, die sich in verschiedenen Projekten und Lernfeldern finden. Unsere thematischen Leitlinien f\u00fcr die einzelnen Jahrg\u00e4nge finden Sie unter PROJECTS &hellip; &#8222;Unterstufe&#8220; weiterlesen\" \/>\n<meta property=\"og:url\" content=\"https:\/\/www.brg9.at\/web\/?page_id=46\" \/>\n<meta property=\"og:site_name\" content=\"BRG9, Erich Fried Realgymnasium\" \/>\n<meta property=\"article:modified_time\" content=\"2025-10-07T12:25:42+00:00\" \/>\n<meta property=\"og:image\" content=\"https:\/\/www.brg9.at\/web\/wp-content\/uploads\/2016\/02\/brg9_solo_rgb_share.jpg\" \/>\n\t<meta property=\"og:image:width\" content=\"800\" \/>\n\t<meta property=\"og:image:height\" content=\"600\" \/>\n<meta name=\"twitter:card\" content=\"summary\" \/>\n<meta name=\"twitter:label1\" content=\"Gesch\u00e4tzte Lesezeit\">\n\t<meta name=\"twitter:data1\" content=\"2 Minuten\">\n<script type=\"application\/ld+json\" class=\"yoast-schema-graph\">{\"@context\":\"https:\/\/schema.org\",\"@graph\":[{\"@type\":\"WebSite\",\"@id\":\"https:\/\/www.brg9.at\/web\/#website\",\"url\":\"https:\/\/www.brg9.at\/web\/\",\"name\":\"BRG9, Erich Fried Realgymnasium\",\"description\":\"Die Website des BRG9 - Erich Fried Realgymnasium. Wien 9, Glasergasse 25.\",\"potentialAction\":[{\"@type\":\"SearchAction\",\"target\":\"https:\/\/www.brg9.at\/web\/?s={search_term_string}\",\"query-input\":\"required name=search_term_string\"}],\"inLanguage\":\"de-DE\"},{\"@type\":\"WebPage\",\"@id\":\"https:\/\/www.brg9.at\/web\/?page_id=46#webpage\",\"url\":\"https:\/\/www.brg9.at\/web\/?page_id=46\",\"name\":\"Unterstufe &raquo; BRG9, Erich Fried Realgymnasium\",\"isPartOf\":{\"@id\":\"https:\/\/www.brg9.at\/web\/#website\"},\"datePublished\":\"2016-02-11T10:53:06+00:00\",\"dateModified\":\"2025-10-07T12:25:42+00:00\",\"breadcrumb\":{\"@id\":\"https:\/\/www.brg9.at\/web\/?page_id=46#breadcrumb\"},\"inLanguage\":\"de-DE\",\"potentialAction\":[{\"@type\":\"ReadAction\",\"target\":[\"https:\/\/www.brg9.at\/web\/?page_id=46\"]}]},{\"@type\":\"BreadcrumbList\",\"@id\":\"https:\/\/www.brg9.at\/web\/?page_id=46#breadcrumb\",\"itemListElement\":[{\"@type\":\"ListItem\",\"position\":1,\"item\":{\"@type\":\"WebPage\",\"@id\":\"https:\/\/www.brg9.at\/web\/\",\"url\":\"https:\/\/www.brg9.at\/web\/\",\"name\":\"Home\"}},{\"@type\":\"ListItem\",\"position\":2,\"item\":{\"@id\":\"https:\/\/www.brg9.at\/web\/?page_id=46#webpage\"}}]}]}<\/script>\n<!-- \/ Yoast SEO plugin. -->","jetpack_sharing_enabled":true,"_links":{"self":[{"href":"https:\/\/www.brg9.at\/web\/index.php?rest_route=\/wp\/v2\/pages\/46"}],"collection":[{"href":"https:\/\/www.brg9.at\/web\/index.php?rest_route=\/wp\/v2\/pages"}],"about":[{"href":"https:\/\/www.brg9.at\/web\/index.php?rest_route=\/wp\/v2\/types\/page"}],"author":[{"embeddable":true,"href":"https:\/\/www.brg9.at\/web\/index.php?rest_route=\/wp\/v2\/users\/1"}],"replies":[{"embeddable":true,"href":"https:\/\/www.brg9.at\/web\/index.php?rest_route=%2Fwp%2Fv2%2Fcomments&post=46"}],"version-history":[{"count":27,"href":"https:\/\/www.brg9.at\/web\/index.php?rest_route=\/wp\/v2\/pages\/46\/revisions"}],"predecessor-version":[{"id":16407,"href":"https:\/\/www.brg9.at\/web\/index.php?rest_route=\/wp\/v2\/pages\/46\/revisions\/16407"}],"wp:attachment":[{"href":"https:\/\/www.brg9.at\/web\/index.php?rest_route=%2Fwp%2Fv2%2Fmedia&parent=46"}],"curies":[{"name":"wp","href":"https:\/\/api.w.org\/{rel}","templated":true}]}}