{"id":531,"date":"2016-03-18T09:30:18","date_gmt":"2016-03-18T08:30:18","guid":{"rendered":"http:\/\/www.brg9.at\/web\/?page_id=531"},"modified":"2016-03-22T10:11:15","modified_gmt":"2016-03-22T09:11:15","slug":"dr-madeleine-petrovic-grussbotschaft","status":"publish","type":"page","link":"https:\/\/www.brg9.at\/web\/?page_id=531","title":{"rendered":"Dr. Madeleine Petrovic Gru\u00dfbotschaft"},"content":{"rendered":"<p>Ich freue mich sehr, da\u00df das Gymnasium Glasergasse nun Erich-Fried-Gymnasium hei\u00dfen soll, denn Erich Fried besa\u00df die Gr\u00f6\u00dfe zur Auss\u00f6hnung. Er, der von den Nazis vertrieben wurde, kam dennoch zur\u00fcck nach \u00d6sterreich und war ein kritischer und aufmerksamer Beobachter dieses Landes, ein politischer Schrifsteller und unbequemer Geist im besten Sinne des Wortes. Seine Gedichte in ihrer oft lakonischen K\u00fcrze bedeuten mir viel, denn er verstand es oft in wenigen Worten Wahrheiten blo\u00dfzulegen, vor denen sich andere in lange S\u00e4tze fl\u00fcchten, um sie nicht sehen zu m\u00fcssen.<br \/>\nBesonders freut es mich, da\u00df diese Benennung nicht &#8222;von oben&#8220; erfolgt ist, sondern auf eine Initiative der Sch\u00fclerInnen und LehrerInnen des Gymnasiums selbst zur\u00fcckgeht. Aus der Auseinandersetzung mit der Pers\u00f6nlichkeit Erich Frieds entstand die Idee, dieses Gymnasium mit seinem Namen zu versehen und zugleich wurde von den Sch\u00fclerInnen und LehrerInnen ein Gedenkraum im Bezirksmuseum mitgestaltet.<br \/>\nErich Fried wurde wegen seines Judentums von den Nazis ins Exil vertrieben.<br \/>\nEr steht damit f\u00fcr ein gerade auch am Alsergrund einst existierendes j\u00fcdisches Leben, das leider kaum mehr existiert. Seine Name repr\u00e4sentiert damit die L\u00fccke, die in diesem Bezirk durch die Nazis gerissen wurde, eine L\u00fccke, die auch heute noch besteht. Uns bleibt nur die Erinnerung und das Ank\u00e4mpfen gegen das Vergessen und die Verdr\u00e4ngung.<br \/>\nWenn diese Schule in Zukunft Erich-Fried-Gymnasium hei\u00dfen wird, so ist das ein lebendiges Zeichen der Erinnerung. Da\u00df die Sch\u00fclerInnen und LehrerInnen dieses Zeichen gesetzt haben, daf\u00fcr m\u00f6chte ich Ihnen danken.<\/p>\n<p><em><span style=\"color: #d10062;\">Madeleine Petrovic<\/span><\/em><br \/>\n<span style=\"color: #d10062;\"> Klubobfrau der Gr\u00fcnen<\/span><\/p>\n<div class=\"sharedaddy sd-sharing-enabled\"><div class=\"robots-nocontent sd-block sd-social sd-social-icon-text sd-sharing\"><h3 class=\"sd-title\">Diesen Inhalt teilen:<\/h3><div class=\"sd-content\"><ul><li class=\"share-facebook\"><a rel=\"nofollow noopener noreferrer\" data-shared=\"sharing-facebook-531\" class=\"share-facebook sd-button share-icon\" href=\"https:\/\/www.brg9.at\/web\/?page_id=531&amp;share=facebook\" target=\"_blank\" title=\"Klick, um auf Facebook zu teilen\"><span>Facebook<\/span><\/a><\/li><li class=\"share-jetpack-whatsapp\"><a rel=\"nofollow noopener noreferrer\" data-shared=\"\" class=\"share-jetpack-whatsapp sd-button share-icon\" href=\"https:\/\/www.brg9.at\/web\/?page_id=531&amp;share=jetpack-whatsapp\" target=\"_blank\" title=\"Klicken, um auf WhatsApp zu teilen\"><span>WhatsApp<\/span><\/a><\/li><li class=\"share-print\"><a rel=\"nofollow noopener noreferrer\" data-shared=\"\" class=\"share-print sd-button share-icon\" href=\"https:\/\/www.brg9.at\/web\/?page_id=531\" target=\"_blank\" title=\"Klicken zum Ausdrucken\"><span>Drucken<\/span><\/a><\/li><li class=\"share-end\"><\/li><\/ul><\/div><\/div><\/div>","protected":false},"excerpt":{"rendered":"<p>Ich freue mich sehr, da\u00df das Gymnasium Glasergasse nun Erich-Fried-Gymnasium hei\u00dfen soll, denn Erich Fried besa\u00df die Gr\u00f6\u00dfe zur Auss\u00f6hnung. Er, der von den Nazis vertrieben wurde, kam dennoch zur\u00fcck nach \u00d6sterreich und war ein kritischer und aufmerksamer Beobachter dieses Landes, ein politischer Schrifsteller und unbequemer Geist im besten Sinne des Wortes. Seine Gedichte in &hellip; <a href=\"https:\/\/www.brg9.at\/web\/?page_id=531\" class=\"more-link\"><span class=\"screen-reader-text\">&#8222;Dr. Madeleine Petrovic Gru\u00dfbotschaft&#8220; <\/span>weiterlesen<\/a><\/p>\n<div class=\"sharedaddy sd-sharing-enabled\"><div class=\"robots-nocontent sd-block sd-social sd-social-icon-text sd-sharing\"><h3 class=\"sd-title\">Diesen Inhalt teilen:<\/h3><div class=\"sd-content\"><ul><li class=\"share-facebook\"><a rel=\"nofollow noopener noreferrer\" data-shared=\"sharing-facebook-531\" class=\"share-facebook sd-button share-icon\" href=\"https:\/\/www.brg9.at\/web\/?page_id=531&amp;share=facebook\" target=\"_blank\" title=\"Klick, um auf Facebook zu teilen\"><span>Facebook<\/span><\/a><\/li><li class=\"share-jetpack-whatsapp\"><a rel=\"nofollow noopener noreferrer\" data-shared=\"\" class=\"share-jetpack-whatsapp sd-button share-icon\" href=\"https:\/\/www.brg9.at\/web\/?page_id=531&amp;share=jetpack-whatsapp\" target=\"_blank\" title=\"Klicken, um auf WhatsApp zu teilen\"><span>WhatsApp<\/span><\/a><\/li><li class=\"share-print\"><a rel=\"nofollow noopener noreferrer\" data-shared=\"\" class=\"share-print sd-button share-icon\" href=\"https:\/\/www.brg9.at\/web\/?page_id=531\" target=\"_blank\" title=\"Klicken zum Ausdrucken\"><span>Drucken<\/span><\/a><\/li><li class=\"share-end\"><\/li><\/ul><\/div><\/div><\/div>","protected":false},"author":4,"featured_media":0,"parent":438,"menu_order":0,"comment_status":"closed","ping_status":"closed","template":"","meta":{"ngg_post_thumbnail":0,"spay_email":""},"yoast_head":"<!-- This site is optimized with the Yoast SEO plugin v16.2 - https:\/\/yoast.com\/wordpress\/plugins\/seo\/ -->\n<title>Dr. Madeleine Petrovic Gru\u00dfbotschaft &raquo; BRG9, Erich Fried Realgymnasium<\/title>\n<meta name=\"robots\" content=\"index, follow, max-snippet:-1, max-image-preview:large, max-video-preview:-1\" \/>\n<link rel=\"canonical\" href=\"https:\/\/www.brg9.at\/web\/?page_id=531\" \/>\n<meta property=\"og:locale\" content=\"de_DE\" \/>\n<meta property=\"og:type\" content=\"article\" \/>\n<meta property=\"og:title\" content=\"Dr. Madeleine Petrovic Gru\u00dfbotschaft &raquo; BRG9, Erich Fried Realgymnasium\" \/>\n<meta property=\"og:description\" content=\"Ich freue mich sehr, da\u00df das Gymnasium Glasergasse nun Erich-Fried-Gymnasium hei\u00dfen soll, denn Erich Fried besa\u00df die Gr\u00f6\u00dfe zur Auss\u00f6hnung. Er, der von den Nazis vertrieben wurde, kam dennoch zur\u00fcck nach \u00d6sterreich und war ein kritischer und aufmerksamer Beobachter dieses Landes, ein politischer Schrifsteller und unbequemer Geist im besten Sinne des Wortes. Seine Gedichte in &hellip; &#8222;Dr. Madeleine Petrovic Gru\u00dfbotschaft&#8220; weiterlesen\" \/>\n<meta property=\"og:url\" content=\"https:\/\/www.brg9.at\/web\/?page_id=531\" \/>\n<meta property=\"og:site_name\" content=\"BRG9, Erich Fried Realgymnasium\" \/>\n<meta property=\"article:modified_time\" content=\"2016-03-22T09:11:15+00:00\" \/>\n<meta property=\"og:image\" content=\"https:\/\/www.brg9.at\/web\/wp-content\/uploads\/2016\/02\/brg9_solo_rgb_share.jpg\" \/>\n\t<meta property=\"og:image:width\" content=\"800\" \/>\n\t<meta property=\"og:image:height\" content=\"600\" \/>\n<meta name=\"twitter:card\" content=\"summary\" \/>\n<meta name=\"twitter:label1\" content=\"Gesch\u00e4tzte Lesezeit\">\n\t<meta name=\"twitter:data1\" content=\"1 Minute\">\n<script type=\"application\/ld+json\" class=\"yoast-schema-graph\">{\"@context\":\"https:\/\/schema.org\",\"@graph\":[{\"@type\":\"WebSite\",\"@id\":\"https:\/\/www.brg9.at\/web\/#website\",\"url\":\"https:\/\/www.brg9.at\/web\/\",\"name\":\"BRG9, Erich Fried Realgymnasium\",\"description\":\"Die Website des BRG9 - Erich Fried Realgymnasium. Wien 9, Glasergasse 25.\",\"potentialAction\":[{\"@type\":\"SearchAction\",\"target\":\"https:\/\/www.brg9.at\/web\/?s={search_term_string}\",\"query-input\":\"required name=search_term_string\"}],\"inLanguage\":\"de-DE\"},{\"@type\":\"WebPage\",\"@id\":\"https:\/\/www.brg9.at\/web\/?page_id=531#webpage\",\"url\":\"https:\/\/www.brg9.at\/web\/?page_id=531\",\"name\":\"Dr. Madeleine Petrovic Gru\\u00dfbotschaft &raquo; BRG9, Erich Fried Realgymnasium\",\"isPartOf\":{\"@id\":\"https:\/\/www.brg9.at\/web\/#website\"},\"datePublished\":\"2016-03-18T08:30:18+00:00\",\"dateModified\":\"2016-03-22T09:11:15+00:00\",\"breadcrumb\":{\"@id\":\"https:\/\/www.brg9.at\/web\/?page_id=531#breadcrumb\"},\"inLanguage\":\"de-DE\",\"potentialAction\":[{\"@type\":\"ReadAction\",\"target\":[\"https:\/\/www.brg9.at\/web\/?page_id=531\"]}]},{\"@type\":\"BreadcrumbList\",\"@id\":\"https:\/\/www.brg9.at\/web\/?page_id=531#breadcrumb\",\"itemListElement\":[{\"@type\":\"ListItem\",\"position\":1,\"item\":{\"@type\":\"WebPage\",\"@id\":\"https:\/\/www.brg9.at\/web\/\",\"url\":\"https:\/\/www.brg9.at\/web\/\",\"name\":\"Home\"}},{\"@type\":\"ListItem\",\"position\":2,\"item\":{\"@type\":\"WebPage\",\"@id\":\"https:\/\/www.brg9.at\/web\/?page_id=438\",\"url\":\"https:\/\/www.brg9.at\/web\/?page_id=438\",\"name\":\"Erich Fried\"}},{\"@type\":\"ListItem\",\"position\":3,\"item\":{\"@id\":\"https:\/\/www.brg9.at\/web\/?page_id=531#webpage\"}}]}]}<\/script>\n<!-- \/ Yoast SEO plugin. -->","jetpack_sharing_enabled":true,"_links":{"self":[{"href":"https:\/\/www.brg9.at\/web\/index.php?rest_route=\/wp\/v2\/pages\/531"}],"collection":[{"href":"https:\/\/www.brg9.at\/web\/index.php?rest_route=\/wp\/v2\/pages"}],"about":[{"href":"https:\/\/www.brg9.at\/web\/index.php?rest_route=\/wp\/v2\/types\/page"}],"author":[{"embeddable":true,"href":"https:\/\/www.brg9.at\/web\/index.php?rest_route=\/wp\/v2\/users\/4"}],"replies":[{"embeddable":true,"href":"https:\/\/www.brg9.at\/web\/index.php?rest_route=%2Fwp%2Fv2%2Fcomments&post=531"}],"version-history":[{"count":2,"href":"https:\/\/www.brg9.at\/web\/index.php?rest_route=\/wp\/v2\/pages\/531\/revisions"}],"predecessor-version":[{"id":754,"href":"https:\/\/www.brg9.at\/web\/index.php?rest_route=\/wp\/v2\/pages\/531\/revisions\/754"}],"up":[{"embeddable":true,"href":"https:\/\/www.brg9.at\/web\/index.php?rest_route=\/wp\/v2\/pages\/438"}],"wp:attachment":[{"href":"https:\/\/www.brg9.at\/web\/index.php?rest_route=%2Fwp%2Fv2%2Fmedia&parent=531"}],"curies":[{"name":"wp","href":"https:\/\/api.w.org\/{rel}","templated":true}]}}