{"id":919,"date":"2016-04-01T21:10:36","date_gmt":"2016-04-01T19:10:36","guid":{"rendered":"http:\/\/www.brg9.at\/web\/?page_id=919"},"modified":"2025-11-05T12:20:57","modified_gmt":"2025-11-05T11:20:57","slug":"foerderungen","status":"publish","type":"page","link":"https:\/\/www.brg9.at\/web\/?page_id=919","title":{"rendered":"F\u00f6rderungen"},"content":{"rendered":"<p><strong>Finanzielle Unterst\u00fctzung durch den Elternverein<\/strong><\/p>\n<p style=\"text-align: justify;\"><strong>Aktuell: Sonderf\u00f6rderung f\u00fcr nachhaltiges Bahnreisen im Schuljahr 2025\/26<\/strong><br>Zus\u00e4tzlich zu den individuellen F\u00f6rderungen unterst\u00fctzt der Elternverein Klassen, die mit dem Zug reisen, mit 25% der Bahnkosten. Wir leisten somit als \u00d6kolog-Schule einen Beitrag zum umweltschonenden Reisen.<\/p>\n<p style=\"text-align: justify;\"><strong>Abwicklung eint\u00e4gige Klassenfahrten<\/strong>: Klassenvorst\u00e4nd:innen (KV) der jeweiligen Klasse k\u00f6nnen das digitale F\u00f6rderformular verwenden; hierbei bitte nur die zutreffenden Felder ausf\u00fcllen: Klasse, Reiseziel, Datum, unter Kosten nur die Bahnkosten angeben, Kontonummer des Reisekontos. Bitte an <a href=\"mailto:kassier@brg9.at\">\u201ekassier@brg9.at\u201c<\/a> senden. In Abweichung der sonstigen F\u00f6rderrichtlinien wird diese F\u00f6rderung <u>vor<\/u> der Reise ausgezahlt, also nach dem Beschluss des n\u00e4chsten Elternausschusses nach Einlangen des Antrags.<\/p>\n<p><strong>Unser Ziel: Jede:r Sch\u00fcler:in soll an jeder Klassenfahrt teilnehmen k\u00f6nnen.<\/strong><\/p>\n<p style=\"text-align: justify;\"><strong>Wie komme ich zu einer F\u00f6rderung?<br><\/strong>Wenn Sie Schwierigkeiten haben, f\u00fcr die Reisekosten Ihres Kindes aufzukommen, wenden Sie sich bitte vertrauensvoll an Ihre:n KV oder unseren Kassier (<a href=\"mailto:kassier@brg9.at\">kassier@brg9.at<\/a>).<\/p>\n<p style=\"text-align: justify;\"><strong>Schritt 1:<br><\/strong>Bei einer Reise mit mind. 5 Tagen: Zuerst suchen Sie bei der Bildungsdirektion an (Formulare liegen im Sekretariat auf, Best\u00e4tigung \u00fcber KV\/Lehrer:in notwendig).<\/p>\n<ul>\n<li style=\"text-align: justify;\">Auch wenn Ihr Antrag auf F\u00f6rderung von der Bildungsdirektion abgelehnt wird, suchen Sie bitte trotzdem \u00fcber das F\u00f6rderformular beim Elternverein an (auch zeitgleich m\u00f6glich).<\/li>\n<li>Formular bitte ausf\u00fcllen und digital per E-Mail an <a href=\"mailto:kassier@brg9.at\">kassier@brg9.at<\/a><\/li>\n<\/ul>\n<p><a href=\"https:\/\/www.brg9.at\/web\/wp-content\/uploads\/2025\/11\/Foerderung-Formular_202510.pdf\">F\u00f6rderung Formular<\/a><\/p>\n<ul>\n<li>Ihr Antrag wird diskret und anonym behandelt.<\/li>\n<\/ul>\n<p><strong>Schritt 2:<br><\/strong>Bei einer Reise unter 5 Tagen suchen Sie bitte <u>nur<\/u> \u00fcber das F\u00f6rderformular beim Elternverein an:<\/p>\n<p><a href=\"https:\/\/www.brg9.at\/web\/wp-content\/uploads\/2025\/11\/Foerderung-Formular_202510.pdf\">F\u00f6rderung Formular<\/a><\/p>\n<ul>\n<li>Formular bitte ausf\u00fcllen und digital per E-Mail an <a href=\"mailto:kassier@brg9.at\">kassier@brg9.at<\/a><\/li>\n<li>Ihr Antrag wird diskret und anonym behandelt.<\/li>\n<\/ul>\n<p style=\"text-align: justify;\"><strong>H\u00f6he der F\u00f6rderung<br><\/strong>In der Regel gew\u00e4hrt der Elternverein derzeit pro Kind 1\/3 der Veranstaltungskosten, gedeckelt mit maximal 165 Euro. Sollte im Einzelfall eine h\u00f6here F\u00f6rderung notwendig sein: bitte dennoch das Formular ausf\u00fcllen und zus\u00e4tzlich eine E-Mail an&nbsp;<a href=\"mailto:kassier@brg9.at\">kassier@brg9.at<\/a>&nbsp;mit einer kurzen Erl\u00e4uterung senden.<\/p>\n<p style=\"text-align: justify;\"><strong>Fristen<\/strong><br>Die Ansuchen m\u00fcssen <u>vor<\/u> Beginn der jeweiligen Veranstaltung gestellt werden. diese werden bei der n\u00e4chsten Elternausschuss-Sitzung, die mehrmals im Jahr stattfinden, anonym eingebracht und abgestimmt.<\/p>\n<p style=\"text-align: justify;\">Nach der Veranstaltung holt der EV die Best\u00e4tigung ein, dass die zu f\u00f6rdernden Sch\u00fcler:innen an der Veranstaltung teilgenommen haben. Danach wird die F\u00f6rderung \u00fcberwiesen.<\/p>\n<p><strong>Datenschutz ist uns wichtig!<\/strong><\/p>\n<p style=\"text-align: justify;\">F\u00fcr die Verarbeitung der F\u00f6rderansuchen werden alle angegebenen pers\u00f6nlichen Daten (Name, Kontonummer, etc) gespeichert; Zugang zu den pers\u00f6nlichen Daten haben nur Kassier:in oder stv. Kassier:in und Rechnungspr\u00fcfer:in. F\u00fcr allf\u00e4llige \u00dcberpr\u00fcfungen k\u00f6nnen die angegebenen pers\u00f6nlichen Daten verwendet werden. Bei der Abstimmung \u00fcber die Ansuchen im Elternausschuss werden keine pers\u00f6nlichen Daten bekannt gegeben. Der\/die Kassier:in enth\u00e4lt sich grunds\u00e4tzlich bei den Abstimmungen \u00fcber F\u00f6rderansuchen der Stimme.<\/p>\n<p><strong>L\u00f6schung der pers\u00f6nlichen Daten<br><\/strong>Nach Entlastung des Vorstands bei der Hauptversammlung im Herbst werden alle pers\u00f6nlichen Daten der F\u00f6rderansuchen des vergangenen Jahres in den Dokumenten des Elternvereins gel\u00f6scht. Allerdings bleiben die Daten der \u00dcberweisungen bei der Bank \u2013 und somit den Kontounterlagen \u2013 f\u00fcr die gesamte gesetzliche Aufbewahrungsdauer gespeichert.<\/p>\n<p>Mit besten Gr\u00fc\u00dfen,<br>Wolf-Dieter Turek, Kassier des Elternvereins (<a href=\"mailto:kassier@brg9.at\">kassier@brg9.at<\/a>)<br>Magdalena Dlugosz, Obfrau des Elternvereins (<a href=\"mailto:elternverein@brg9.at\">elternverein@brg9.at<\/a>)<\/p>\n<p>Version der Datenrichtlinien: Oktober 2025<\/p>\n\n\n<p><\/p>\n<div class=\"sharedaddy sd-sharing-enabled\"><div class=\"robots-nocontent sd-block sd-social sd-social-icon-text sd-sharing\"><h3 class=\"sd-title\">Diesen Inhalt teilen:<\/h3><div class=\"sd-content\"><ul><li class=\"share-facebook\"><a rel=\"nofollow noopener noreferrer\" data-shared=\"sharing-facebook-919\" class=\"share-facebook sd-button share-icon\" href=\"https:\/\/www.brg9.at\/web\/?page_id=919&amp;share=facebook\" target=\"_blank\" title=\"Klick, um auf Facebook zu teilen\"><span>Facebook<\/span><\/a><\/li><li class=\"share-jetpack-whatsapp\"><a rel=\"nofollow noopener noreferrer\" data-shared=\"\" class=\"share-jetpack-whatsapp sd-button share-icon\" href=\"https:\/\/www.brg9.at\/web\/?page_id=919&amp;share=jetpack-whatsapp\" target=\"_blank\" title=\"Klicken, um auf WhatsApp zu teilen\"><span>WhatsApp<\/span><\/a><\/li><li class=\"share-print\"><a rel=\"nofollow noopener noreferrer\" data-shared=\"\" class=\"share-print sd-button share-icon\" href=\"https:\/\/www.brg9.at\/web\/?page_id=919\" target=\"_blank\" title=\"Klicken zum Ausdrucken\"><span>Drucken<\/span><\/a><\/li><li class=\"share-end\"><\/li><\/ul><\/div><\/div><\/div>","protected":false},"excerpt":{"rendered":"<p>Der Elternverein des BRG9 unterst\u00fctzt Eltern, die Schwierigkeiten haben, f\u00fcr die Kosten von Schulveranstaltungen ihrer Kinder aufzukommen. <\/p>\n<div class=\"sharedaddy sd-sharing-enabled\"><div class=\"robots-nocontent sd-block sd-social sd-social-icon-text sd-sharing\"><h3 class=\"sd-title\">Diesen Inhalt teilen:<\/h3><div class=\"sd-content\"><ul><li class=\"share-facebook\"><a rel=\"nofollow noopener noreferrer\" data-shared=\"sharing-facebook-919\" class=\"share-facebook sd-button share-icon\" href=\"https:\/\/www.brg9.at\/web\/?page_id=919&amp;share=facebook\" target=\"_blank\" title=\"Klick, um auf Facebook zu teilen\"><span>Facebook<\/span><\/a><\/li><li class=\"share-jetpack-whatsapp\"><a rel=\"nofollow noopener noreferrer\" data-shared=\"\" class=\"share-jetpack-whatsapp sd-button share-icon\" href=\"https:\/\/www.brg9.at\/web\/?page_id=919&amp;share=jetpack-whatsapp\" target=\"_blank\" title=\"Klicken, um auf WhatsApp zu teilen\"><span>WhatsApp<\/span><\/a><\/li><li class=\"share-print\"><a rel=\"nofollow noopener noreferrer\" data-shared=\"\" class=\"share-print sd-button share-icon\" href=\"https:\/\/www.brg9.at\/web\/?page_id=919\" target=\"_blank\" title=\"Klicken zum Ausdrucken\"><span>Drucken<\/span><\/a><\/li><li class=\"share-end\"><\/li><\/ul><\/div><\/div><\/div>","protected":false},"author":8,"featured_media":0,"parent":788,"menu_order":0,"comment_status":"closed","ping_status":"closed","template":"","meta":{"ngg_post_thumbnail":0,"spay_email":""},"yoast_head":"<!-- This site is optimized with the Yoast SEO plugin v16.2 - https:\/\/yoast.com\/wordpress\/plugins\/seo\/ -->\n<title>F\u00f6rderungen &raquo; BRG9, Erich Fried Realgymnasium<\/title>\n<meta name=\"robots\" content=\"index, follow, max-snippet:-1, max-image-preview:large, max-video-preview:-1\" \/>\n<link rel=\"canonical\" href=\"https:\/\/www.brg9.at\/web\/?page_id=919\" \/>\n<meta property=\"og:locale\" content=\"de_DE\" \/>\n<meta property=\"og:type\" content=\"article\" \/>\n<meta property=\"og:title\" content=\"F\u00f6rderungen &raquo; BRG9, Erich Fried Realgymnasium\" \/>\n<meta property=\"og:description\" content=\"Der Elternverein des BRG9 unterst\u00fctzt Eltern, die Schwierigkeiten haben, f\u00fcr die Kosten von Schulveranstaltungen ihrer Kinder aufzukommen.\" \/>\n<meta property=\"og:url\" content=\"https:\/\/www.brg9.at\/web\/?page_id=919\" \/>\n<meta property=\"og:site_name\" content=\"BRG9, Erich Fried Realgymnasium\" \/>\n<meta property=\"article:modified_time\" content=\"2025-11-05T11:20:57+00:00\" \/>\n<meta property=\"og:image\" content=\"https:\/\/www.brg9.at\/web\/wp-content\/uploads\/2016\/02\/brg9_solo_rgb_share.jpg\" \/>\n\t<meta property=\"og:image:width\" content=\"800\" \/>\n\t<meta property=\"og:image:height\" content=\"600\" \/>\n<meta name=\"twitter:card\" content=\"summary\" \/>\n<meta name=\"twitter:label1\" content=\"Gesch\u00e4tzte Lesezeit\">\n\t<meta name=\"twitter:data1\" content=\"3 Minuten\">\n<script type=\"application\/ld+json\" class=\"yoast-schema-graph\">{\"@context\":\"https:\/\/schema.org\",\"@graph\":[{\"@type\":\"WebSite\",\"@id\":\"https:\/\/www.brg9.at\/web\/#website\",\"url\":\"https:\/\/www.brg9.at\/web\/\",\"name\":\"BRG9, Erich Fried Realgymnasium\",\"description\":\"Die Website des BRG9 - Erich Fried Realgymnasium. Wien 9, Glasergasse 25.\",\"potentialAction\":[{\"@type\":\"SearchAction\",\"target\":\"https:\/\/www.brg9.at\/web\/?s={search_term_string}\",\"query-input\":\"required name=search_term_string\"}],\"inLanguage\":\"de-DE\"},{\"@type\":\"WebPage\",\"@id\":\"https:\/\/www.brg9.at\/web\/?page_id=919#webpage\",\"url\":\"https:\/\/www.brg9.at\/web\/?page_id=919\",\"name\":\"F\\u00f6rderungen &raquo; BRG9, Erich Fried Realgymnasium\",\"isPartOf\":{\"@id\":\"https:\/\/www.brg9.at\/web\/#website\"},\"datePublished\":\"2016-04-01T19:10:36+00:00\",\"dateModified\":\"2025-11-05T11:20:57+00:00\",\"breadcrumb\":{\"@id\":\"https:\/\/www.brg9.at\/web\/?page_id=919#breadcrumb\"},\"inLanguage\":\"de-DE\",\"potentialAction\":[{\"@type\":\"ReadAction\",\"target\":[\"https:\/\/www.brg9.at\/web\/?page_id=919\"]}]},{\"@type\":\"BreadcrumbList\",\"@id\":\"https:\/\/www.brg9.at\/web\/?page_id=919#breadcrumb\",\"itemListElement\":[{\"@type\":\"ListItem\",\"position\":1,\"item\":{\"@type\":\"WebPage\",\"@id\":\"https:\/\/www.brg9.at\/web\/\",\"url\":\"https:\/\/www.brg9.at\/web\/\",\"name\":\"Home\"}},{\"@type\":\"ListItem\",\"position\":2,\"item\":{\"@type\":\"WebPage\",\"@id\":\"https:\/\/www.brg9.at\/web\/?page_id=788\",\"url\":\"https:\/\/www.brg9.at\/web\/?page_id=788\",\"name\":\"Elternverein\"}},{\"@type\":\"ListItem\",\"position\":3,\"item\":{\"@id\":\"https:\/\/www.brg9.at\/web\/?page_id=919#webpage\"}}]}]}<\/script>\n<!-- \/ Yoast SEO plugin. -->","jetpack_sharing_enabled":true,"_links":{"self":[{"href":"https:\/\/www.brg9.at\/web\/index.php?rest_route=\/wp\/v2\/pages\/919"}],"collection":[{"href":"https:\/\/www.brg9.at\/web\/index.php?rest_route=\/wp\/v2\/pages"}],"about":[{"href":"https:\/\/www.brg9.at\/web\/index.php?rest_route=\/wp\/v2\/types\/page"}],"author":[{"embeddable":true,"href":"https:\/\/www.brg9.at\/web\/index.php?rest_route=\/wp\/v2\/users\/8"}],"replies":[{"embeddable":true,"href":"https:\/\/www.brg9.at\/web\/index.php?rest_route=%2Fwp%2Fv2%2Fcomments&post=919"}],"version-history":[{"count":45,"href":"https:\/\/www.brg9.at\/web\/index.php?rest_route=\/wp\/v2\/pages\/919\/revisions"}],"predecessor-version":[{"id":16770,"href":"https:\/\/www.brg9.at\/web\/index.php?rest_route=\/wp\/v2\/pages\/919\/revisions\/16770"}],"up":[{"embeddable":true,"href":"https:\/\/www.brg9.at\/web\/index.php?rest_route=\/wp\/v2\/pages\/788"}],"wp:attachment":[{"href":"https:\/\/www.brg9.at\/web\/index.php?rest_route=%2Fwp%2Fv2%2Fmedia&parent=919"}],"curies":[{"name":"wp","href":"https:\/\/api.w.org\/{rel}","templated":true}]}}