{"id":9390,"date":"2022-04-27T19:55:32","date_gmt":"2022-04-27T17:55:32","guid":{"rendered":"https:\/\/www.brg9.at\/web\/?page_id=9390"},"modified":"2025-02-04T10:46:03","modified_gmt":"2025-02-04T09:46:03","slug":"foerderer-schulball","status":"publish","type":"page","link":"https:\/\/www.brg9.at\/web\/?page_id=9390","title":{"rendered":"F\u00f6rderer Schulball 2025"},"content":{"rendered":"\n<p class=\"has-medium-font-size\">Herzlichen Dank an die Sponsor:innen f\u00fcr die gro\u00dfz\u00fcgigen Tombola-Spenden beim Schulball des Erich Fried Gymnasiums.<\/p>\n\n\n\n<p><strong>Gastro &amp; Kulinarik<\/strong><br>B\u00e4ckerei Geier, Caffe a casa, Fladerei, Konditorei Ingrid B\u00fcrger, lieber Bio Lebensmittel, Swing Kitchen, Vettore, Vinothek St. Stephan, Xocolat<\/p>\n\n\n\n<p><strong>Apotheken &amp; Kosmetik<\/strong><br>Bahnhofsapotheke, Kumari Kosmetik, Apotheke St. Anna, Apotheke Vindobona, Apotheke zum Biber, Apotheke zur Austria<\/p>\n\n\n\n<p><strong>Fahrschule<\/strong><br>Fahrschule am Campus<\/p>\n\n\n\n<p><strong>B\u00fccher, Papeterie,<\/strong><br>Buch aktuell, Buchhandlung List, Miller Papierwaren, Oechsli Buch &amp; Papier, S\u00fcdwind Buchwelt<\/p>\n\n\n\n<p><strong>Freizeit &amp; Bildung<\/strong><br>Ballesterer, Boulder Bar, Fairplay, Schneiders, WKO, WIFI<\/p>\n\n\n\n<p><strong>Kultur<\/strong><br>Votivkino, Sigmund Freud Museum, Schauspielhaus Wien<\/p>\n\n\n\n<p><strong>Deko, Blumen &amp; Kleidung<\/strong><br>Werkhaus, Greenground, Zweigstelle Floristik<\/p>\n<div class=\"sharedaddy sd-sharing-enabled\"><div class=\"robots-nocontent sd-block sd-social sd-social-icon-text sd-sharing\"><h3 class=\"sd-title\">Diesen Inhalt teilen:<\/h3><div class=\"sd-content\"><ul><li class=\"share-facebook\"><a rel=\"nofollow noopener noreferrer\" data-shared=\"sharing-facebook-9390\" class=\"share-facebook sd-button share-icon\" href=\"https:\/\/www.brg9.at\/web\/?page_id=9390&amp;share=facebook\" target=\"_blank\" title=\"Klick, um auf Facebook zu teilen\"><span>Facebook<\/span><\/a><\/li><li class=\"share-jetpack-whatsapp\"><a rel=\"nofollow noopener noreferrer\" data-shared=\"\" class=\"share-jetpack-whatsapp sd-button share-icon\" href=\"https:\/\/www.brg9.at\/web\/?page_id=9390&amp;share=jetpack-whatsapp\" target=\"_blank\" title=\"Klicken, um auf WhatsApp zu teilen\"><span>WhatsApp<\/span><\/a><\/li><li class=\"share-print\"><a rel=\"nofollow noopener noreferrer\" data-shared=\"\" class=\"share-print sd-button share-icon\" href=\"https:\/\/www.brg9.at\/web\/?page_id=9390\" target=\"_blank\" title=\"Klicken zum Ausdrucken\"><span>Drucken<\/span><\/a><\/li><li class=\"share-end\"><\/li><\/ul><\/div><\/div><\/div>","protected":false},"excerpt":{"rendered":"<p>Herzlichen Dank an die Sponsor:innen f\u00fcr die gro\u00dfz\u00fcgigen Tombola-Spenden beim Schulball des Erich Fried Gymnasiums. Gastro &amp; KulinarikB\u00e4ckerei Geier, Caffe a casa, Fladerei, Konditorei Ingrid B\u00fcrger, lieber Bio Lebensmittel, Swing Kitchen, Vettore, Vinothek St. Stephan, Xocolat Apotheken &amp; KosmetikBahnhofsapotheke, Kumari Kosmetik, Apotheke St. Anna, Apotheke Vindobona, Apotheke zum Biber, Apotheke zur Austria FahrschuleFahrschule am Campus &hellip; <a href=\"https:\/\/www.brg9.at\/web\/?page_id=9390\" class=\"more-link\"><span class=\"screen-reader-text\">&#8222;F\u00f6rderer Schulball 2025&#8220; <\/span>weiterlesen<\/a><\/p>\n<div class=\"sharedaddy sd-sharing-enabled\"><div class=\"robots-nocontent sd-block sd-social sd-social-icon-text sd-sharing\"><h3 class=\"sd-title\">Diesen Inhalt teilen:<\/h3><div class=\"sd-content\"><ul><li class=\"share-facebook\"><a rel=\"nofollow noopener noreferrer\" data-shared=\"sharing-facebook-9390\" class=\"share-facebook sd-button share-icon\" href=\"https:\/\/www.brg9.at\/web\/?page_id=9390&amp;share=facebook\" target=\"_blank\" title=\"Klick, um auf Facebook zu teilen\"><span>Facebook<\/span><\/a><\/li><li class=\"share-jetpack-whatsapp\"><a rel=\"nofollow noopener noreferrer\" data-shared=\"\" class=\"share-jetpack-whatsapp sd-button share-icon\" href=\"https:\/\/www.brg9.at\/web\/?page_id=9390&amp;share=jetpack-whatsapp\" target=\"_blank\" title=\"Klicken, um auf WhatsApp zu teilen\"><span>WhatsApp<\/span><\/a><\/li><li class=\"share-print\"><a rel=\"nofollow noopener noreferrer\" data-shared=\"\" class=\"share-print sd-button share-icon\" href=\"https:\/\/www.brg9.at\/web\/?page_id=9390\" target=\"_blank\" title=\"Klicken zum Ausdrucken\"><span>Drucken<\/span><\/a><\/li><li class=\"share-end\"><\/li><\/ul><\/div><\/div><\/div>","protected":false},"author":7,"featured_media":0,"parent":0,"menu_order":0,"comment_status":"closed","ping_status":"closed","template":"","meta":{"ngg_post_thumbnail":0,"spay_email":""},"yoast_head":"<!-- This site is optimized with the Yoast SEO plugin v16.2 - https:\/\/yoast.com\/wordpress\/plugins\/seo\/ -->\n<title>F\u00f6rderer Schulball 2025 &raquo; BRG9, Erich Fried Realgymnasium<\/title>\n<meta name=\"robots\" content=\"index, follow, max-snippet:-1, max-image-preview:large, max-video-preview:-1\" \/>\n<link rel=\"canonical\" href=\"https:\/\/www.brg9.at\/web\/?page_id=9390\" \/>\n<meta property=\"og:locale\" content=\"de_DE\" \/>\n<meta property=\"og:type\" content=\"article\" \/>\n<meta property=\"og:title\" content=\"F\u00f6rderer Schulball 2025 &raquo; BRG9, Erich Fried Realgymnasium\" \/>\n<meta property=\"og:description\" content=\"Herzlichen Dank an die Sponsor:innen f\u00fcr die gro\u00dfz\u00fcgigen Tombola-Spenden beim Schulball des Erich Fried Gymnasiums. Gastro &amp; KulinarikB\u00e4ckerei Geier, Caffe a casa, Fladerei, Konditorei Ingrid B\u00fcrger, lieber Bio Lebensmittel, Swing Kitchen, Vettore, Vinothek St. Stephan, Xocolat Apotheken &amp; KosmetikBahnhofsapotheke, Kumari Kosmetik, Apotheke St. Anna, Apotheke Vindobona, Apotheke zum Biber, Apotheke zur Austria FahrschuleFahrschule am Campus &hellip; &#8222;F\u00f6rderer Schulball 2025&#8220; weiterlesen\" \/>\n<meta property=\"og:url\" content=\"https:\/\/www.brg9.at\/web\/?page_id=9390\" \/>\n<meta property=\"og:site_name\" content=\"BRG9, Erich Fried Realgymnasium\" \/>\n<meta property=\"article:modified_time\" content=\"2025-02-04T09:46:03+00:00\" \/>\n<meta property=\"og:image\" content=\"https:\/\/www.brg9.at\/web\/wp-content\/uploads\/2016\/02\/brg9_solo_rgb_share.jpg\" \/>\n\t<meta property=\"og:image:width\" content=\"800\" \/>\n\t<meta property=\"og:image:height\" content=\"600\" \/>\n<meta name=\"twitter:card\" content=\"summary\" \/>\n<meta name=\"twitter:label1\" content=\"Gesch\u00e4tzte Lesezeit\">\n\t<meta name=\"twitter:data1\" content=\"1 Minute\">\n<script type=\"application\/ld+json\" class=\"yoast-schema-graph\">{\"@context\":\"https:\/\/schema.org\",\"@graph\":[{\"@type\":\"WebSite\",\"@id\":\"https:\/\/www.brg9.at\/web\/#website\",\"url\":\"https:\/\/www.brg9.at\/web\/\",\"name\":\"BRG9, Erich Fried Realgymnasium\",\"description\":\"Die Website des BRG9 - Erich Fried Realgymnasium. Wien 9, Glasergasse 25.\",\"potentialAction\":[{\"@type\":\"SearchAction\",\"target\":\"https:\/\/www.brg9.at\/web\/?s={search_term_string}\",\"query-input\":\"required name=search_term_string\"}],\"inLanguage\":\"de-DE\"},{\"@type\":\"WebPage\",\"@id\":\"https:\/\/www.brg9.at\/web\/?page_id=9390#webpage\",\"url\":\"https:\/\/www.brg9.at\/web\/?page_id=9390\",\"name\":\"F\\u00f6rderer Schulball 2025 &raquo; BRG9, Erich Fried Realgymnasium\",\"isPartOf\":{\"@id\":\"https:\/\/www.brg9.at\/web\/#website\"},\"datePublished\":\"2022-04-27T17:55:32+00:00\",\"dateModified\":\"2025-02-04T09:46:03+00:00\",\"breadcrumb\":{\"@id\":\"https:\/\/www.brg9.at\/web\/?page_id=9390#breadcrumb\"},\"inLanguage\":\"de-DE\",\"potentialAction\":[{\"@type\":\"ReadAction\",\"target\":[\"https:\/\/www.brg9.at\/web\/?page_id=9390\"]}]},{\"@type\":\"BreadcrumbList\",\"@id\":\"https:\/\/www.brg9.at\/web\/?page_id=9390#breadcrumb\",\"itemListElement\":[{\"@type\":\"ListItem\",\"position\":1,\"item\":{\"@type\":\"WebPage\",\"@id\":\"https:\/\/www.brg9.at\/web\/\",\"url\":\"https:\/\/www.brg9.at\/web\/\",\"name\":\"Home\"}},{\"@type\":\"ListItem\",\"position\":2,\"item\":{\"@id\":\"https:\/\/www.brg9.at\/web\/?page_id=9390#webpage\"}}]}]}<\/script>\n<!-- \/ Yoast SEO plugin. -->","jetpack_sharing_enabled":true,"_links":{"self":[{"href":"https:\/\/www.brg9.at\/web\/index.php?rest_route=\/wp\/v2\/pages\/9390"}],"collection":[{"href":"https:\/\/www.brg9.at\/web\/index.php?rest_route=\/wp\/v2\/pages"}],"about":[{"href":"https:\/\/www.brg9.at\/web\/index.php?rest_route=\/wp\/v2\/types\/page"}],"author":[{"embeddable":true,"href":"https:\/\/www.brg9.at\/web\/index.php?rest_route=\/wp\/v2\/users\/7"}],"replies":[{"embeddable":true,"href":"https:\/\/www.brg9.at\/web\/index.php?rest_route=%2Fwp%2Fv2%2Fcomments&post=9390"}],"version-history":[{"count":4,"href":"https:\/\/www.brg9.at\/web\/index.php?rest_route=\/wp\/v2\/pages\/9390\/revisions"}],"predecessor-version":[{"id":15015,"href":"https:\/\/www.brg9.at\/web\/index.php?rest_route=\/wp\/v2\/pages\/9390\/revisions\/15015"}],"wp:attachment":[{"href":"https:\/\/www.brg9.at\/web\/index.php?rest_route=%2Fwp%2Fv2%2Fmedia&parent=9390"}],"curies":[{"name":"wp","href":"https:\/\/api.w.org\/{rel}","templated":true}]}}